{"id":887,"date":"2023-06-02T15:07:16","date_gmt":"2023-06-02T18:07:16","guid":{"rendered":"https:\/\/cantodasaguas.beeweb.net.br\/?page_id=887"},"modified":"2026-04-27T10:24:34","modified_gmt":"2026-04-27T13:24:34","slug":"datenschutzrichtlinie","status":"publish","type":"page","link":"https:\/\/lencois.com.br\/de\/politica-de-privacidade\/","title":{"rendered":"Datenschutzrichtlinie"},"content":{"rendered":"<div data-elementor-type=\"wp-page\" data-elementor-id=\"887\" class=\"elementor elementor-887\" data-elementor-post-type=\"page\">\n\t\t\t\t\t\t<section class=\"elementor-section elementor-top-section elementor-element elementor-element-c3b81bc elementor-section-boxed elementor-section-height-default elementor-section-height-default\" data-id=\"c3b81bc\" data-element_type=\"section\" data-e-type=\"section\">\n\t\t\t\t\t\t<div class=\"elementor-container elementor-column-gap-default\">\n\t\t\t\t\t<div class=\"elementor-column elementor-col-100 elementor-top-column elementor-element elementor-element-db4dcdc\" data-id=\"db4dcdc\" data-element_type=\"column\" data-e-type=\"column\">\n\t\t\t<div class=\"elementor-widget-wrap elementor-element-populated\">\n\t\t\t\t\t\t<div class=\"elementor-element elementor-element-aadaaa1 elementor-widget elementor-widget-text-editor\" data-id=\"aadaaa1\" data-element_type=\"widget\" data-e-type=\"widget\" data-widget_type=\"text-editor.default\">\n\t\t\t\t<div class=\"elementor-widget-container\">\n\t\t\t\t\t\t\t\t\t<p>Datenschutzrichtlinie und Schutz personenbezogener Daten<\/p><p>Bitte lesen Sie diese Datenschutzerkl\u00e4rung f\u00fcr Hotelg\u00e4ste sorgf\u00e4ltig durch, bevor Sie Ihre \u201cpersonenbezogenen Daten\u201d angeben, d. h. alle Informationen, die in irgendeinem Format gesammelt und gespeichert werden und Sie pers\u00f6nlich identifizieren, sei es direkt (z. B. Name) oder indirekt (z. B. Telefonnummer).<\/p><p>Die Datenschutzrichtlinien f\u00fcr Hotelg\u00e4ste sind Teil der Gesch\u00e4ftsbedingungen, die die Hoteldienstleistungen regeln. Durch die Annahme dieser Gesch\u00e4ftsbedingungen erkl\u00e4ren Sie sich ausdr\u00fccklich mit den Datenschutzrichtlinien f\u00fcr Hotelg\u00e4ste einverstanden.<\/p><p>Die Datenschutzrichtlinien f\u00fcr Hotelg\u00e4ste gelten f\u00fcr:<\/p><p>a. Alle vom Hotel implementierten Datenverarbeitungsvorg\u00e4nge.<\/p><p>b. Die gesamte Website, Landingpage, das Buchungssystem und sogar die sozialen Medien dieses Hotels.<\/p><p>1. In Erf\u00fcllung des Gesetzes 13709\/2018 \u00fcber den Schutz und die Verarbeitung personenbezogener Daten informiert das Hotel den Nutzer seiner Webseiten dar\u00fcber, dass die \u00fcber diese Website durch entsprechende Formulare oder erhaltene E-Mails bereitgestellten Daten, die als personenbezogene Daten gelten, absolut freiwillig und ohne Beeintr\u00e4chtigung der Qualit\u00e4t der erbrachten Dienstleistungen zur Verf\u00fcgung gestellt werden, sofern nicht anders angegeben.<\/p><p>personenbezogene Daten<\/p><p>Als Hotelgast werden Sie zu verschiedenen Zeiten gebeten, pers\u00f6nliche Informationen \u00fcber sich selbst und Ihre Begleiter anzugeben, wie zum Beispiel:<\/p><p>Kontaktinformationen, z. B.: Name, Telefonnummern, E-Mail-Adressen, Postleitzahlen usw.;<br \/>Weitere pers\u00f6nliche Details: Geburtsdatum, Nationalit\u00e4t;<br \/>Informationen \u00fcber die Kinder: Name, Geburtsdatum und Alter;<br \/>Kreditkarteninformationen (nur in transaktionalen Systemen)<br \/>Nummern von Treueprogramm-Mitgliedskarten;<br \/>Datum der Ankunft und Abreise\/des Besuchs in unserem Hotel;<br \/>Pr\u00e4ferenzen und Interessen, wie rauchfreies oder Raucherzimmer, bevorzugte Zimmerlage (niedrige Etage, hohe Etage etc.), Betttyp, bevorzugte Zeitung, kulturelle und sportliche Interessen;<br \/>Sollten w\u00e4hrend oder nach Ihrem Aufenthalt in unserem Hotel Fragen oder Anmerkungen aufkommen.<\/p><p>Dar\u00fcber hinaus k\u00f6nnen je nach geltendem Recht auch andere Daten \u00fcber die oben genannten hinaus als vertrauliche Daten gelten: Kreditkartennummer, Freizeitgewohnheiten, Hobbys und pers\u00f6nliche Aktivit\u00e4ten, kulturelle Gewohnheiten, Angabe, ob Raucher oder Nichtraucher, usw. Dennoch kann es notwendig sein, diese als vertraulich eingestuften Daten zu sammeln, um Ihre Anfrage zu bearbeiten oder Ihnen spezielle Dienstleistungen anzubieten, wie z. B. eine spezielle Di\u00e4t oder Einrichtungen f\u00fcr Menschen mit Behinderungen.<\/p><p>In diesem Fall, falls gesetzlich vorgeschrieben, werden wir Sie um Ihre ausdr\u00fcckliche Zustimmung bitten, diese sensiblen Informationen zu erheben und zu verarbeiten.<\/p><p>Diese Daten werden gem\u00e4\u00df den gesetzlichen Bestimmungen in einer automatisierten Datenbank des Hotels aufgenommen. .<\/p><p>Personenbezogene Daten k\u00f6nnen unter bestimmten Umst\u00e4nden erhoben werden, einschlie\u00dflich, aber nicht beschr\u00e4nkt auf die folgenden:<\/p><p>a. Aktivit\u00e4ten im Gastgewerbe, wie zum Beispiel:<\/p><p>Hotelzimmerreservierung;<br \/>Einchecken und Auschecken;<br \/>Verbrauch w\u00e4hrend des Aufenthalts in einem Hotel, der durch die \u00dcberwachung der Zimmerpreise berechnet werden kann;<br \/>Beschwerden, Anfragen und\/oder Diskussionen.<br \/>b. Teilnahme an kommerziellen Programmen:<\/p><p>Registrierung im Hotel-Treueprogramm;<br \/>Beitrag mit G\u00e4stebewertungen und\/oder Kommentaren (z. B. \u201cG\u00e4stebewertung\u201d, \u201cKontaktieren Sie uns\u201d, \u201cG\u00e4stekommentare\u201d);<br \/>Wettbewerbe;<br \/>Anmeldung zu Newslettern, um Angebote oder Werbeaktionen per E-Mail zu erhalten.<br \/>c. Bereitstellung von Informationen durch Dritte, die Dienstleister sind:<\/p><p>Tourismusagenten, Reiseb\u00fcros, GDS-Reservierungssysteme, andere\u2026<br \/>d. Internetaktivit\u00e4ten:<\/p><p>Verbindungen zu Hotel-Websites (IP-Adresse, Sitzungs-Cookies);<br \/>Ausf\u00fcllen von Online-Sammelformularen (z. B. Online-Buchungen, Frageb\u00f6gen usw.)<\/p><p>3. Der Benutzer stimmt der automatischen Verarbeitung und Nutzung seiner Daten zu und wird dar\u00fcber informiert, dass diese zum Zweck der Beantwortung seiner Informationsanfrage, der Verwaltung der Verbreitung von ihm \u00fcbermitteltem audiovisuellen und grafischen Materials sowie, falls zutreffend, der bestehenden vertraglichen Beziehung erfolgt. Ebenso wird er \u00fcber Produkte, Dienstleistungen, Veranstaltungskalender und alle Aktivit\u00e4ten des Hotels informiert.<\/p><p>Wir bem\u00fchen uns, Ihnen die bestm\u00f6gliche Servicequalit\u00e4t zu bieten. Wir werden Ihre pers\u00f6nlichen Daten f\u00fcr die folgenden Zwecke verwenden:<\/p><p>a. Verwalten Sie Ihre Reservierungen:<\/p><p>Buchen Sie die gew\u00fcnschte Unterkunft;<br \/>Gesch\u00e4ftsunterlagen erstellen und f\u00fchren sowie finanzielle Anforderungen erf\u00fcllen;<br \/>Interne Verwaltungsprozesse durchf\u00fchren; einschlie\u00dflich der Verwaltung einer Liste unerw\u00fcnschter G\u00e4ste, was bei Nichtzahlung der Geb\u00fchr, unangemessenem Verhalten usw. passiert.<br \/>b. Ihren Aufenthalt im Hotel verwalten:<\/p><p>Verbrauch kontrollieren (Telefon, Bar, Internet, Pay-TV\u2026);<br \/>Zugriff auf Zimmer.<br \/>c. Die Gastfreundschaft verbessern, einschlie\u00dflich:<\/p><p>Ihre pers\u00f6nlichen Daten im Kundenbeziehungsmanagementprogramm verarbeiten;<br \/>Ihre Bed\u00fcrfnisse und Anfragen besser kennenlernen;<br \/>Produkte und Dienstleistungen personalisieren, um Ihre Vorlieben besser zu erf\u00fcllen.<br \/>d. Newsletter, Werbe- und Gesch\u00e4ftsmaterialien zu versenden oder Sie bez\u00fcglich Tourismus, Gastgewerbe und Dienstleistungen, Hotelangeboten oder unseren Partnern zu kontaktieren. Sie k\u00f6nnen den Empfang unserer Newsletter per E-Mail abbestellen, indem Sie auf einen Link in einer unserer Nachrichten klicken.<\/p><p>e. Verbesserung der Hoteldienstleistungen, einschlie\u00dflich:<\/p><p>Recherchen durchf\u00fchren und Frageb\u00f6gen, Kommentare sowie \u00fcbliche Aktivit\u00e4ten der G\u00e4ste analysieren<br \/>G\u00e4stebeschwerden verwalten.<br \/>Erm\u00f6glichen Sie Ihnen, unser Treueprogramm zu genie\u00dfen<br \/>f. Verbesserung und Erh\u00f6hung der Sicherheit der Nutzung unserer Website, einschlie\u00dflich:<\/p><p>Die Website-Navigation verbessern und;<br \/>Sicherheits- und Betrugspr\u00e4ventionsma\u00dfnahmen implementieren.<br \/>g. Mit den lokalen Vorschriften \u00fcbereinstimmen (z. B. Aufbewahrung von Gesch\u00e4fts- oder Buchhaltungsunterlagen).<\/p><p>4. Die Nutzer gew\u00e4hrleisten und haften in jedem Fall f\u00fcr die Richtigkeit, Genauigkeit, G\u00fcltigkeit und Echtheit der bereitgestellten personenbezogenen Daten und verpflichten sich, diese stets auf dem neuesten Stand zu halten.<\/p><p>Des Weiteren ist im Falle, dass uns personenbezogene Daten Dritter zur Verf\u00fcgung gestellt werden, Ihre ausdr\u00fcckliche Zustimmung erforderlich. Sie m\u00fcssen die betroffenen Dateninhaber ausdr\u00fccklich \u00fcber die hierin enthaltenen Rechte und\/oder Verpflichtungen informieren und die Richtigkeit, Genauigkeit, G\u00fcltigkeit, Aktualit\u00e4t und Authentizit\u00e4t der genannten Daten anerkennen.<\/p><p>5. Der Nutzer erkl\u00e4rt sich ebenfalls damit einverstanden, \u00fcber die ihm nach geltendem Recht zustehenden Rechte informiert zu sein, n\u00e4mlich das Recht auf Auskunft, Zugang, Berichtigung, L\u00f6schung und Widerspruch bez\u00fcglich seiner Daten.<\/p><p>6. Das Hotel sammelt nicht absichtlich personenbezogene Daten von Kindern unter 18 Jahren, mit Ausnahme von Name, Geburtsdatum und Nationalit\u00e4t, die direkt von einem Erwachsenen im Namen des Kindes oder mit Zustimmung des Erwachsenen angegeben werden. Stellen Sie sicher, dass Ihre Kinder uns keine pers\u00f6nlichen Daten online oder auf andere Weise ohne Ihre Zustimmung mitteilen. Wenn Sie glauben, dass Ihr Kind uns pers\u00f6nliche Daten mitgeteilt hat, kontaktieren Sie uns bitte, damit wir diese l\u00f6schen k\u00f6nnen.<\/p><p>7. Das Hotel versichert, dass es die notwendigen und gesetzlich vorgeschriebenen Sicherheitsma\u00dfnahmen in seinen Einrichtungen, Systemen und Dateien getroffen hat, um auch die Sicherheit der Dateien zu gew\u00e4hrleisten, in denen personenbezogene Daten enthalten sind, und um deren Verlust, Missbrauch, Ver\u00e4nderung, unbefugten Zugriff und Diebstahl zu verhindern.<\/p><p>8. Dennoch, und unbeschadet des Vorstehenden, ist sich der Nutzer bewusst, dass die Sicherheit elektronischer Kommunikationen nicht unverwundbar ist.<\/p><p>9. Nichtsdestotrotz wird das Hotel den zust\u00e4ndigen \u00f6ffentlichen Beh\u00f6rden personenbezogene Daten und alle anderen Informationen, die ihm zur Verf\u00fcgung stehen oder \u00fcber seine Systeme zug\u00e4nglich sind und gem\u00e4\u00df den geltenden gesetzlichen Bestimmungen angefordert werden, offenlegen.<\/p><p>10. Der Nutzer erkl\u00e4rt sich ausdr\u00fccklich damit einverstanden, dass seine Daten f\u00fcr die in Absatz eins genannten Zwecke oder f\u00fcr andere Zwecke, mit denen das Hotel Kooperationsvereinbarungen abschlie\u00dft, und\/oder an deren Anbieter weitergegeben werden d\u00fcrfen.<\/p><p>11. Nichtsdestotrotz haben Sie das Recht, auf Ihre pers\u00f6nlichen Daten zuzugreifen, diese zu \u00e4ndern oder zu l\u00f6schen. Sie k\u00f6nnen der Verarbeitung Ihrer pers\u00f6nlichen Daten gem\u00e4\u00df den Datenschutzrichtlinien des Hotels widersprechen, sofern Sie berechtigte Gr\u00fcnde haben. Bitte beachten Sie jedoch, dass wir unter bestimmten Umst\u00e4nden nicht in der Lage sind, die von Ihnen gew\u00fcnschte Dienstleistung zu erbringen. Wenn Sie nicht w\u00fcnschen, dass diese Verarbeitung durchgef\u00fchrt wird, k\u00f6nnen Sie Ihren Wunsch an unsere physische Adresse mitteilen. Bis zu einer Mitteilung an das Hotel wird davon ausgegangen, dass die Zustimmung erteilt wurde.<\/p><p>12. Diese Datenschutzrichtlinien f\u00fcr Hotelg\u00e4ste k\u00f6nnen von Zeit zu Zeit aktualisiert werden, wie nachstehend angegeben. Wir bitten Sie daher, die Datenschutzrichtlinien regelm\u00e4\u00dfig und jedes Mal, wenn Sie eine Buchung in einem unserer Hotels vornehmen, zu lesen.<\/p><p>13. Sollten Zweifel hinsichtlich der Datenschutzrichtlinien der Hotelg\u00e4ste oder der allgemeinen Verarbeitung ihrer pers\u00f6nlichen Daten bestehen, kontaktieren Sie uns bitte wie im Abschnitt 11 angegeben.<\/p>\t\t\t\t\t\t\t\t<\/div>\n\t\t\t\t<\/div>\n\t\t\t\t\t<\/div>\n\t\t<\/div>\n\t\t\t\t\t<\/div>\n\t\t<\/section>\n\t\t\t\t<\/div>","protected":false},"excerpt":{"rendered":"<p>Pol\u00edtica de privacidade e prote\u00e7\u00e3o de dados pessoais Leia atentamente estas pol\u00edticas de privacidade dos h\u00f3spedes do hotel antes de fornecer suas \u201cInforma\u00e7\u00f5es pessoais\u201d, isto \u00e9, quaisquer informa\u00e7\u00f5es coletadas e registradas em qualquer formato que identifique Voc\u00ea pessoalmente, seja direta (por ex.: nome) ou indiretamente (por ex.: n\u00famero de telefone). As pol\u00edticas de privacidade dos [&hellip;]<\/p>\n","protected":false},"author":1,"featured_media":624,"parent":0,"menu_order":1,"comment_status":"closed","ping_status":"closed","template":"","meta":{"footnotes":""},"class_list":["post-887","page","type-page","status-publish","has-post-thumbnail","hentry"],"_links":{"self":[{"href":"https:\/\/lencois.com.br\/de\/wp-json\/wp\/v2\/pages\/887","targetHints":{"allow":["GET"]}}],"collection":[{"href":"https:\/\/lencois.com.br\/de\/wp-json\/wp\/v2\/pages"}],"about":[{"href":"https:\/\/lencois.com.br\/de\/wp-json\/wp\/v2\/types\/page"}],"author":[{"embeddable":true,"href":"https:\/\/lencois.com.br\/de\/wp-json\/wp\/v2\/users\/1"}],"replies":[{"embeddable":true,"href":"https:\/\/lencois.com.br\/de\/wp-json\/wp\/v2\/comments?post=887"}],"version-history":[{"count":4,"href":"https:\/\/lencois.com.br\/de\/wp-json\/wp\/v2\/pages\/887\/revisions"}],"predecessor-version":[{"id":4770,"href":"https:\/\/lencois.com.br\/de\/wp-json\/wp\/v2\/pages\/887\/revisions\/4770"}],"wp:featuredmedia":[{"embeddable":true,"href":"https:\/\/lencois.com.br\/de\/wp-json\/wp\/v2\/media\/624"}],"wp:attachment":[{"href":"https:\/\/lencois.com.br\/de\/wp-json\/wp\/v2\/media?parent=887"}],"curies":[{"name":"wp","href":"https:\/\/api.w.org\/{rel}","templated":true}]}}