{"id":222,"date":"2023-04-19T15:31:20","date_gmt":"2023-04-19T18:31:20","guid":{"rendered":"https:\/\/cantodasaguas.beeweb.net.br\/?page_id=222"},"modified":"2026-04-27T09:30:08","modified_gmt":"2026-04-27T12:30:08","slug":"accommodations","status":"publish","type":"page","link":"https:\/\/lencois.com.br\/en\/acomodacoes\/","title":{"rendered":"Accommodations"},"content":{"rendered":"\t\t<div data-elementor-type=\"wp-page\" data-elementor-id=\"222\" class=\"elementor elementor-222\" data-elementor-post-type=\"page\">\n\t\t\t\t<div class=\"elementor-element elementor-element-1f27e4f e-flex e-con-boxed e-con e-parent\" data-id=\"1f27e4f\" data-element_type=\"container\" data-e-type=\"container\" data-settings=\"{&quot;background_background&quot;:&quot;classic&quot;}\">\n\t\t\t\t\t<div class=\"e-con-inner\">\n\t\t\t\t\t<\/div>\n\t\t\t\t<\/div>\n\t\t<div class=\"elementor-element elementor-element-a4bc5c6 elementor-hidden-mobile e-flex e-con-boxed e-con e-parent\" data-id=\"a4bc5c6\" data-element_type=\"container\" data-e-type=\"container\" data-settings=\"{&quot;background_background&quot;:&quot;classic&quot;,&quot;sticky&quot;:&quot;top&quot;,&quot;sticky_offset&quot;:64,&quot;sticky_on&quot;:[&quot;desktop&quot;,&quot;tablet&quot;,&quot;mobile&quot;],&quot;sticky_effects_offset&quot;:0,&quot;sticky_anchor_link_offset&quot;:0}\">\n\t\t\t\t\t<div class=\"e-con-inner\">\n\t\t\t\t<div class=\"elementor-element elementor-element-d332b7e elementor-icon-list--layout-inline elementor-align-center menu-horizontal elementor-list-item-link-full_width elementor-widget elementor-widget-global elementor-global-3095 elementor-widget-icon-list\" data-id=\"d332b7e\" data-element_type=\"widget\" data-e-type=\"widget\" data-widget_type=\"icon-list.default\">\n\t\t\t\t<div class=\"elementor-widget-container\">\n\t\t\t\t\t\t\t<ul class=\"elementor-icon-list-items elementor-inline-items\">\n\t\t\t\t\t\t\t<li class=\"elementor-icon-list-item elementor-inline-item\">\n\t\t\t\t\t\t\t\t\t\t\t<a href=\"https:\/\/lencois.com.br\/en\">\n\n\t\t\t\t\t\t\t\t\t\t\t<span class=\"elementor-icon-list-text\"><span class=\"menu-horizontal__home\">Home<\/span><\/span>\n\t\t\t\t\t\t\t\t\t\t\t<\/a>\n\t\t\t\t\t\t\t\t\t<\/li>\n\t\t\t\t\t\t\t\t<li class=\"elementor-icon-list-item elementor-inline-item\">\n\t\t\t\t\t\t\t\t\t\t\t<a href=\"https:\/\/lencois.com.br\/acomodacoes\/\">\n\n\t\t\t\t\t\t\t\t\t\t\t<span class=\"elementor-icon-list-text\">Acomoda\u00e7\u00f5es<\/span>\n\t\t\t\t\t\t\t\t\t\t\t<\/a>\n\t\t\t\t\t\t\t\t\t<\/li>\n\t\t\t\t\t\t\t\t<li class=\"elementor-icon-list-item elementor-inline-item\">\n\t\t\t\t\t\t\t\t\t\t\t<a href=\"https:\/\/lencois.com.br\/restaurante\/\">\n\n\t\t\t\t\t\t\t\t\t\t\t<span class=\"elementor-icon-list-text\">Gastronomia<\/span>\n\t\t\t\t\t\t\t\t\t\t\t<\/a>\n\t\t\t\t\t\t\t\t\t<\/li>\n\t\t\t\t\t\t\t\t<li class=\"elementor-icon-list-item elementor-inline-item\">\n\t\t\t\t\t\t\t\t\t\t\t<a href=\"https:\/\/lencois.com.br\/mais-sustentabilidade\/\">\n\n\t\t\t\t\t\t\t\t\t\t\t<span class=\"elementor-icon-list-text\">Sustentabilidade<\/span>\n\t\t\t\t\t\t\t\t\t\t\t<\/a>\n\t\t\t\t\t\t\t\t\t<\/li>\n\t\t\t\t\t\t\t\t<li class=\"elementor-icon-list-item elementor-inline-item\">\n\t\t\t\t\t\t\t\t\t\t\t<a href=\"https:\/\/lencois.com.br\/experiencias\/\">\n\n\t\t\t\t\t\t\t\t\t\t\t<span class=\"elementor-icon-list-text\">Experi\u00eancias<\/span>\n\t\t\t\t\t\t\t\t\t\t\t<\/a>\n\t\t\t\t\t\t\t\t\t<\/li>\n\t\t\t\t\t\t\t\t<li class=\"elementor-icon-list-item elementor-inline-item\">\n\t\t\t\t\t\t\t\t\t\t\t<a href=\"https:\/\/lencois.com.br\/galeria-de-arte\/\">\n\n\t\t\t\t\t\t\t\t\t\t\t<span class=\"elementor-icon-list-text\">HOTEL ART GALLERY<\/span>\n\t\t\t\t\t\t\t\t\t\t\t<\/a>\n\t\t\t\t\t\t\t\t\t<\/li>\n\t\t\t\t\t\t<\/ul>\n\t\t\t\t\t\t<\/div>\n\t\t\t\t<\/div>\n\t\t\t\t\t<\/div>\n\t\t\t\t<\/div>\n\t\t<div class=\"elementor-element elementor-element-c2730f4 e-con-full e-flex e-con e-parent\" data-id=\"c2730f4\" data-element_type=\"container\" data-e-type=\"container\" data-settings=\"{&quot;background_background&quot;:&quot;classic&quot;}\">\n\t\t\t\t<div class=\"elementor-element elementor-element-50f90ff elementor-widget elementor-widget-heading\" data-id=\"50f90ff\" data-element_type=\"widget\" data-e-type=\"widget\" data-widget_type=\"heading.default\">\n\t\t\t\t<div class=\"elementor-widget-container\">\n\t\t\t\t\t<h1 class=\"elementor-heading-title elementor-size-medium\">ACOMODA\u00c7\u00d5ES<\/h1>\t\t\t\t<\/div>\n\t\t\t\t<\/div>\n\t\t<div class=\"elementor-element elementor-element-347c694 e-flex e-con-boxed e-con e-child\" data-id=\"347c694\" data-element_type=\"container\" data-e-type=\"container\">\n\t\t\t\t\t<div class=\"e-con-inner\">\n\t\t\t\t<div class=\"elementor-element elementor-element-f95a0cc elementor-widget elementor-widget-text-editor\" data-id=\"f95a0cc\" data-element_type=\"widget\" data-e-type=\"widget\" data-widget_type=\"text-editor.default\">\n\t\t\t\t<div class=\"elementor-widget-container\">\n\t\t\t\t\t\t\t\t\t<p>As acomoda\u00e7\u00f5es do Hotel Canto das \u00c1guas foram pensadas para diferentes maneiras de viver Len\u00e7\u00f3is e a Chapada Diamantina.<\/p><p>S\u00e3o 43 quartos e su\u00edtes no centro hist\u00f3rico, com op\u00e7\u00f5es para quem prefere o sil\u00eancio da ala interna, para quem deseja dormir ao som do Rio Len\u00e7\u00f3is, e para quem busca experi\u00eancias mais amplas, com hidromassagem ou piscina privativa. Todas compartilham o mesmo cuidado com conforto, identidade e rela\u00e7\u00e3o com o lugar. O que muda \u00e9 a forma de viver a estadia.<\/p><p>Escolha a categoria Diamante para experi\u00eancias mais amplas, com piscina privativa ou hidromassagem; Luxo para vista para o rio, varanda e maior conforto; Standard para uma estadia mais essencial, silenciosa e acolhedora.<\/p><p>Qual \u00e9 o seu canto?<\/p>\t\t\t\t\t\t\t\t<\/div>\n\t\t\t\t<\/div>\n\t\t\t\t\t<\/div>\n\t\t\t\t<\/div>\n\t\t<div class=\"elementor-element elementor-element-31004ef e-con-full e-flex e-con e-child\" data-id=\"31004ef\" data-element_type=\"container\" data-e-type=\"container\">\n\t\t<div class=\"elementor-element elementor-element-d4f5c22 e-con-full e-flex e-con e-child\" data-id=\"d4f5c22\" data-element_type=\"container\" data-e-type=\"container\">\n\t\t\t\t<div class=\"elementor-element elementor-element-412fbb4 elementor-widget elementor-widget-heading\" data-id=\"412fbb4\" data-element_type=\"widget\" data-e-type=\"widget\" data-widget_type=\"heading.default\">\n\t\t\t\t<div class=\"elementor-widget-container\">\n\t\t\t\t\t<h2 class=\"elementor-heading-title elementor-size-medium\"><a href=\"https:\/\/lencois.com.br\/diamante-suites-especiais\/\">Diamante<\/a><\/h2>\t\t\t\t<\/div>\n\t\t\t\t<\/div>\n\t\t\t\t<div class=\"elementor-element elementor-element-3048e1f elementor-hidden-desktop elementor-hidden-tablet elementor-widget elementor-widget-image\" data-id=\"3048e1f\" data-element_type=\"widget\" data-e-type=\"widget\" data-widget_type=\"image.default\">\n\t\t\t\t<div class=\"elementor-widget-container\">\n\t\t\t\t\t\t\t\t\t\t\t\t\t\t\t\t<a href=\"https:\/\/lencois.com.br\/diamante-suites-especiais\/\">\n\t\t\t\t\t\t\t<img fetchpriority=\"high\" decoding=\"async\" width=\"800\" height=\"400\" src=\"https:\/\/lencois.com.br\/wp-content\/uploads\/2026\/02\/DIAMANTE-SUITE-ENCANTO-05-1024x512.jpg\" class=\"elementor-animation-float attachment-large size-large wp-image-3130\" alt=\"\" srcset=\"https:\/\/lencois.com.br\/wp-content\/uploads\/2026\/02\/DIAMANTE-SUITE-ENCANTO-05-1024x512.jpg 1024w, https:\/\/lencois.com.br\/wp-content\/uploads\/2026\/02\/DIAMANTE-SUITE-ENCANTO-05-300x150.jpg 300w, https:\/\/lencois.com.br\/wp-content\/uploads\/2026\/02\/DIAMANTE-SUITE-ENCANTO-05-768x384.jpg 768w, https:\/\/lencois.com.br\/wp-content\/uploads\/2026\/02\/DIAMANTE-SUITE-ENCANTO-05-1536x768.jpg 1536w, https:\/\/lencois.com.br\/wp-content\/uploads\/2026\/02\/DIAMANTE-SUITE-ENCANTO-05.jpg 1920w\" sizes=\"(max-width: 800px) 100vw, 800px\" \/>\t\t\t\t\t\t\t\t<\/a>\n\t\t\t\t\t\t\t\t\t\t\t\t\t\t\t<\/div>\n\t\t\t\t<\/div>\n\t\t\t\t<div class=\"elementor-element elementor-element-8114ec2 elementor-widget elementor-widget-text-editor\" data-id=\"8114ec2\" data-element_type=\"widget\" data-e-type=\"widget\" data-widget_type=\"text-editor.default\">\n\t\t\t\t<div class=\"elementor-widget-container\">\n\t\t\t\t\t\t\t\t\t<p>Para quem busca mais espa\u00e7o, privacidade e experi\u00eancias especiais, com piscina privativa ou hidromassagem.<\/p>\t\t\t\t\t\t\t\t<\/div>\n\t\t\t\t<\/div>\n\t\t\t\t<\/div>\n\t\t<div class=\"elementor-element elementor-element-6195274 e-con-full e-flex e-con e-child\" data-id=\"6195274\" data-element_type=\"container\" data-e-type=\"container\">\n\t\t\t\t<div class=\"elementor-element elementor-element-94ca9ce elementor-widget elementor-widget-heading\" data-id=\"94ca9ce\" data-element_type=\"widget\" data-e-type=\"widget\" data-widget_type=\"heading.default\">\n\t\t\t\t<div class=\"elementor-widget-container\">\n\t\t\t\t\t<h2 class=\"elementor-heading-title elementor-size-medium\"><a href=\"https:\/\/lencois.com.br\/luxo\">Luxo<\/a><\/h2>\t\t\t\t<\/div>\n\t\t\t\t<\/div>\n\t\t\t\t<div class=\"elementor-element elementor-element-6b71249 elementor-hidden-desktop elementor-hidden-tablet elementor-widget elementor-widget-image\" data-id=\"6b71249\" data-element_type=\"widget\" data-e-type=\"widget\" data-widget_type=\"image.default\">\n\t\t\t\t<div class=\"elementor-widget-container\">\n\t\t\t\t\t\t\t\t\t\t\t\t\t\t\t\t<a href=\"https:\/\/lencois.com.br\/luxo\">\n\t\t\t\t\t\t\t<img decoding=\"async\" src=\"https:\/\/lencois.com.br\/wp-content\/uploads\/elementor\/thumbs\/LUXO-CANTO-DO-RIO-HIDRO-02-rmoi8776ui4nrig8xwx5cfc94f558k96zwzwk51b3k.jpg\" title=\"LUXO CANTO DO RIO HIDRO 02\" alt=\"LUXO CANTO DO RIO HIDRO 02\" class=\"elementor-animation-float\" loading=\"lazy\" \/>\t\t\t\t\t\t\t\t<\/a>\n\t\t\t\t\t\t\t\t\t\t\t\t\t\t\t<\/div>\n\t\t\t\t<\/div>\n\t\t\t\t<div class=\"elementor-element elementor-element-6a73ed3 elementor-widget elementor-widget-text-editor\" data-id=\"6a73ed3\" data-element_type=\"widget\" data-e-type=\"widget\" data-widget_type=\"text-editor.default\">\n\t\t\t\t<div class=\"elementor-widget-container\">\n\t\t\t\t\t\t\t\t\t<p>Para quem quer vista para o rio, varanda, conforto generoso e atmosfera contempor\u00e2nea.<\/p>\t\t\t\t\t\t\t\t<\/div>\n\t\t\t\t<\/div>\n\t\t\t\t<\/div>\n\t\t<div class=\"elementor-element elementor-element-9d555cc e-con-full e-flex e-con e-child\" data-id=\"9d555cc\" data-element_type=\"container\" data-e-type=\"container\">\n\t\t\t\t<div class=\"elementor-element elementor-element-8fb40cf elementor-widget elementor-widget-heading\" data-id=\"8fb40cf\" data-element_type=\"widget\" data-e-type=\"widget\" data-widget_type=\"heading.default\">\n\t\t\t\t<div class=\"elementor-widget-container\">\n\t\t\t\t\t<h2 class=\"elementor-heading-title elementor-size-medium\"><a href=\"https:\/\/lencois.com.br\/quartos-standard\/\">Standard<\/a><\/h2>\t\t\t\t<\/div>\n\t\t\t\t<\/div>\n\t\t\t\t<div class=\"elementor-element elementor-element-3495fec elementor-hidden-desktop elementor-hidden-tablet elementor-widget elementor-widget-image\" data-id=\"3495fec\" data-element_type=\"widget\" data-e-type=\"widget\" data-widget_type=\"image.default\">\n\t\t\t\t<div class=\"elementor-widget-container\">\n\t\t\t\t\t\t\t\t\t\t\t\t\t\t\t\t<a href=\"https:\/\/lencois.com.br\/quartos-standard\/\">\n\t\t\t\t\t\t\t<img decoding=\"async\" src=\"https:\/\/lencois.com.br\/wp-content\/uploads\/elementor\/thumbs\/STANDARD-CANTO-DA-MATA-01-rmoi8776ui4nrig8xwx5cfc94f558k96zwzwk51b3k.jpg\" title=\"STANDARD CANTO DA MATA 01\" alt=\"STANDARD CANTO DA MATA 01\" class=\"elementor-animation-float\" loading=\"lazy\" \/>\t\t\t\t\t\t\t\t<\/a>\n\t\t\t\t\t\t\t\t\t\t\t\t\t\t\t<\/div>\n\t\t\t\t<\/div>\n\t\t\t\t<div class=\"elementor-element elementor-element-ad72557 elementor-widget elementor-widget-text-editor\" data-id=\"ad72557\" data-element_type=\"widget\" data-e-type=\"widget\" data-widget_type=\"text-editor.default\">\n\t\t\t\t<div class=\"elementor-widget-container\">\n\t\t\t\t\t\t\t\t\t<p>Para quem valoriza sil\u00eancio, acolhimento e uma forma mais essencial de viver o hotel.<\/p>\t\t\t\t\t\t\t\t<\/div>\n\t\t\t\t<\/div>\n\t\t\t\t<\/div>\n\t\t\t\t<\/div>\n\t\t\t\t<\/div>\n\t\t<div class=\"elementor-element elementor-element-0e0bce5 e-con-full e-flex e-con e-parent\" data-id=\"0e0bce5\" data-element_type=\"container\" data-e-type=\"container\" data-settings=\"{&quot;background_background&quot;:&quot;classic&quot;}\">\n\t\t<div class=\"elementor-element elementor-element-d5fbc62 e-con-full e-flex e-con e-child\" data-id=\"d5fbc62\" data-element_type=\"container\" data-e-type=\"container\">\n\t\t\t\t<div class=\"elementor-element elementor-element-4843c72 elementor-hidden-mobile elementor-widget elementor-widget-image\" data-id=\"4843c72\" data-element_type=\"widget\" data-e-type=\"widget\" data-widget_type=\"image.default\">\n\t\t\t\t<div class=\"elementor-widget-container\">\n\t\t\t\t\t\t\t\t\t\t\t\t\t\t\t\t<a href=\"https:\/\/lencois.com.br\/diamante-suites-especiais\/\">\n\t\t\t\t\t\t\t<img fetchpriority=\"high\" decoding=\"async\" width=\"800\" height=\"400\" src=\"https:\/\/lencois.com.br\/wp-content\/uploads\/2026\/02\/DIAMANTE-SUITE-ENCANTO-05-1024x512.jpg\" class=\"elementor-animation-float attachment-large size-large wp-image-3130\" alt=\"\" srcset=\"https:\/\/lencois.com.br\/wp-content\/uploads\/2026\/02\/DIAMANTE-SUITE-ENCANTO-05-1024x512.jpg 1024w, https:\/\/lencois.com.br\/wp-content\/uploads\/2026\/02\/DIAMANTE-SUITE-ENCANTO-05-300x150.jpg 300w, https:\/\/lencois.com.br\/wp-content\/uploads\/2026\/02\/DIAMANTE-SUITE-ENCANTO-05-768x384.jpg 768w, https:\/\/lencois.com.br\/wp-content\/uploads\/2026\/02\/DIAMANTE-SUITE-ENCANTO-05-1536x768.jpg 1536w, https:\/\/lencois.com.br\/wp-content\/uploads\/2026\/02\/DIAMANTE-SUITE-ENCANTO-05.jpg 1920w\" sizes=\"(max-width: 800px) 100vw, 800px\" \/>\t\t\t\t\t\t\t\t<\/a>\n\t\t\t\t\t\t\t\t\t\t\t\t\t\t\t<\/div>\n\t\t\t\t<\/div>\n\t\t\t\t<\/div>\n\t\t<div class=\"elementor-element elementor-element-2e135d6 e-con-full e-flex e-con e-child\" data-id=\"2e135d6\" data-element_type=\"container\" data-e-type=\"container\">\n\t\t\t\t<div class=\"elementor-element elementor-element-63f72a0 elementor-hidden-mobile elementor-widget elementor-widget-image\" data-id=\"63f72a0\" data-element_type=\"widget\" data-e-type=\"widget\" data-widget_type=\"image.default\">\n\t\t\t\t<div class=\"elementor-widget-container\">\n\t\t\t\t\t\t\t\t\t\t\t\t\t\t\t\t<a href=\"https:\/\/lencois.com.br\/luxo\">\n\t\t\t\t\t\t\t<img decoding=\"async\" src=\"https:\/\/lencois.com.br\/wp-content\/uploads\/elementor\/thumbs\/LUXO-CANTO-DO-RIO-HIDRO-02-rmoi8776ui4nrig8xwx5cfc94f558k96zwzwk51b3k.jpg\" title=\"LUXO CANTO DO RIO HIDRO 02\" alt=\"LUXO CANTO DO RIO HIDRO 02\" class=\"elementor-animation-float\" loading=\"lazy\" \/>\t\t\t\t\t\t\t\t<\/a>\n\t\t\t\t\t\t\t\t\t\t\t\t\t\t\t<\/div>\n\t\t\t\t<\/div>\n\t\t\t\t<\/div>\n\t\t<div class=\"elementor-element elementor-element-12e204b e-con-full e-flex e-con e-child\" data-id=\"12e204b\" data-element_type=\"container\" data-e-type=\"container\">\n\t\t\t\t<div class=\"elementor-element elementor-element-617c8e2 elementor-hidden-mobile elementor-widget elementor-widget-image\" data-id=\"617c8e2\" data-element_type=\"widget\" data-e-type=\"widget\" data-widget_type=\"image.default\">\n\t\t\t\t<div class=\"elementor-widget-container\">\n\t\t\t\t\t\t\t\t\t\t\t\t\t\t\t\t<a href=\"https:\/\/lencois.com.br\/quartos-standard\/\">\n\t\t\t\t\t\t\t<img decoding=\"async\" src=\"https:\/\/lencois.com.br\/wp-content\/uploads\/elementor\/thumbs\/STANDARD-CANTO-DA-MATA-01-rmoi8776ui4nrig8xwx5cfc94f558k96zwzwk51b3k.jpg\" title=\"STANDARD CANTO DA MATA 01\" alt=\"STANDARD CANTO DA MATA 01\" class=\"elementor-animation-float\" loading=\"lazy\" \/>\t\t\t\t\t\t\t\t<\/a>\n\t\t\t\t\t\t\t\t\t\t\t\t\t\t\t<\/div>\n\t\t\t\t<\/div>\n\t\t\t\t<\/div>\n\t\t\t\t<\/div>\n\t\t<div class=\"elementor-element elementor-element-cce2d06 e-flex e-con-boxed e-con e-parent\" data-id=\"cce2d06\" data-element_type=\"container\" data-e-type=\"container\" data-settings=\"{&quot;background_background&quot;:&quot;classic&quot;}\">\n\t\t\t\t\t<div class=\"e-con-inner\">\n\t\t\t\t<div class=\"elementor-element elementor-element-421c82a elementor-align-center elementor-widget elementor-widget-global elementor-global-4322 elementor-widget-button\" data-id=\"421c82a\" data-element_type=\"widget\" data-e-type=\"widget\" data-widget_type=\"button.default\">\n\t\t\t\t<div class=\"elementor-widget-container\">\n\t\t\t\t\t\t\t\t\t<div class=\"elementor-button-wrapper\">\n\t\t\t\t\t<a class=\"elementor-button elementor-button-link elementor-size-md\" href=\"https:\/\/book.omnibees.com\/chain\/3664\" target=\"_blank\" rel=\"nofollow noopener\">\n\t\t\t\t\t\t<span class=\"elementor-button-content-wrapper\">\n\t\t\t\t\t\t\t\t\t<span class=\"elementor-button-text\">RESERVE SEU CANTO<\/span>\n\t\t\t\t\t<\/span>\n\t\t\t\t\t<\/a>\n\t\t\t\t<\/div>\n\t\t\t\t\t\t\t\t<\/div>\n\t\t\t\t<\/div>\n\t\t\t\t\t<\/div>\n\t\t\t\t<\/div>\n\t\t\t\t<\/div>\n\t\t","protected":false},"excerpt":{"rendered":"<p>Nossos 43 quartos t\u00eam a sua individualidade expressa nos detalhes. Cada um \u00e9 \u00fanico, pois cada h\u00f3spede \u00e9 \u00fanico. \u00c0s vezes, numa mesma categoria os quartos&#8230;<\/p>","protected":false},"author":1,"featured_media":4521,"parent":0,"menu_order":8,"comment_status":"closed","ping_status":"closed","template":"","meta":{"footnotes":""},"class_list":["post-222","page","type-page","status-publish","has-post-thumbnail","hentry"],"_links":{"self":[{"href":"https:\/\/lencois.com.br\/en\/wp-json\/wp\/v2\/pages\/222","targetHints":{"allow":["GET"]}}],"collection":[{"href":"https:\/\/lencois.com.br\/en\/wp-json\/wp\/v2\/pages"}],"about":[{"href":"https:\/\/lencois.com.br\/en\/wp-json\/wp\/v2\/types\/page"}],"author":[{"embeddable":true,"href":"https:\/\/lencois.com.br\/en\/wp-json\/wp\/v2\/users\/1"}],"replies":[{"embeddable":true,"href":"https:\/\/lencois.com.br\/en\/wp-json\/wp\/v2\/comments?post=222"}],"version-history":[{"count":177,"href":"https:\/\/lencois.com.br\/en\/wp-json\/wp\/v2\/pages\/222\/revisions"}],"predecessor-version":[{"id":4705,"href":"https:\/\/lencois.com.br\/en\/wp-json\/wp\/v2\/pages\/222\/revisions\/4705"}],"wp:featuredmedia":[{"embeddable":true,"href":"https:\/\/lencois.com.br\/en\/wp-json\/wp\/v2\/media\/4521"}],"wp:attachment":[{"href":"https:\/\/lencois.com.br\/en\/wp-json\/wp\/v2\/media?parent=222"}],"curies":[{"name":"wp","href":"https:\/\/api.w.org\/{rel}","templated":true}]}}