{"id":2109,"date":"2026-02-05T04:09:36","date_gmt":"2026-02-05T07:09:36","guid":{"rendered":"https:\/\/cantoaguas.beeweb.net.br\/?page_id=2109"},"modified":"2026-04-29T06:54:47","modified_gmt":"2026-04-29T09:54:47","slug":"chapada-diamantina","status":"publish","type":"page","link":"https:\/\/lencois.com.br\/es\/chapada-diamantina\/","title":{"rendered":"Chapada Diamantina"},"content":{"rendered":"\t\t<div data-elementor-type=\"wp-page\" data-elementor-id=\"2109\" class=\"elementor elementor-2109\" data-elementor-post-type=\"page\">\n\t\t\t\t<div class=\"elementor-element elementor-element-cf5c415 e-flex e-con-boxed e-con e-parent\" data-id=\"cf5c415\" data-element_type=\"container\" data-e-type=\"container\" data-settings=\"{&quot;background_background&quot;:&quot;classic&quot;}\">\n\t\t\t\t\t<div class=\"e-con-inner\">\n\t\t\t\t\t<\/div>\n\t\t\t\t<\/div>\n\t\t<div class=\"elementor-element elementor-element-a231a62 elementor-hidden-mobile e-flex e-con-boxed e-con e-parent\" data-id=\"a231a62\" data-element_type=\"container\" data-e-type=\"container\" data-settings=\"{&quot;background_background&quot;:&quot;classic&quot;,&quot;sticky&quot;:&quot;top&quot;,&quot;sticky_offset&quot;:64,&quot;sticky_on&quot;:[&quot;desktop&quot;,&quot;tablet&quot;,&quot;mobile&quot;],&quot;sticky_effects_offset&quot;:0,&quot;sticky_anchor_link_offset&quot;:0}\">\n\t\t\t\t\t<div class=\"e-con-inner\">\n\t\t\t\t<div class=\"elementor-element elementor-element-224d85e elementor-icon-list--layout-inline elementor-align-center menu-horizontal elementor-list-item-link-full_width elementor-widget elementor-widget-global elementor-global-3095 elementor-widget-icon-list\" data-id=\"224d85e\" data-element_type=\"widget\" data-e-type=\"widget\" data-widget_type=\"icon-list.default\">\n\t\t\t\t<div class=\"elementor-widget-container\">\n\t\t\t\t\t\t\t<ul class=\"elementor-icon-list-items elementor-inline-items\">\n\t\t\t\t\t\t\t<li class=\"elementor-icon-list-item elementor-inline-item\">\n\t\t\t\t\t\t\t\t\t\t\t<a href=\"https:\/\/lencois.com.br\/es\">\n\n\t\t\t\t\t\t\t\t\t\t\t<span class=\"elementor-icon-list-text\"><span class=\"menu-horizontal__home\">Home<\/span><\/span>\n\t\t\t\t\t\t\t\t\t\t\t<\/a>\n\t\t\t\t\t\t\t\t\t<\/li>\n\t\t\t\t\t\t\t\t<li class=\"elementor-icon-list-item elementor-inline-item\">\n\t\t\t\t\t\t\t\t\t\t\t<a href=\"https:\/\/lencois.com.br\/acomodacoes\/\">\n\n\t\t\t\t\t\t\t\t\t\t\t<span class=\"elementor-icon-list-text\">Acomoda\u00e7\u00f5es<\/span>\n\t\t\t\t\t\t\t\t\t\t\t<\/a>\n\t\t\t\t\t\t\t\t\t<\/li>\n\t\t\t\t\t\t\t\t<li class=\"elementor-icon-list-item elementor-inline-item\">\n\t\t\t\t\t\t\t\t\t\t\t<a href=\"https:\/\/lencois.com.br\/restaurante\/\">\n\n\t\t\t\t\t\t\t\t\t\t\t<span class=\"elementor-icon-list-text\">Gastronomia<\/span>\n\t\t\t\t\t\t\t\t\t\t\t<\/a>\n\t\t\t\t\t\t\t\t\t<\/li>\n\t\t\t\t\t\t\t\t<li class=\"elementor-icon-list-item elementor-inline-item\">\n\t\t\t\t\t\t\t\t\t\t\t<a href=\"https:\/\/lencois.com.br\/mais-sustentabilidade\/\">\n\n\t\t\t\t\t\t\t\t\t\t\t<span class=\"elementor-icon-list-text\">Sustentabilidade<\/span>\n\t\t\t\t\t\t\t\t\t\t\t<\/a>\n\t\t\t\t\t\t\t\t\t<\/li>\n\t\t\t\t\t\t\t\t<li class=\"elementor-icon-list-item elementor-inline-item\">\n\t\t\t\t\t\t\t\t\t\t\t<a href=\"https:\/\/lencois.com.br\/experiencias\/\">\n\n\t\t\t\t\t\t\t\t\t\t\t<span class=\"elementor-icon-list-text\">Experi\u00eancias<\/span>\n\t\t\t\t\t\t\t\t\t\t\t<\/a>\n\t\t\t\t\t\t\t\t\t<\/li>\n\t\t\t\t\t\t\t\t<li class=\"elementor-icon-list-item elementor-inline-item\">\n\t\t\t\t\t\t\t\t\t\t\t<a href=\"https:\/\/lencois.com.br\/galeria-de-arte\/\">\n\n\t\t\t\t\t\t\t\t\t\t\t<span class=\"elementor-icon-list-text\">HOTEL ART GALLERY<\/span>\n\t\t\t\t\t\t\t\t\t\t\t<\/a>\n\t\t\t\t\t\t\t\t\t<\/li>\n\t\t\t\t\t\t<\/ul>\n\t\t\t\t\t\t<\/div>\n\t\t\t\t<\/div>\n\t\t\t\t\t<\/div>\n\t\t\t\t<\/div>\n\t\t<div class=\"elementor-element elementor-element-edd794d e-con-full e-flex e-con e-parent\" data-id=\"edd794d\" data-element_type=\"container\" data-e-type=\"container\" data-settings=\"{&quot;background_background&quot;:&quot;classic&quot;}\">\n\t\t\t\t<div class=\"elementor-element elementor-element-58a758b elementor-widget elementor-widget-heading\" data-id=\"58a758b\" data-element_type=\"widget\" data-e-type=\"widget\" data-widget_type=\"heading.default\">\n\t\t\t\t<div class=\"elementor-widget-container\">\n\t\t\t\t\t<h1 class=\"elementor-heading-title elementor-size-medium\">Chapada Diamantina<\/h1>\t\t\t\t<\/div>\n\t\t\t\t<\/div>\n\t\t<div class=\"elementor-element elementor-element-d3f326c e-con-full e-flex e-con e-child\" data-id=\"d3f326c\" data-element_type=\"container\" data-e-type=\"container\">\n\t\t<div class=\"elementor-element elementor-element-a590565 e-flex e-con-boxed e-con e-child\" data-id=\"a590565\" data-element_type=\"container\" data-e-type=\"container\" data-settings=\"{&quot;sticky&quot;:&quot;top&quot;,&quot;sticky_parent&quot;:&quot;yes&quot;,&quot;sticky_offset&quot;:120,&quot;sticky_on&quot;:[&quot;desktop&quot;,&quot;tablet&quot;,&quot;mobile&quot;],&quot;sticky_effects_offset&quot;:0,&quot;sticky_anchor_link_offset&quot;:0}\">\n\t\t\t\t\t<div class=\"e-con-inner\">\n\t\t\t\t<div class=\"elementor-element elementor-element-01213ee elementor-widget elementor-widget-text-editor\" data-id=\"01213ee\" data-element_type=\"widget\" data-e-type=\"widget\" data-widget_type=\"text-editor.default\">\n\t\t\t\t<div class=\"elementor-widget-container\">\n\t\t\t\t\t\t\t\t\t<p>A Chapada Diamantina \u00e9 um dos grandes destinos de natureza do Brasil.<br \/>Considerada uma das regi\u00f5es mais belas e diversas do pa\u00eds, re\u00fane em um \u00fanico territ\u00f3rio montanhas, vales, rios de \u00e1guas transparentes, cachoeiras monumentais, grutas e cenotes de rara forma\u00e7\u00e3o geol\u00f3gica.<\/p>\t\t\t\t\t\t\t\t<\/div>\n\t\t\t\t<\/div>\n\t\t\t\t\t<\/div>\n\t\t\t\t<\/div>\n\t\t\t\t<\/div>\n\t\t<div class=\"elementor-element elementor-element-2df97f1 e-flex e-con-boxed e-con e-child\" data-id=\"2df97f1\" data-element_type=\"container\" data-e-type=\"container\" data-settings=\"{&quot;background_background&quot;:&quot;classic&quot;}\">\n\t\t\t\t\t<div class=\"e-con-inner\">\n\t\t<div class=\"elementor-element elementor-element-d0baa4e e-con-full e-flex e-con e-child\" data-id=\"d0baa4e\" data-element_type=\"container\" data-e-type=\"container\">\n\t\t\t\t<div class=\"elementor-element elementor-element-e2dc809 elementor-widget elementor-widget-text-editor\" data-id=\"e2dc809\" data-element_type=\"widget\" data-e-type=\"widget\" data-widget_type=\"text-editor.default\">\n\t\t\t\t<div class=\"elementor-widget-container\">\n\t\t\t\t\t\t\t\t\t<p>A variedade de experi\u00eancias \u00e9 um de seus maiores diferenciais. H\u00e1 trilhas curtas e acess\u00edveis, ideais para quem deseja contemplar a paisagem com conforto, assim como travessias longas e estruturadas, que podem durar at\u00e9 oito dias e cruzar o Parque Nacional da Chapada Diamantina por rotas hist\u00f3ricas do antigo garimpo. Entre um percurso e outro, surgem mirantes ic\u00f4nicos, piscinas naturais, c\u00e2nions e cavernas de quartzito \u00fanicas no mundo.<\/p>\t\t\t\t\t\t\t\t<\/div>\n\t\t\t\t<\/div>\n\t\t\t\t<\/div>\n\t\t<div class=\"elementor-element elementor-element-37ae6e3 e-con-full e-flex e-con e-child\" data-id=\"37ae6e3\" data-element_type=\"container\" data-e-type=\"container\">\n\t\t\t\t<div class=\"elementor-element elementor-element-20f5707 elementor-widget elementor-widget-gallery\" data-id=\"20f5707\" data-element_type=\"widget\" data-e-type=\"widget\" data-settings=\"{&quot;columns&quot;:3,&quot;columns_tablet&quot;:1,&quot;lazyload&quot;:&quot;yes&quot;,&quot;gallery_layout&quot;:&quot;grid&quot;,&quot;columns_mobile&quot;:1,&quot;gap&quot;:{&quot;unit&quot;:&quot;px&quot;,&quot;size&quot;:10,&quot;sizes&quot;:[]},&quot;gap_tablet&quot;:{&quot;unit&quot;:&quot;px&quot;,&quot;size&quot;:10,&quot;sizes&quot;:[]},&quot;gap_mobile&quot;:{&quot;unit&quot;:&quot;px&quot;,&quot;size&quot;:10,&quot;sizes&quot;:[]},&quot;link_to&quot;:&quot;file&quot;,&quot;aspect_ratio&quot;:&quot;3:2&quot;,&quot;overlay_background&quot;:&quot;yes&quot;,&quot;content_hover_animation&quot;:&quot;fade-in&quot;}\" data-widget_type=\"gallery.default\">\n\t\t\t\t<div class=\"elementor-widget-container\">\n\t\t\t\t\t\t\t<div class=\"elementor-gallery__container\">\r\n\t\t\t\t\t\t\t<a class=\"e-gallery-item elementor-gallery-item elementor-animated-content\" href=\"https:\/\/lencois.com.br\/wp-content\/uploads\/2026\/02\/Morrao-Chapada-Diamantina.jpg\" data-elementor-open-lightbox=\"yes\" data-elementor-lightbox-slideshow=\"20f5707\" data-e-action-hash=\"#elementor-action%3Aaction%3Dlightbox%26settings%3DeyJpZCI6MjU1NCwidXJsIjoiaHR0cHM6XC9cL2xlbmNvaXMuY29tLmJyXC93cC1jb250ZW50XC91cGxvYWRzXC8yMDI2XC8wMlwvTW9ycmFvLUNoYXBhZGEtRGlhbWFudGluYS5qcGciLCJzbGlkZXNob3ciOiIyMGY1NzA3In0%3D\">\r\n\t\t\t\t\t<div class=\"e-gallery-image elementor-gallery-item__image\" data-thumbnail=\"https:\/\/lencois.com.br\/wp-content\/uploads\/2026\/02\/Morrao-Chapada-Diamantina-768x320.jpg\" data-width=\"768\" data-height=\"320\" aria-label=\"\" role=\"img\" ><\/div>\r\n\t\t\t\t\t\t\t\t\t\t\t<div class=\"elementor-gallery-item__overlay\"><\/div>\r\n\t\t\t\t\t\t\t\t\t\t\t\t\t\t<\/a>\r\n\t\t\t\t\t\t\t<a class=\"e-gallery-item elementor-gallery-item elementor-animated-content\" href=\"https:\/\/lencois.com.br\/wp-content\/uploads\/2026\/02\/Cachoeira-do-Buracao-PB.jpg\" data-elementor-open-lightbox=\"yes\" data-elementor-lightbox-slideshow=\"20f5707\" data-e-action-hash=\"#elementor-action%3Aaction%3Dlightbox%26settings%3DeyJpZCI6MjU1NiwidXJsIjoiaHR0cHM6XC9cL2xlbmNvaXMuY29tLmJyXC93cC1jb250ZW50XC91cGxvYWRzXC8yMDI2XC8wMlwvQ2FjaG9laXJhLWRvLUJ1cmFjYW8tUEIuanBnIiwic2xpZGVzaG93IjoiMjBmNTcwNyJ9\">\r\n\t\t\t\t\t<div class=\"e-gallery-image elementor-gallery-item__image\" data-thumbnail=\"https:\/\/lencois.com.br\/wp-content\/uploads\/2026\/02\/Cachoeira-do-Buracao-PB-768x320.jpg\" data-width=\"768\" data-height=\"320\" aria-label=\"\" role=\"img\" ><\/div>\r\n\t\t\t\t\t\t\t\t\t\t\t<div class=\"elementor-gallery-item__overlay\"><\/div>\r\n\t\t\t\t\t\t\t\t\t\t\t\t\t\t<\/a>\r\n\t\t\t\t\t\t\t<a class=\"e-gallery-item elementor-gallery-item elementor-animated-content\" href=\"https:\/\/lencois.com.br\/wp-content\/uploads\/2026\/02\/Cachoeira-do-Buracao.jpg\" data-elementor-open-lightbox=\"yes\" data-elementor-lightbox-slideshow=\"20f5707\" data-e-action-hash=\"#elementor-action%3Aaction%3Dlightbox%26settings%3DeyJpZCI6MjU1NSwidXJsIjoiaHR0cHM6XC9cL2xlbmNvaXMuY29tLmJyXC93cC1jb250ZW50XC91cGxvYWRzXC8yMDI2XC8wMlwvQ2FjaG9laXJhLWRvLUJ1cmFjYW8uanBnIiwic2xpZGVzaG93IjoiMjBmNTcwNyJ9\">\r\n\t\t\t\t\t<div class=\"e-gallery-image elementor-gallery-item__image\" data-thumbnail=\"https:\/\/lencois.com.br\/wp-content\/uploads\/2026\/02\/Cachoeira-do-Buracao-768x320.jpg\" data-width=\"768\" data-height=\"320\" aria-label=\"\" role=\"img\" ><\/div>\r\n\t\t\t\t\t\t\t\t\t\t\t<div class=\"elementor-gallery-item__overlay\"><\/div>\r\n\t\t\t\t\t\t\t\t\t\t\t\t\t\t<\/a>\r\n\t\t\t\t\t<\/div>\r\n\t\t\t\t\t<\/div>\n\t\t\t\t<\/div>\n\t\t\t\t<\/div>\n\t\t\t\t\t<\/div>\n\t\t\t\t<\/div>\n\t\t<div class=\"elementor-element elementor-element-6456c33 e-con-full e-flex e-con e-child\" data-id=\"6456c33\" data-element_type=\"container\" data-e-type=\"container\" data-settings=\"{&quot;background_background&quot;:&quot;classic&quot;}\">\n\t\t\t\t<\/div>\n\t\t<div class=\"elementor-element elementor-element-c67aae3 e-flex e-con-boxed e-con e-child\" data-id=\"c67aae3\" data-element_type=\"container\" data-e-type=\"container\" data-settings=\"{&quot;background_background&quot;:&quot;classic&quot;}\">\n\t\t\t\t\t<div class=\"e-con-inner\">\n\t\t<div class=\"elementor-element elementor-element-bd9024a e-con-full e-flex e-con e-child\" data-id=\"bd9024a\" data-element_type=\"container\" data-e-type=\"container\">\n\t\t\t\t<div class=\"elementor-element elementor-element-9c9a250 elementor-widget elementor-widget-text-editor\" data-id=\"9c9a250\" data-element_type=\"widget\" data-e-type=\"widget\" data-widget_type=\"text-editor.default\">\n\t\t\t\t<div class=\"elementor-widget-container\">\n\t\t\t\t\t\t\t\t\t<p>A Chapada Diamantina combina aventura, contempla\u00e7\u00e3o e bem-estar de forma equilibrada. \u00c9 um destino que respeita o ritmo de cada visitante, oferecendo tanto desafios f\u00edsicos quanto experi\u00eancias serenas de contato profundo com a natureza.<\/p>\t\t\t\t\t\t\t\t<\/div>\n\t\t\t\t<\/div>\n\t\t\t\t<\/div>\n\t\t\t\t\t<\/div>\n\t\t\t\t<\/div>\n\t\t<div class=\"elementor-element elementor-element-016eaf7 e-flex e-con-boxed e-con e-child\" data-id=\"016eaf7\" data-element_type=\"container\" data-e-type=\"container\" data-settings=\"{&quot;background_background&quot;:&quot;classic&quot;}\">\n\t\t\t\t\t<div class=\"e-con-inner\">\n\t\t<div class=\"elementor-element elementor-element-080e719 e-con-full e-flex e-con e-child\" data-id=\"080e719\" data-element_type=\"container\" data-e-type=\"container\">\n\t\t\t\t<div class=\"elementor-element elementor-element-d46377d elementor-widget elementor-widget-gallery\" data-id=\"d46377d\" data-element_type=\"widget\" data-e-type=\"widget\" data-settings=\"{&quot;columns&quot;:3,&quot;columns_tablet&quot;:3,&quot;lazyload&quot;:&quot;yes&quot;,&quot;gallery_layout&quot;:&quot;grid&quot;,&quot;columns_mobile&quot;:1,&quot;gap&quot;:{&quot;unit&quot;:&quot;px&quot;,&quot;size&quot;:10,&quot;sizes&quot;:[]},&quot;gap_tablet&quot;:{&quot;unit&quot;:&quot;px&quot;,&quot;size&quot;:10,&quot;sizes&quot;:[]},&quot;gap_mobile&quot;:{&quot;unit&quot;:&quot;px&quot;,&quot;size&quot;:10,&quot;sizes&quot;:[]},&quot;link_to&quot;:&quot;file&quot;,&quot;aspect_ratio&quot;:&quot;3:2&quot;,&quot;overlay_background&quot;:&quot;yes&quot;,&quot;content_hover_animation&quot;:&quot;fade-in&quot;}\" data-widget_type=\"gallery.default\">\n\t\t\t\t<div class=\"elementor-widget-container\">\n\t\t\t\t\t\t\t<div class=\"elementor-gallery__container\">\r\n\t\t\t\t\t\t\t<a class=\"e-gallery-item elementor-gallery-item elementor-animated-content\" href=\"https:\/\/lencois.com.br\/wp-content\/uploads\/2026\/02\/Poco-Azul-Chapada-Diamantina.jpg\" data-elementor-open-lightbox=\"yes\" data-elementor-lightbox-slideshow=\"d46377d\" data-e-action-hash=\"#elementor-action%3Aaction%3Dlightbox%26settings%3DeyJpZCI6MjU2NywidXJsIjoiaHR0cHM6XC9cL2xlbmNvaXMuY29tLmJyXC93cC1jb250ZW50XC91cGxvYWRzXC8yMDI2XC8wMlwvUG9jby1BenVsLUNoYXBhZGEtRGlhbWFudGluYS5qcGciLCJzbGlkZXNob3ciOiJkNDYzNzdkIn0%3D\">\r\n\t\t\t\t\t<div class=\"e-gallery-image elementor-gallery-item__image\" data-thumbnail=\"https:\/\/lencois.com.br\/wp-content\/uploads\/2026\/02\/Poco-Azul-Chapada-Diamantina-768x320.jpg\" data-width=\"768\" data-height=\"320\" aria-label=\"\" role=\"img\" ><\/div>\r\n\t\t\t\t\t\t\t\t\t\t\t<div class=\"elementor-gallery-item__overlay\"><\/div>\r\n\t\t\t\t\t\t\t\t\t\t\t\t\t\t<\/a>\r\n\t\t\t\t\t\t\t<a class=\"e-gallery-item elementor-gallery-item elementor-animated-content\" href=\"https:\/\/lencois.com.br\/wp-content\/uploads\/2026\/02\/Poco-Encantado.jpg\" data-elementor-open-lightbox=\"yes\" data-elementor-lightbox-slideshow=\"d46377d\" data-e-action-hash=\"#elementor-action%3Aaction%3Dlightbox%26settings%3DeyJpZCI6MjU2OSwidXJsIjoiaHR0cHM6XC9cL2xlbmNvaXMuY29tLmJyXC93cC1jb250ZW50XC91cGxvYWRzXC8yMDI2XC8wMlwvUG9jby1FbmNhbnRhZG8uanBnIiwic2xpZGVzaG93IjoiZDQ2Mzc3ZCJ9\">\r\n\t\t\t\t\t<div class=\"e-gallery-image elementor-gallery-item__image\" data-thumbnail=\"https:\/\/lencois.com.br\/wp-content\/uploads\/2026\/02\/Poco-Encantado-768x320.jpg\" data-width=\"768\" data-height=\"320\" aria-label=\"\" role=\"img\" ><\/div>\r\n\t\t\t\t\t\t\t\t\t\t\t<div class=\"elementor-gallery-item__overlay\"><\/div>\r\n\t\t\t\t\t\t\t\t\t\t\t\t\t\t<\/a>\r\n\t\t\t\t\t\t\t<a class=\"e-gallery-item elementor-gallery-item elementor-animated-content\" href=\"https:\/\/lencois.com.br\/wp-content\/uploads\/2026\/02\/Poco-Azul.jpg\" data-elementor-open-lightbox=\"yes\" data-elementor-lightbox-slideshow=\"d46377d\" data-e-action-hash=\"#elementor-action%3Aaction%3Dlightbox%26settings%3DeyJpZCI6MjU2OCwidXJsIjoiaHR0cHM6XC9cL2xlbmNvaXMuY29tLmJyXC93cC1jb250ZW50XC91cGxvYWRzXC8yMDI2XC8wMlwvUG9jby1BenVsLmpwZyIsInNsaWRlc2hvdyI6ImQ0NjM3N2QifQ%3D%3D\">\r\n\t\t\t\t\t<div class=\"e-gallery-image elementor-gallery-item__image\" data-thumbnail=\"https:\/\/lencois.com.br\/wp-content\/uploads\/2026\/02\/Poco-Azul-768x320.jpg\" data-width=\"768\" data-height=\"320\" aria-label=\"\" role=\"img\" ><\/div>\r\n\t\t\t\t\t\t\t\t\t\t\t<div class=\"elementor-gallery-item__overlay\"><\/div>\r\n\t\t\t\t\t\t\t\t\t\t\t\t\t\t<\/a>\r\n\t\t\t\t\t<\/div>\r\n\t\t\t\t\t<\/div>\n\t\t\t\t<\/div>\n\t\t\t\t<\/div>\n\t\t\t\t\t<\/div>\n\t\t\t\t<\/div>\n\t\t<div class=\"elementor-element elementor-element-b7de956 e-flex e-con-boxed e-con e-child\" data-id=\"b7de956\" data-element_type=\"container\" data-e-type=\"container\" data-settings=\"{&quot;background_background&quot;:&quot;classic&quot;}\">\n\t\t\t\t\t<div class=\"e-con-inner\">\n\t\t<div class=\"elementor-element elementor-element-30e5eb1 e-con-full e-flex e-con e-child\" data-id=\"30e5eb1\" data-element_type=\"container\" data-e-type=\"container\">\n\t\t\t\t<div class=\"elementor-element elementor-element-21e2cac elementor-widget elementor-widget-text-editor\" data-id=\"21e2cac\" data-element_type=\"widget\" data-e-type=\"widget\" data-widget_type=\"text-editor.default\">\n\t\t\t\t<div class=\"elementor-widget-container\">\n\t\t\t\t\t\t\t\t\t<p style=\"text-align: center;\">A regi\u00e3o conta com servi\u00e7os especializados, guias experientes, log\u00edstica confi\u00e1vel e comunidades acostumadas a receber visitantes do mundo inteiro. Tudo isso permite explorar a Chapada Diamantina com tranquilidade, conforto e seguran\u00e7a, respeitando o ritmo e as expectativas de cada viajante.<\/p><p style=\"text-align: center;\">A Chapada Diamantina n\u00e3o \u00e9 apenas um destino de aventura. \u00c9 um lugar de equil\u00edbrio, onde natureza grandiosa, organiza\u00e7\u00e3o e hospitalidade caminham juntas, tornando a experi\u00eancia acess\u00edvel, <br \/>inspiradora e memor\u00e1vel.<\/p>\t\t\t\t\t\t\t\t<\/div>\n\t\t\t\t<\/div>\n\t\t\t\t<\/div>\n\t\t\t\t\t<\/div>\n\t\t\t\t<\/div>\n\t\t<div class=\"elementor-element elementor-element-05fbf27 e-flex e-con-boxed e-con e-child\" data-id=\"05fbf27\" data-element_type=\"container\" data-e-type=\"container\" data-settings=\"{&quot;background_background&quot;:&quot;classic&quot;}\">\n\t\t\t\t\t<div class=\"e-con-inner\">\n\t\t<div class=\"elementor-element elementor-element-714d82a e-con-full e-flex e-con e-child\" data-id=\"714d82a\" data-element_type=\"container\" data-e-type=\"container\">\n\t\t\t\t<div class=\"elementor-element elementor-element-8d1a6e3 elementor-widget elementor-widget-gallery\" data-id=\"8d1a6e3\" data-element_type=\"widget\" data-e-type=\"widget\" data-settings=\"{&quot;columns&quot;:3,&quot;columns_tablet&quot;:3,&quot;lazyload&quot;:&quot;yes&quot;,&quot;gallery_layout&quot;:&quot;grid&quot;,&quot;columns_mobile&quot;:1,&quot;gap&quot;:{&quot;unit&quot;:&quot;px&quot;,&quot;size&quot;:10,&quot;sizes&quot;:[]},&quot;gap_tablet&quot;:{&quot;unit&quot;:&quot;px&quot;,&quot;size&quot;:10,&quot;sizes&quot;:[]},&quot;gap_mobile&quot;:{&quot;unit&quot;:&quot;px&quot;,&quot;size&quot;:10,&quot;sizes&quot;:[]},&quot;link_to&quot;:&quot;file&quot;,&quot;aspect_ratio&quot;:&quot;3:2&quot;,&quot;overlay_background&quot;:&quot;yes&quot;,&quot;content_hover_animation&quot;:&quot;fade-in&quot;}\" data-widget_type=\"gallery.default\">\n\t\t\t\t<div class=\"elementor-widget-container\">\n\t\t\t\t\t\t\t<div class=\"elementor-gallery__container\">\r\n\t\t\t\t\t\t\t<a class=\"e-gallery-item elementor-gallery-item elementor-animated-content\" href=\"https:\/\/lencois.com.br\/wp-content\/uploads\/2026\/02\/Morro-do-Camelo-Home.webp\" data-elementor-open-lightbox=\"yes\" data-elementor-lightbox-slideshow=\"8d1a6e3\" data-e-action-hash=\"#elementor-action%3Aaction%3Dlightbox%26settings%3DeyJpZCI6MjM1NiwidXJsIjoiaHR0cHM6XC9cL2xlbmNvaXMuY29tLmJyXC93cC1jb250ZW50XC91cGxvYWRzXC8yMDI2XC8wMlwvTW9ycm8tZG8tQ2FtZWxvLUhvbWUud2VicCIsInNsaWRlc2hvdyI6IjhkMWE2ZTMifQ%3D%3D\">\r\n\t\t\t\t\t<div class=\"e-gallery-image elementor-gallery-item__image\" data-thumbnail=\"https:\/\/lencois.com.br\/wp-content\/uploads\/2026\/02\/Morro-do-Camelo-Home-768x327.webp\" data-width=\"768\" data-height=\"327\" aria-label=\"\" role=\"img\" ><\/div>\r\n\t\t\t\t\t\t\t\t\t\t\t<div class=\"elementor-gallery-item__overlay\"><\/div>\r\n\t\t\t\t\t\t\t\t\t\t\t\t\t\t<\/a>\r\n\t\t\t\t\t\t\t<a class=\"e-gallery-item elementor-gallery-item elementor-animated-content\" href=\"https:\/\/lencois.com.br\/wp-content\/uploads\/2026\/02\/Morro-do-Camelo-Lencois.jpg\" data-elementor-open-lightbox=\"yes\" data-elementor-lightbox-slideshow=\"8d1a6e3\" data-e-action-hash=\"#elementor-action%3Aaction%3Dlightbox%26settings%3DeyJpZCI6MjU3MiwidXJsIjoiaHR0cHM6XC9cL2xlbmNvaXMuY29tLmJyXC93cC1jb250ZW50XC91cGxvYWRzXC8yMDI2XC8wMlwvTW9ycm8tZG8tQ2FtZWxvLUxlbmNvaXMuanBnIiwic2xpZGVzaG93IjoiOGQxYTZlMyJ9\">\r\n\t\t\t\t\t<div class=\"e-gallery-image elementor-gallery-item__image\" data-thumbnail=\"https:\/\/lencois.com.br\/wp-content\/uploads\/2026\/02\/Morro-do-Camelo-Lencois-768x320.jpg\" data-width=\"768\" data-height=\"320\" aria-label=\"\" role=\"img\" ><\/div>\r\n\t\t\t\t\t\t\t\t\t\t\t<div class=\"elementor-gallery-item__overlay\"><\/div>\r\n\t\t\t\t\t\t\t\t\t\t\t\t\t\t<\/a>\r\n\t\t\t\t\t\t\t<a class=\"e-gallery-item elementor-gallery-item elementor-animated-content\" href=\"https:\/\/lencois.com.br\/wp-content\/uploads\/2026\/02\/Cachoeira-Chapada-Diamantina.jpg\" data-elementor-open-lightbox=\"yes\" data-elementor-lightbox-slideshow=\"8d1a6e3\" data-e-action-hash=\"#elementor-action%3Aaction%3Dlightbox%26settings%3DeyJpZCI6MjU3MSwidXJsIjoiaHR0cHM6XC9cL2xlbmNvaXMuY29tLmJyXC93cC1jb250ZW50XC91cGxvYWRzXC8yMDI2XC8wMlwvQ2FjaG9laXJhLUNoYXBhZGEtRGlhbWFudGluYS5qcGciLCJzbGlkZXNob3ciOiI4ZDFhNmUzIn0%3D\">\r\n\t\t\t\t\t<div class=\"e-gallery-image elementor-gallery-item__image\" data-thumbnail=\"https:\/\/lencois.com.br\/wp-content\/uploads\/2026\/02\/Cachoeira-Chapada-Diamantina-768x320.jpg\" data-width=\"768\" data-height=\"320\" aria-label=\"\" role=\"img\" ><\/div>\r\n\t\t\t\t\t\t\t\t\t\t\t<div class=\"elementor-gallery-item__overlay\"><\/div>\r\n\t\t\t\t\t\t\t\t\t\t\t\t\t\t<\/a>\r\n\t\t\t\t\t<\/div>\r\n\t\t\t\t\t<\/div>\n\t\t\t\t<\/div>\n\t\t\t\t<\/div>\n\t\t\t\t\t<\/div>\n\t\t\t\t<\/div>\n\t\t<div class=\"elementor-element elementor-element-2459b4a e-flex e-con-boxed e-con e-child\" data-id=\"2459b4a\" data-element_type=\"container\" data-e-type=\"container\" data-settings=\"{&quot;background_background&quot;:&quot;classic&quot;}\">\n\t\t\t\t\t<div class=\"e-con-inner\">\n\t\t<div class=\"elementor-element elementor-element-dbeac1b e-con-full e-flex e-con e-child\" data-id=\"dbeac1b\" data-element_type=\"container\" data-e-type=\"container\">\n\t\t\t\t<div class=\"elementor-element elementor-element-93aed61 elementor-widget elementor-widget-text-editor\" data-id=\"93aed61\" data-element_type=\"widget\" data-e-type=\"widget\" data-widget_type=\"text-editor.default\">\n\t\t\t\t<div class=\"elementor-widget-container\">\n\t\t\t\t\t\t\t\t\t<p><strong data-start=\"526\" data-end=\"557\">Antes de sair para a trilha<\/strong><br data-start=\"557\" data-end=\"560\" \/>Para passeios de dia inteiro, o hotel prepara, sob solicita\u00e7\u00e3o, uma Merenda de Trilha com ingredientes locais e embalagem retorn\u00e1vel. Para garantir qualidade, organiza\u00e7\u00e3o e menor desperd\u00edcio, o pedido deve ser feito at\u00e9 a v\u00e9spera do passeio.<br data-start=\"803\" data-end=\"806\" \/><strong data-start=\"808\" data-end=\"836\">Valor: R$ 80 por pessoa.<\/strong><\/p>\t\t\t\t\t\t\t\t<\/div>\n\t\t\t\t<\/div>\n\t\t\t\t<\/div>\n\t\t\t\t\t<\/div>\n\t\t\t\t<\/div>\n\t\t\t\t<\/div>\n\t\t<div class=\"elementor-element elementor-element-2266cde e-flex e-con-boxed e-con e-parent\" data-id=\"2266cde\" data-element_type=\"container\" data-e-type=\"container\" data-settings=\"{&quot;background_background&quot;:&quot;classic&quot;}\">\n\t\t\t\t\t<div class=\"e-con-inner\">\n\t\t\t\t<div class=\"elementor-element elementor-element-4722f3d elementor-align-center elementor-widget elementor-widget-button\" data-id=\"4722f3d\" data-element_type=\"widget\" data-e-type=\"widget\" data-widget_type=\"button.default\">\n\t\t\t\t<div class=\"elementor-widget-container\">\n\t\t\t\t\t\t\t\t\t<div class=\"elementor-button-wrapper\">\n\t\t\t\t\t<a class=\"elementor-button elementor-button-link elementor-size-md\" href=\"https:\/\/book.omnibees.com\/chain\/3664\/hotel\/6684\" rel=\"nofollow noopener\" target=\"_blank\">\n\t\t\t\t\t\t<span class=\"elementor-button-content-wrapper\">\n\t\t\t\t\t\t\t\t\t<span class=\"elementor-button-text\">RESERVE SEU CANTO<\/span>\n\t\t\t\t\t<\/span>\n\t\t\t\t\t<\/a>\n\t\t\t\t<\/div>\n\t\t\t\t\t\t\t\t<\/div>\n\t\t\t\t<\/div>\n\t\t\t\t\t<\/div>\n\t\t\t\t<\/div>\n\t\t\t\t<\/div>\n\t\t","protected":false},"excerpt":{"rendered":"<p>Home Acomoda\u00e7\u00f5es Gastronomia Sustentabilidade Experi\u00eancias HOTEL ART GALLERY Chapada Diamantina A Chapada Diamantina \u00e9 um dos grandes destinos de natureza do Brasil.Considerada uma das regi\u00f5es mais belas e diversas do pa\u00eds, re\u00fane em um \u00fanico territ\u00f3rio montanhas, vales, rios de \u00e1guas transparentes, cachoeiras monumentais, grutas e cenotes de rara forma\u00e7\u00e3o geol\u00f3gica. A variedade de experi\u00eancias [&hellip;]<\/p>\n","protected":false},"author":1,"featured_media":4416,"parent":0,"menu_order":24,"comment_status":"closed","ping_status":"closed","template":"","meta":{"footnotes":""},"class_list":["post-2109","page","type-page","status-publish","has-post-thumbnail","hentry"],"_links":{"self":[{"href":"https:\/\/lencois.com.br\/es\/wp-json\/wp\/v2\/pages\/2109","targetHints":{"allow":["GET"]}}],"collection":[{"href":"https:\/\/lencois.com.br\/es\/wp-json\/wp\/v2\/pages"}],"about":[{"href":"https:\/\/lencois.com.br\/es\/wp-json\/wp\/v2\/types\/page"}],"author":[{"embeddable":true,"href":"https:\/\/lencois.com.br\/es\/wp-json\/wp\/v2\/users\/1"}],"replies":[{"embeddable":true,"href":"https:\/\/lencois.com.br\/es\/wp-json\/wp\/v2\/comments?post=2109"}],"version-history":[{"count":116,"href":"https:\/\/lencois.com.br\/es\/wp-json\/wp\/v2\/pages\/2109\/revisions"}],"predecessor-version":[{"id":4825,"href":"https:\/\/lencois.com.br\/es\/wp-json\/wp\/v2\/pages\/2109\/revisions\/4825"}],"wp:featuredmedia":[{"embeddable":true,"href":"https:\/\/lencois.com.br\/es\/wp-json\/wp\/v2\/media\/4416"}],"wp:attachment":[{"href":"https:\/\/lencois.com.br\/es\/wp-json\/wp\/v2\/media?parent=2109"}],"curies":[{"name":"wp","href":"https:\/\/api.w.org\/{rel}","templated":true}]}}