{"id":2091,"date":"2026-02-05T03:31:55","date_gmt":"2026-02-05T06:31:55","guid":{"rendered":"https:\/\/cantoaguas.beeweb.net.br\/?page_id=2091"},"modified":"2026-04-27T09:59:05","modified_gmt":"2026-04-27T12:59:05","slug":"lencois","status":"publish","type":"page","link":"https:\/\/lencois.com.br\/fr\/lencois\/","title":{"rendered":"Len\u00e7\u00f3is"},"content":{"rendered":"\t\t<div data-elementor-type=\"wp-page\" data-elementor-id=\"2091\" class=\"elementor elementor-2091\" data-elementor-post-type=\"page\">\n\t\t\t\t<div class=\"elementor-element elementor-element-cf5c415 e-flex e-con-boxed e-con e-parent\" data-id=\"cf5c415\" data-element_type=\"container\" data-e-type=\"container\" data-settings=\"{&quot;background_background&quot;:&quot;classic&quot;}\">\n\t\t\t\t\t<div class=\"e-con-inner\">\n\t\t\t\t\t<\/div>\n\t\t\t\t<\/div>\n\t\t<div class=\"elementor-element elementor-element-a231a62 elementor-hidden-mobile e-flex e-con-boxed e-con e-parent\" data-id=\"a231a62\" data-element_type=\"container\" data-e-type=\"container\" data-settings=\"{&quot;background_background&quot;:&quot;classic&quot;,&quot;sticky&quot;:&quot;top&quot;,&quot;sticky_offset&quot;:64,&quot;sticky_on&quot;:[&quot;desktop&quot;,&quot;tablet&quot;,&quot;mobile&quot;],&quot;sticky_effects_offset&quot;:0,&quot;sticky_anchor_link_offset&quot;:0}\">\n\t\t\t\t\t<div class=\"e-con-inner\">\n\t\t\t\t<div class=\"elementor-element elementor-element-398e278 elementor-icon-list--layout-inline elementor-align-center menu-horizontal elementor-list-item-link-full_width elementor-widget elementor-widget-global elementor-global-3095 elementor-widget-icon-list\" data-id=\"398e278\" data-element_type=\"widget\" data-e-type=\"widget\" data-widget_type=\"icon-list.default\">\n\t\t\t\t<div class=\"elementor-widget-container\">\n\t\t\t\t\t\t\t<ul class=\"elementor-icon-list-items elementor-inline-items\">\n\t\t\t\t\t\t\t<li class=\"elementor-icon-list-item elementor-inline-item\">\n\t\t\t\t\t\t\t\t\t\t\t<a href=\"https:\/\/lencois.com.br\/fr\">\n\n\t\t\t\t\t\t\t\t\t\t\t<span class=\"elementor-icon-list-text\"><span class=\"menu-horizontal__home\">Home<\/span><\/span>\n\t\t\t\t\t\t\t\t\t\t\t<\/a>\n\t\t\t\t\t\t\t\t\t<\/li>\n\t\t\t\t\t\t\t\t<li class=\"elementor-icon-list-item elementor-inline-item\">\n\t\t\t\t\t\t\t\t\t\t\t<a href=\"https:\/\/lencois.com.br\/acomodacoes\/\">\n\n\t\t\t\t\t\t\t\t\t\t\t<span class=\"elementor-icon-list-text\">Acomoda\u00e7\u00f5es<\/span>\n\t\t\t\t\t\t\t\t\t\t\t<\/a>\n\t\t\t\t\t\t\t\t\t<\/li>\n\t\t\t\t\t\t\t\t<li class=\"elementor-icon-list-item elementor-inline-item\">\n\t\t\t\t\t\t\t\t\t\t\t<a href=\"https:\/\/lencois.com.br\/restaurante\/\">\n\n\t\t\t\t\t\t\t\t\t\t\t<span class=\"elementor-icon-list-text\">Gastronomia<\/span>\n\t\t\t\t\t\t\t\t\t\t\t<\/a>\n\t\t\t\t\t\t\t\t\t<\/li>\n\t\t\t\t\t\t\t\t<li class=\"elementor-icon-list-item elementor-inline-item\">\n\t\t\t\t\t\t\t\t\t\t\t<a href=\"https:\/\/lencois.com.br\/mais-sustentabilidade\/\">\n\n\t\t\t\t\t\t\t\t\t\t\t<span class=\"elementor-icon-list-text\">Sustentabilidade<\/span>\n\t\t\t\t\t\t\t\t\t\t\t<\/a>\n\t\t\t\t\t\t\t\t\t<\/li>\n\t\t\t\t\t\t\t\t<li class=\"elementor-icon-list-item elementor-inline-item\">\n\t\t\t\t\t\t\t\t\t\t\t<a href=\"https:\/\/lencois.com.br\/experiencias\/\">\n\n\t\t\t\t\t\t\t\t\t\t\t<span class=\"elementor-icon-list-text\">Experi\u00eancias<\/span>\n\t\t\t\t\t\t\t\t\t\t\t<\/a>\n\t\t\t\t\t\t\t\t\t<\/li>\n\t\t\t\t\t\t\t\t<li class=\"elementor-icon-list-item elementor-inline-item\">\n\t\t\t\t\t\t\t\t\t\t\t<a href=\"https:\/\/lencois.com.br\/galeria-de-arte\/\">\n\n\t\t\t\t\t\t\t\t\t\t\t<span class=\"elementor-icon-list-text\">HOTEL ART GALLERY<\/span>\n\t\t\t\t\t\t\t\t\t\t\t<\/a>\n\t\t\t\t\t\t\t\t\t<\/li>\n\t\t\t\t\t\t<\/ul>\n\t\t\t\t\t\t<\/div>\n\t\t\t\t<\/div>\n\t\t\t\t\t<\/div>\n\t\t\t\t<\/div>\n\t\t<div class=\"elementor-element elementor-element-edd794d e-con-full e-flex e-con e-parent\" data-id=\"edd794d\" data-element_type=\"container\" data-e-type=\"container\" data-settings=\"{&quot;background_background&quot;:&quot;classic&quot;}\">\n\t\t\t\t<div class=\"elementor-element elementor-element-58a758b elementor-widget elementor-widget-heading\" data-id=\"58a758b\" data-element_type=\"widget\" data-e-type=\"widget\" data-widget_type=\"heading.default\">\n\t\t\t\t<div class=\"elementor-widget-container\">\n\t\t\t\t\t<h1 class=\"elementor-heading-title elementor-size-medium\"><span class=\"notranslate\">Len\u00e7\u00f3is<\/span><\/h1>\t\t\t\t<\/div>\n\t\t\t\t<\/div>\n\t\t<div class=\"elementor-element elementor-element-d3f326c e-con-full e-flex e-con e-child\" data-id=\"d3f326c\" data-element_type=\"container\" data-e-type=\"container\">\n\t\t<div class=\"elementor-element elementor-element-a590565 e-flex e-con-boxed e-con e-child\" data-id=\"a590565\" data-element_type=\"container\" data-e-type=\"container\">\n\t\t\t\t\t<div class=\"e-con-inner\">\n\t\t\t\t<div class=\"elementor-element elementor-element-01213ee elementor-widget elementor-widget-text-editor\" data-id=\"01213ee\" data-element_type=\"widget\" data-e-type=\"widget\" data-widget_type=\"text-editor.default\">\n\t\t\t\t<div class=\"elementor-widget-container\">\n\t\t\t\t\t\t\t\t\t<p>Len\u00e7\u00f3is, Bahia, \u00e9 a porta de entrada natural da Chapada Diamantina.<br \/>Antiga capital do garimpo de diamantes fundada em 1856, preserva sua arquitetura hist\u00f3rica, suas ruas de pedra e uma mem\u00f3ria viva que moldou sua identidade acolhedora e resiliente. O passado minerador deixou n\u00e3o apenas constru\u00e7\u00f5es e hist\u00f3rias, mas um esp\u00edrito aberto ao encontro e \u00e0 diversidade.<\/p>\t\t\t\t\t\t\t\t<\/div>\n\t\t\t\t<\/div>\n\t\t\t\t\t<\/div>\n\t\t\t\t<\/div>\n\t\t\t\t<\/div>\n\t\t<div class=\"elementor-element elementor-element-2df97f1 e-flex e-con-boxed e-con e-child\" data-id=\"2df97f1\" data-element_type=\"container\" data-e-type=\"container\" data-settings=\"{&quot;background_background&quot;:&quot;classic&quot;}\">\n\t\t\t\t\t<div class=\"e-con-inner\">\n\t\t<div class=\"elementor-element elementor-element-d0baa4e e-con-full e-flex e-con e-child\" data-id=\"d0baa4e\" data-element_type=\"container\" data-e-type=\"container\">\n\t\t\t\t<div class=\"elementor-element elementor-element-e2dc809 elementor-widget elementor-widget-text-editor\" data-id=\"e2dc809\" data-element_type=\"widget\" data-e-type=\"widget\" data-widget_type=\"text-editor.default\">\n\t\t\t\t<div class=\"elementor-widget-container\">\n\t\t\t\t\t\t\t\t\t<p>Sua localiza\u00e7\u00e3o \u00e9 estrat\u00e9gica: a partir de Len\u00e7\u00f3is, \u00e9 poss\u00edvel acessar os principais atrativos da Chapada Diamantina com facilidade, conforto e seguran\u00e7a. Trilhas, grutas e cachoeiras est\u00e3o a poucos minutos, algumas delas acess\u00edveis a p\u00e9, diretamente do centro hist\u00f3rico.<\/p>\t\t\t\t\t\t\t\t<\/div>\n\t\t\t\t<\/div>\n\t\t\t\t<\/div>\n\t\t<div class=\"elementor-element elementor-element-37ae6e3 e-con-full e-flex e-con e-child\" data-id=\"37ae6e3\" data-element_type=\"container\" data-e-type=\"container\">\n\t\t\t\t<div class=\"elementor-element elementor-element-20f5707 elementor-widget elementor-widget-gallery\" data-id=\"20f5707\" data-element_type=\"widget\" data-e-type=\"widget\" data-settings=\"{&quot;columns&quot;:3,&quot;columns_tablet&quot;:1,&quot;lazyload&quot;:&quot;yes&quot;,&quot;gallery_layout&quot;:&quot;grid&quot;,&quot;columns_mobile&quot;:1,&quot;gap&quot;:{&quot;unit&quot;:&quot;px&quot;,&quot;size&quot;:10,&quot;sizes&quot;:[]},&quot;gap_tablet&quot;:{&quot;unit&quot;:&quot;px&quot;,&quot;size&quot;:10,&quot;sizes&quot;:[]},&quot;gap_mobile&quot;:{&quot;unit&quot;:&quot;px&quot;,&quot;size&quot;:10,&quot;sizes&quot;:[]},&quot;link_to&quot;:&quot;file&quot;,&quot;aspect_ratio&quot;:&quot;3:2&quot;,&quot;overlay_background&quot;:&quot;yes&quot;,&quot;content_hover_animation&quot;:&quot;fade-in&quot;}\" data-widget_type=\"gallery.default\">\n\t\t\t\t<div class=\"elementor-widget-container\">\n\t\t\t\t\t\t\t<div class=\"elementor-gallery__container\">\r\n\t\t\t\t\t\t\t<a class=\"e-gallery-item elementor-gallery-item elementor-animated-content\" href=\"https:\/\/lencois.com.br\/wp-content\/uploads\/2026\/02\/Lencois-Antigas-Ponte.jpg\" data-elementor-open-lightbox=\"yes\" data-elementor-lightbox-slideshow=\"20f5707\" data-e-action-hash=\"#elementor-action%3Aaction%3Dlightbox%26settings%3DeyJpZCI6MjQxMiwidXJsIjoiaHR0cHM6XC9cL2xlbmNvaXMuY29tLmJyXC93cC1jb250ZW50XC91cGxvYWRzXC8yMDI2XC8wMlwvTGVuY29pcy1BbnRpZ2FzLVBvbnRlLmpwZyIsInNsaWRlc2hvdyI6IjIwZjU3MDcifQ%3D%3D\">\r\n\t\t\t\t\t<div class=\"e-gallery-image elementor-gallery-item__image\" data-thumbnail=\"https:\/\/lencois.com.br\/wp-content\/uploads\/2026\/02\/Lencois-Antigas-Ponte-300x203.jpg\" data-width=\"300\" data-height=\"203\" aria-label=\"\" role=\"img\" ><\/div>\r\n\t\t\t\t\t\t\t\t\t\t\t<div class=\"elementor-gallery-item__overlay\"><\/div>\r\n\t\t\t\t\t\t\t\t\t\t\t\t\t\t<\/a>\r\n\t\t\t\t\t\t\t<a class=\"e-gallery-item elementor-gallery-item elementor-animated-content\" href=\"https:\/\/lencois.com.br\/wp-content\/uploads\/2026\/02\/Lencois-Antigas-Igreja-do-Sr-dos-Passos.jpg\" data-elementor-open-lightbox=\"yes\" data-elementor-lightbox-slideshow=\"20f5707\" data-e-action-hash=\"#elementor-action%3Aaction%3Dlightbox%26settings%3DeyJpZCI6MjQxMywidXJsIjoiaHR0cHM6XC9cL2xlbmNvaXMuY29tLmJyXC93cC1jb250ZW50XC91cGxvYWRzXC8yMDI2XC8wMlwvTGVuY29pcy1BbnRpZ2FzLUlncmVqYS1kby1Tci1kb3MtUGFzc29zLmpwZyIsInNsaWRlc2hvdyI6IjIwZjU3MDcifQ%3D%3D\">\r\n\t\t\t\t\t<div class=\"e-gallery-image elementor-gallery-item__image\" data-thumbnail=\"https:\/\/lencois.com.br\/wp-content\/uploads\/2026\/02\/Lencois-Antigas-Igreja-do-Sr-dos-Passos-300x199.jpg\" data-width=\"300\" data-height=\"199\" aria-label=\"\" role=\"img\" ><\/div>\r\n\t\t\t\t\t\t\t\t\t\t\t<div class=\"elementor-gallery-item__overlay\"><\/div>\r\n\t\t\t\t\t\t\t\t\t\t\t\t\t\t<\/a>\r\n\t\t\t\t\t\t\t<a class=\"e-gallery-item elementor-gallery-item elementor-animated-content\" href=\"https:\/\/lencois.com.br\/wp-content\/uploads\/2026\/02\/Lencois-de-1901-1.jpg\" data-elementor-open-lightbox=\"yes\" data-elementor-lightbox-slideshow=\"20f5707\" data-e-action-hash=\"#elementor-action%3Aaction%3Dlightbox%26settings%3DeyJpZCI6MzgwNiwidXJsIjoiaHR0cHM6XC9cL2xlbmNvaXMuY29tLmJyXC93cC1jb250ZW50XC91cGxvYWRzXC8yMDI2XC8wMlwvTGVuY29pcy1kZS0xOTAxLTEuanBnIiwic2xpZGVzaG93IjoiMjBmNTcwNyJ9\">\r\n\t\t\t\t\t<div class=\"e-gallery-image elementor-gallery-item__image\" data-thumbnail=\"https:\/\/lencois.com.br\/wp-content\/uploads\/2026\/02\/Lencois-de-1901-1-300x128.jpg\" data-width=\"300\" data-height=\"128\" aria-label=\"\" role=\"img\" ><\/div>\r\n\t\t\t\t\t\t\t\t\t\t\t<div class=\"elementor-gallery-item__overlay\"><\/div>\r\n\t\t\t\t\t\t\t\t\t\t\t\t\t\t<\/a>\r\n\t\t\t\t\t<\/div>\r\n\t\t\t\t\t<\/div>\n\t\t\t\t<\/div>\n\t\t\t\t<\/div>\n\t\t\t\t\t<\/div>\n\t\t\t\t<\/div>\n\t\t<div class=\"elementor-element elementor-element-6456c33 e-con-full e-flex e-con e-child\" data-id=\"6456c33\" data-element_type=\"container\" data-e-type=\"container\" data-settings=\"{&quot;background_background&quot;:&quot;classic&quot;}\">\n\t\t\t\t<\/div>\n\t\t<div class=\"elementor-element elementor-element-c67aae3 e-flex e-con-boxed e-con e-child\" data-id=\"c67aae3\" data-element_type=\"container\" data-e-type=\"container\" data-settings=\"{&quot;background_background&quot;:&quot;classic&quot;}\">\n\t\t\t\t\t<div class=\"e-con-inner\">\n\t\t<div class=\"elementor-element elementor-element-bd9024a e-con-full e-flex e-con e-child\" data-id=\"bd9024a\" data-element_type=\"container\" data-e-type=\"container\">\n\t\t\t\t<div class=\"elementor-element elementor-element-9c9a250 elementor-widget elementor-widget-text-editor\" data-id=\"9c9a250\" data-element_type=\"widget\" data-e-type=\"widget\" data-widget_type=\"text-editor.default\">\n\t\t\t\t<div class=\"elementor-widget-container\">\n\t\t\t\t\t\t\t\t\t<p>Ao cair da noite, Len\u00e7\u00f3is revela outro ritmo. Bares e restaurantes da Rua da Baderna e da Pracinha Hist\u00f3rica criam uma vida noturna vibrante, por\u00e9m tranquila, onde m\u00fasica, boa conversa e gastronomia de qualidade convivem de forma natural. A cidade \u00e9 reconhecida por sua seguran\u00e7a, pela hospitalidade de seus moradores e por uma cena gastron\u00f4mica surpreendente, que une ingredientes locais a influ\u00eancias contempor\u00e2neas.<\/p><p>Len\u00e7\u00f3is \u00e9 um destino raro: combina natureza exuberante, patrim\u00f4nio cultural, facilidade log\u00edstica e uma atmosfera genuinamente acolhedora. Um lugar onde o visitante se sente seguro para explorar, confort\u00e1vel para permanecer e inspirado para voltar.<\/p>\t\t\t\t\t\t\t\t<\/div>\n\t\t\t\t<\/div>\n\t\t\t\t<\/div>\n\t\t\t\t\t<\/div>\n\t\t\t\t<\/div>\n\t\t<div class=\"elementor-element elementor-element-016eaf7 e-flex e-con-boxed e-con e-child\" data-id=\"016eaf7\" data-element_type=\"container\" data-e-type=\"container\" data-settings=\"{&quot;background_background&quot;:&quot;classic&quot;}\">\n\t\t\t\t\t<div class=\"e-con-inner\">\n\t\t<div class=\"elementor-element elementor-element-080e719 e-con-full e-flex e-con e-child\" data-id=\"080e719\" data-element_type=\"container\" data-e-type=\"container\">\n\t\t\t\t<div class=\"elementor-element elementor-element-d46377d elementor-widget elementor-widget-gallery\" data-id=\"d46377d\" data-element_type=\"widget\" data-e-type=\"widget\" data-settings=\"{&quot;columns&quot;:3,&quot;columns_tablet&quot;:3,&quot;lazyload&quot;:&quot;yes&quot;,&quot;gallery_layout&quot;:&quot;grid&quot;,&quot;columns_mobile&quot;:1,&quot;gap&quot;:{&quot;unit&quot;:&quot;px&quot;,&quot;size&quot;:10,&quot;sizes&quot;:[]},&quot;gap_tablet&quot;:{&quot;unit&quot;:&quot;px&quot;,&quot;size&quot;:10,&quot;sizes&quot;:[]},&quot;gap_mobile&quot;:{&quot;unit&quot;:&quot;px&quot;,&quot;size&quot;:10,&quot;sizes&quot;:[]},&quot;link_to&quot;:&quot;file&quot;,&quot;aspect_ratio&quot;:&quot;3:2&quot;,&quot;overlay_background&quot;:&quot;yes&quot;,&quot;content_hover_animation&quot;:&quot;fade-in&quot;}\" data-widget_type=\"gallery.default\">\n\t\t\t\t<div class=\"elementor-widget-container\">\n\t\t\t\t\t\t\t<div class=\"elementor-gallery__container\">\r\n\t\t\t\t\t\t\t<a class=\"e-gallery-item elementor-gallery-item elementor-animated-content\" href=\"https:\/\/lencois.com.br\/wp-content\/uploads\/2026\/02\/Hotel-Canto-das-Aguas-5-1.jpg\" data-elementor-open-lightbox=\"yes\" data-elementor-lightbox-slideshow=\"d46377d\" data-e-action-hash=\"#elementor-action%3Aaction%3Dlightbox%26settings%3DeyJpZCI6MjQ5MiwidXJsIjoiaHR0cHM6XC9cL2xlbmNvaXMuY29tLmJyXC93cC1jb250ZW50XC91cGxvYWRzXC8yMDI2XC8wMlwvSG90ZWwtQ2FudG8tZGFzLUFndWFzLTUtMS5qcGciLCJzbGlkZXNob3ciOiJkNDYzNzdkIn0%3D\">\r\n\t\t\t\t\t<div class=\"e-gallery-image elementor-gallery-item__image\" data-thumbnail=\"https:\/\/lencois.com.br\/wp-content\/uploads\/2026\/02\/Hotel-Canto-das-Aguas-5-1-768x432.jpg\" data-width=\"768\" data-height=\"432\" aria-label=\"\" role=\"img\" ><\/div>\r\n\t\t\t\t\t\t\t\t\t\t\t<div class=\"elementor-gallery-item__overlay\"><\/div>\r\n\t\t\t\t\t\t\t\t\t\t\t\t\t\t<\/a>\r\n\t\t\t\t\t\t\t<a class=\"e-gallery-item elementor-gallery-item elementor-animated-content\" href=\"https:\/\/lencois.com.br\/wp-content\/uploads\/2026\/02\/Lencois-Vida-Noturna.jpg\" data-elementor-open-lightbox=\"yes\" data-elementor-lightbox-slideshow=\"d46377d\" data-e-action-hash=\"#elementor-action%3Aaction%3Dlightbox%26settings%3DeyJpZCI6MzQyMiwidXJsIjoiaHR0cHM6XC9cL2xlbmNvaXMuY29tLmJyXC93cC1jb250ZW50XC91cGxvYWRzXC8yMDI2XC8wMlwvTGVuY29pcy1WaWRhLU5vdHVybmEuanBnIiwic2xpZGVzaG93IjoiZDQ2Mzc3ZCJ9\">\r\n\t\t\t\t\t<div class=\"e-gallery-image elementor-gallery-item__image\" data-thumbnail=\"https:\/\/lencois.com.br\/wp-content\/uploads\/2026\/02\/Lencois-Vida-Noturna-768x433.jpg\" data-width=\"768\" data-height=\"433\" aria-label=\"\" role=\"img\" ><\/div>\r\n\t\t\t\t\t\t\t\t\t\t\t<div class=\"elementor-gallery-item__overlay\"><\/div>\r\n\t\t\t\t\t\t\t\t\t\t\t\t\t\t<\/a>\r\n\t\t\t\t\t\t\t<a class=\"e-gallery-item elementor-gallery-item elementor-animated-content\" href=\"https:\/\/lencois.com.br\/wp-content\/uploads\/2026\/02\/Lencois-Chapada-Diamantina-1.jpg\" data-elementor-open-lightbox=\"yes\" data-elementor-lightbox-slideshow=\"d46377d\" data-e-action-hash=\"#elementor-action%3Aaction%3Dlightbox%26settings%3DeyJpZCI6MzQyMywidXJsIjoiaHR0cHM6XC9cL2xlbmNvaXMuY29tLmJyXC93cC1jb250ZW50XC91cGxvYWRzXC8yMDI2XC8wMlwvTGVuY29pcy1DaGFwYWRhLURpYW1hbnRpbmEtMS5qcGciLCJzbGlkZXNob3ciOiJkNDYzNzdkIn0%3D\">\r\n\t\t\t\t\t<div class=\"e-gallery-image elementor-gallery-item__image\" data-thumbnail=\"https:\/\/lencois.com.br\/wp-content\/uploads\/2026\/02\/Lencois-Chapada-Diamantina-1-768x432.jpg\" data-width=\"768\" data-height=\"432\" aria-label=\"\" role=\"img\" ><\/div>\r\n\t\t\t\t\t\t\t\t\t\t\t<div class=\"elementor-gallery-item__overlay\"><\/div>\r\n\t\t\t\t\t\t\t\t\t\t\t\t\t\t<\/a>\r\n\t\t\t\t\t<\/div>\r\n\t\t\t\t\t<\/div>\n\t\t\t\t<\/div>\n\t\t\t\t<\/div>\n\t\t\t\t\t<\/div>\n\t\t\t\t<\/div>\n\t\t<div class=\"elementor-element elementor-element-b7de956 e-flex e-con-boxed e-con e-child\" data-id=\"b7de956\" data-element_type=\"container\" data-e-type=\"container\" data-settings=\"{&quot;background_background&quot;:&quot;classic&quot;}\">\n\t\t\t\t\t<div class=\"e-con-inner\">\n\t\t<div class=\"elementor-element elementor-element-30e5eb1 e-con-full e-flex e-con e-child\" data-id=\"30e5eb1\" data-element_type=\"container\" data-e-type=\"container\">\n\t\t\t\t<div class=\"elementor-element elementor-element-21e2cac elementor-widget elementor-widget-text-editor\" data-id=\"21e2cac\" data-element_type=\"widget\" data-e-type=\"widget\" data-widget_type=\"text-editor.default\">\n\t\t\t\t<div class=\"elementor-widget-container\">\n\t\t\t\t\t\t\t\t\t<p style=\"text-align: center;\"><span style=\"font-weight: 400;\">Len\u00e7\u00f3is \u00e9 o principal ponto de acesso \u00e0 Chapada Diamantina e o mais bem estruturado para receber visitantes.<\/span><\/p><ul><li style=\"font-weight: 400;\" aria-level=\"1\"><span style=\"font-weight: 400;\">O Aeroporto de Len\u00e7\u00f3is (LEC) recebe voos regulares a partir de Salvador. O trajeto a\u00e9reo dura cerca de 1 hora.<\/span><span style=\"font-weight: 400;\"><br \/><\/span><span style=\"font-weight: 400;\"><span style=\"font-weight: 400;\">Do aeroporto at\u00e9 o centro hist\u00f3rico de Len\u00e7\u00f3is s\u00e3o aproximadamente 25 minutos de carro, em estrada pavimentada.<\/span><\/span><p>\u00a0<\/p><\/li><li style=\"font-weight: 400;\" aria-level=\"1\"><span style=\"font-weight: 400;\"><span style=\"font-weight: 400;\">Len\u00e7\u00f3is est\u00e1 a cerca de 420 km de Salvador. A viagem dura entre 5 e 6 horas, por rodovias asfaltadas e bem sinalizadas. O percurso \u00e9 considerado seguro e oferece belas paisagens ao longo do caminho.<\/span><\/span><p>\u00a0<\/p><\/li><li style=\"font-weight: 400;\" aria-level=\"1\"><span style=\"font-weight: 400;\">De \u00f4nibus: H\u00e1 linhas regulares partindo de Salvador para Len\u00e7\u00f3is, com sa\u00edda di\u00e1ria. A viagem dura em m\u00e9dia 6 a 7 horas, com chegada em Len\u00e7\u00f3is, pr\u00f3xima ao centro hist\u00f3rico<\/span><\/li><\/ul>\t\t\t\t\t\t\t\t<\/div>\n\t\t\t\t<\/div>\n\t\t\t\t<\/div>\n\t\t\t\t\t<\/div>\n\t\t\t\t<\/div>\n\t\t<div class=\"elementor-element elementor-element-05fbf27 e-flex e-con-boxed e-con e-child\" data-id=\"05fbf27\" data-element_type=\"container\" data-e-type=\"container\" data-settings=\"{&quot;background_background&quot;:&quot;classic&quot;}\">\n\t\t\t\t\t<div class=\"e-con-inner\">\n\t\t<div class=\"elementor-element elementor-element-714d82a e-con-full e-flex e-con e-child\" data-id=\"714d82a\" data-element_type=\"container\" data-e-type=\"container\">\n\t\t\t\t<div class=\"elementor-element elementor-element-8d1a6e3 elementor-widget elementor-widget-gallery\" data-id=\"8d1a6e3\" data-element_type=\"widget\" data-e-type=\"widget\" data-settings=\"{&quot;columns&quot;:3,&quot;columns_tablet&quot;:3,&quot;lazyload&quot;:&quot;yes&quot;,&quot;gallery_layout&quot;:&quot;grid&quot;,&quot;columns_mobile&quot;:1,&quot;gap&quot;:{&quot;unit&quot;:&quot;px&quot;,&quot;size&quot;:10,&quot;sizes&quot;:[]},&quot;gap_tablet&quot;:{&quot;unit&quot;:&quot;px&quot;,&quot;size&quot;:10,&quot;sizes&quot;:[]},&quot;gap_mobile&quot;:{&quot;unit&quot;:&quot;px&quot;,&quot;size&quot;:10,&quot;sizes&quot;:[]},&quot;link_to&quot;:&quot;file&quot;,&quot;aspect_ratio&quot;:&quot;3:2&quot;,&quot;overlay_background&quot;:&quot;yes&quot;,&quot;content_hover_animation&quot;:&quot;fade-in&quot;}\" data-widget_type=\"gallery.default\">\n\t\t\t\t<div class=\"elementor-widget-container\">\n\t\t\t\t\t\t\t<div class=\"elementor-gallery__container\">\r\n\t\t\t\t\t\t\t<a class=\"e-gallery-item elementor-gallery-item elementor-animated-content\" href=\"https:\/\/lencois.com.br\/wp-content\/uploads\/2026\/02\/Lencois-Bahia-Brasil-1.jpg\" data-elementor-open-lightbox=\"yes\" data-elementor-lightbox-slideshow=\"8d1a6e3\" data-e-action-hash=\"#elementor-action%3Aaction%3Dlightbox%26settings%3DeyJpZCI6MjQ5NCwidXJsIjoiaHR0cHM6XC9cL2xlbmNvaXMuY29tLmJyXC93cC1jb250ZW50XC91cGxvYWRzXC8yMDI2XC8wMlwvTGVuY29pcy1CYWhpYS1CcmFzaWwtMS5qcGciLCJzbGlkZXNob3ciOiI4ZDFhNmUzIn0%3D\">\r\n\t\t\t\t\t<div class=\"e-gallery-image elementor-gallery-item__image\" data-thumbnail=\"https:\/\/lencois.com.br\/wp-content\/uploads\/2026\/02\/Lencois-Bahia-Brasil-1-768x432.jpg\" data-width=\"768\" data-height=\"432\" aria-label=\"\" role=\"img\" ><\/div>\r\n\t\t\t\t\t\t\t\t\t\t\t<div class=\"elementor-gallery-item__overlay\"><\/div>\r\n\t\t\t\t\t\t\t\t\t\t\t\t\t\t<\/a>\r\n\t\t\t\t\t\t\t<a class=\"e-gallery-item elementor-gallery-item elementor-animated-content\" href=\"https:\/\/lencois.com.br\/wp-content\/uploads\/2026\/02\/Lencois-Bahia-Chapada-Diamantina-1.jpg\" data-elementor-open-lightbox=\"yes\" data-elementor-lightbox-slideshow=\"8d1a6e3\" data-e-action-hash=\"#elementor-action%3Aaction%3Dlightbox%26settings%3DeyJpZCI6MjQ5NSwidXJsIjoiaHR0cHM6XC9cL2xlbmNvaXMuY29tLmJyXC93cC1jb250ZW50XC91cGxvYWRzXC8yMDI2XC8wMlwvTGVuY29pcy1CYWhpYS1DaGFwYWRhLURpYW1hbnRpbmEtMS5qcGciLCJzbGlkZXNob3ciOiI4ZDFhNmUzIn0%3D\">\r\n\t\t\t\t\t<div class=\"e-gallery-image elementor-gallery-item__image\" data-thumbnail=\"https:\/\/lencois.com.br\/wp-content\/uploads\/2026\/02\/Lencois-Bahia-Chapada-Diamantina-1-768x432.jpg\" data-width=\"768\" data-height=\"432\" aria-label=\"\" role=\"img\" ><\/div>\r\n\t\t\t\t\t\t\t\t\t\t\t<div class=\"elementor-gallery-item__overlay\"><\/div>\r\n\t\t\t\t\t\t\t\t\t\t\t\t\t\t<\/a>\r\n\t\t\t\t\t\t\t<a class=\"e-gallery-item elementor-gallery-item elementor-animated-content\" href=\"https:\/\/lencois.com.br\/wp-content\/uploads\/2026\/02\/Parque-da-_iritiba-Lencois-Bahia-1.jpg\" data-elementor-open-lightbox=\"yes\" data-elementor-lightbox-slideshow=\"8d1a6e3\" data-e-action-hash=\"#elementor-action%3Aaction%3Dlightbox%26settings%3DeyJpZCI6MjQ5NiwidXJsIjoiaHR0cHM6XC9cL2xlbmNvaXMuY29tLmJyXC93cC1jb250ZW50XC91cGxvYWRzXC8yMDI2XC8wMlwvUGFycXVlLWRhLV9pcml0aWJhLUxlbmNvaXMtQmFoaWEtMS5qcGciLCJzbGlkZXNob3ciOiI4ZDFhNmUzIn0%3D\">\r\n\t\t\t\t\t<div class=\"e-gallery-image elementor-gallery-item__image\" data-thumbnail=\"https:\/\/lencois.com.br\/wp-content\/uploads\/2026\/02\/Parque-da-_iritiba-Lencois-Bahia-1-768x432.jpg\" data-width=\"768\" data-height=\"432\" aria-label=\"\" role=\"img\" ><\/div>\r\n\t\t\t\t\t\t\t\t\t\t\t<div class=\"elementor-gallery-item__overlay\"><\/div>\r\n\t\t\t\t\t\t\t\t\t\t\t\t\t\t<\/a>\r\n\t\t\t\t\t<\/div>\r\n\t\t\t\t\t<\/div>\n\t\t\t\t<\/div>\n\t\t\t\t<\/div>\n\t\t\t\t\t<\/div>\n\t\t\t\t<\/div>\n\t\t<div class=\"elementor-element elementor-element-2459b4a e-flex e-con-boxed e-con e-child\" data-id=\"2459b4a\" data-element_type=\"container\" data-e-type=\"container\" data-settings=\"{&quot;background_background&quot;:&quot;classic&quot;}\">\n\t\t\t\t\t<div class=\"e-con-inner\">\n\t\t<div class=\"elementor-element elementor-element-dbeac1b e-con-full e-flex e-con e-child\" data-id=\"dbeac1b\" data-element_type=\"container\" data-e-type=\"container\">\n\t\t\t\t<div class=\"elementor-element elementor-element-93aed61 elementor-widget elementor-widget-text-editor\" data-id=\"93aed61\" data-element_type=\"widget\" data-e-type=\"widget\" data-widget_type=\"text-editor.default\">\n\t\t\t\t<div class=\"elementor-widget-container\">\n\t\t\t\t\t\t\t\t\t<p style=\"text-align: center;\">Len\u00e7\u00f3is possui a melhor infraestrutura tur\u00edstica da Chapada Diamantina, com restaurantes, bares, servi\u00e7os, guias credenciados e acesso facilitado aos principais atrativos naturais.<br \/>Chegar a Len\u00e7\u00f3is \u00e9 simples. Estar em Len\u00e7\u00f3is \u00e9 estar no lugar certo para explorar a Chapada Diamantina com conforto, seguran\u00e7a e liberdade.<\/p>\t\t\t\t\t\t\t\t<\/div>\n\t\t\t\t<\/div>\n\t\t\t\t<\/div>\n\t\t\t\t\t<\/div>\n\t\t\t\t<\/div>\n\t\t\t\t<\/div>\n\t\t<div class=\"elementor-element elementor-element-d1d6f21 e-flex e-con-boxed e-con e-parent\" data-id=\"d1d6f21\" data-element_type=\"container\" data-e-type=\"container\" data-settings=\"{&quot;background_background&quot;:&quot;classic&quot;}\">\n\t\t\t\t\t<div class=\"e-con-inner\">\n\t\t\t\t<div class=\"elementor-element elementor-element-1916a0f elementor-align-center elementor-widget elementor-widget-button\" data-id=\"1916a0f\" data-element_type=\"widget\" data-e-type=\"widget\" data-widget_type=\"button.default\">\n\t\t\t\t<div class=\"elementor-widget-container\">\n\t\t\t\t\t\t\t\t\t<div class=\"elementor-button-wrapper\">\n\t\t\t\t\t<a class=\"elementor-button elementor-button-link elementor-size-md\" href=\"https:\/\/book.omnibees.com\/chain\/3664\/hotel\/6684\" rel=\"nofollow noopener\" target=\"_blank\">\n\t\t\t\t\t\t<span class=\"elementor-button-content-wrapper\">\n\t\t\t\t\t\t\t\t\t<span class=\"elementor-button-text\">RESERVE SEU CANTO<\/span>\n\t\t\t\t\t<\/span>\n\t\t\t\t\t<\/a>\n\t\t\t\t<\/div>\n\t\t\t\t\t\t\t\t<\/div>\n\t\t\t\t<\/div>\n\t\t\t\t\t<\/div>\n\t\t\t\t<\/div>\n\t\t\t\t<\/div>\n\t\t","protected":false},"excerpt":{"rendered":"<p>Home Acomoda\u00e7\u00f5es Gastronomia Sustentabilidade Experi\u00eancias HOTEL ART GALLERY Len\u00e7\u00f3is Len\u00e7\u00f3is, Bahia, \u00e9 a porta de entrada natural da Chapada Diamantina.Antiga capital do garimpo de diamantes fundada em 1856, preserva sua arquitetura hist\u00f3rica, suas ruas de pedra e uma mem\u00f3ria viva que moldou sua identidade acolhedora e resiliente. O passado minerador deixou n\u00e3o apenas constru\u00e7\u00f5es e [&hellip;]<\/p>\n","protected":false},"author":1,"featured_media":4422,"parent":0,"menu_order":25,"comment_status":"closed","ping_status":"closed","template":"","meta":{"footnotes":""},"class_list":["post-2091","page","type-page","status-publish","has-post-thumbnail","hentry"],"_links":{"self":[{"href":"https:\/\/lencois.com.br\/fr\/wp-json\/wp\/v2\/pages\/2091","targetHints":{"allow":["GET"]}}],"collection":[{"href":"https:\/\/lencois.com.br\/fr\/wp-json\/wp\/v2\/pages"}],"about":[{"href":"https:\/\/lencois.com.br\/fr\/wp-json\/wp\/v2\/types\/page"}],"author":[{"embeddable":true,"href":"https:\/\/lencois.com.br\/fr\/wp-json\/wp\/v2\/users\/1"}],"replies":[{"embeddable":true,"href":"https:\/\/lencois.com.br\/fr\/wp-json\/wp\/v2\/comments?post=2091"}],"version-history":[{"count":110,"href":"https:\/\/lencois.com.br\/fr\/wp-json\/wp\/v2\/pages\/2091\/revisions"}],"predecessor-version":[{"id":4738,"href":"https:\/\/lencois.com.br\/fr\/wp-json\/wp\/v2\/pages\/2091\/revisions\/4738"}],"wp:featuredmedia":[{"embeddable":true,"href":"https:\/\/lencois.com.br\/fr\/wp-json\/wp\/v2\/media\/4422"}],"wp:attachment":[{"href":"https:\/\/lencois.com.br\/fr\/wp-json\/wp\/v2\/media?parent=2091"}],"curies":[{"name":"wp","href":"https:\/\/api.w.org\/{rel}","templated":true}]}}