{"id":665,"date":"2023-05-03T14:23:23","date_gmt":"2023-05-03T17:23:23","guid":{"rendered":"https:\/\/cantodasaguas.beeweb.net.br\/?page_id=665"},"modified":"2026-04-27T09:33:54","modified_gmt":"2026-04-27T12:33:54","slug":"%e9%ab%98%e7%b4%9a%e5%ae%bf%e6%b3%8a%e6%96%bd%e8%a8%ad","status":"publish","type":"page","link":"https:\/\/lencois.com.br\/ja\/acomodacao-luxo\/","title":{"rendered":"\u30e9\u30b0\u30b8\u30e5\u30a2\u30ea\u30fc"},"content":{"rendered":"\t\t<div data-elementor-type=\"wp-page\" data-elementor-id=\"665\" class=\"elementor elementor-665\" data-elementor-post-type=\"page\">\n\t\t\t\t<div class=\"elementor-element elementor-element-81e2ef9 e-flex e-con-boxed e-con e-parent\" data-id=\"81e2ef9\" data-element_type=\"container\" data-e-type=\"container\" data-settings=\"{&quot;background_background&quot;:&quot;classic&quot;}\">\n\t\t\t\t\t<div class=\"e-con-inner\">\n\t\t\t\t\t<\/div>\n\t\t\t\t<\/div>\n\t\t<div class=\"elementor-element elementor-element-c861810 elementor-hidden-mobile e-flex e-con-boxed e-con e-parent\" data-id=\"c861810\" data-element_type=\"container\" data-e-type=\"container\" data-settings=\"{&quot;background_background&quot;:&quot;classic&quot;,&quot;sticky&quot;:&quot;top&quot;,&quot;sticky_offset&quot;:64,&quot;sticky_on&quot;:[&quot;desktop&quot;,&quot;tablet&quot;,&quot;mobile&quot;],&quot;sticky_effects_offset&quot;:0,&quot;sticky_anchor_link_offset&quot;:0}\">\n\t\t\t\t\t<div class=\"e-con-inner\">\n\t\t\t\t<div class=\"elementor-element elementor-element-b925786 elementor-icon-list--layout-inline elementor-align-center menu-horizontal elementor-list-item-link-full_width elementor-widget elementor-widget-global elementor-global-3095 elementor-widget-icon-list\" data-id=\"b925786\" data-element_type=\"widget\" data-e-type=\"widget\" data-widget_type=\"icon-list.default\">\n\t\t\t\t<div class=\"elementor-widget-container\">\n\t\t\t\t\t\t\t<ul class=\"elementor-icon-list-items elementor-inline-items\">\n\t\t\t\t\t\t\t<li class=\"elementor-icon-list-item elementor-inline-item\">\n\t\t\t\t\t\t\t\t\t\t\t<a href=\"https:\/\/lencois.com.br\/ja\">\n\n\t\t\t\t\t\t\t\t\t\t\t<span class=\"elementor-icon-list-text\"><span class=\"menu-horizontal__home\">Home<\/span><\/span>\n\t\t\t\t\t\t\t\t\t\t\t<\/a>\n\t\t\t\t\t\t\t\t\t<\/li>\n\t\t\t\t\t\t\t\t<li class=\"elementor-icon-list-item elementor-inline-item\">\n\t\t\t\t\t\t\t\t\t\t\t<a href=\"https:\/\/lencois.com.br\/acomodacoes\/\">\n\n\t\t\t\t\t\t\t\t\t\t\t<span class=\"elementor-icon-list-text\">Acomoda\u00e7\u00f5es<\/span>\n\t\t\t\t\t\t\t\t\t\t\t<\/a>\n\t\t\t\t\t\t\t\t\t<\/li>\n\t\t\t\t\t\t\t\t<li class=\"elementor-icon-list-item elementor-inline-item\">\n\t\t\t\t\t\t\t\t\t\t\t<a href=\"https:\/\/lencois.com.br\/restaurante\/\">\n\n\t\t\t\t\t\t\t\t\t\t\t<span class=\"elementor-icon-list-text\">Gastronomia<\/span>\n\t\t\t\t\t\t\t\t\t\t\t<\/a>\n\t\t\t\t\t\t\t\t\t<\/li>\n\t\t\t\t\t\t\t\t<li class=\"elementor-icon-list-item elementor-inline-item\">\n\t\t\t\t\t\t\t\t\t\t\t<a href=\"https:\/\/lencois.com.br\/mais-sustentabilidade\/\">\n\n\t\t\t\t\t\t\t\t\t\t\t<span class=\"elementor-icon-list-text\">Sustentabilidade<\/span>\n\t\t\t\t\t\t\t\t\t\t\t<\/a>\n\t\t\t\t\t\t\t\t\t<\/li>\n\t\t\t\t\t\t\t\t<li class=\"elementor-icon-list-item elementor-inline-item\">\n\t\t\t\t\t\t\t\t\t\t\t<a href=\"https:\/\/lencois.com.br\/experiencias\/\">\n\n\t\t\t\t\t\t\t\t\t\t\t<span class=\"elementor-icon-list-text\">Experi\u00eancias<\/span>\n\t\t\t\t\t\t\t\t\t\t\t<\/a>\n\t\t\t\t\t\t\t\t\t<\/li>\n\t\t\t\t\t\t\t\t<li class=\"elementor-icon-list-item elementor-inline-item\">\n\t\t\t\t\t\t\t\t\t\t\t<a href=\"https:\/\/lencois.com.br\/galeria-de-arte\/\">\n\n\t\t\t\t\t\t\t\t\t\t\t<span class=\"elementor-icon-list-text\">HOTEL ART GALLERY<\/span>\n\t\t\t\t\t\t\t\t\t\t\t<\/a>\n\t\t\t\t\t\t\t\t\t<\/li>\n\t\t\t\t\t\t<\/ul>\n\t\t\t\t\t\t<\/div>\n\t\t\t\t<\/div>\n\t\t\t\t\t<\/div>\n\t\t\t\t<\/div>\n\t\t<div class=\"elementor-element elementor-element-5800c20 e-con-full e-flex e-con e-parent\" data-id=\"5800c20\" data-element_type=\"container\" data-e-type=\"container\" data-settings=\"{&quot;background_background&quot;:&quot;classic&quot;}\">\n\t\t\t\t<div class=\"elementor-element elementor-element-c4e553b elementor-widget elementor-widget-heading\" data-id=\"c4e553b\" data-element_type=\"widget\" data-e-type=\"widget\" data-widget_type=\"heading.default\">\n\t\t\t\t<div class=\"elementor-widget-container\">\n\t\t\t\t\t<h1 class=\"elementor-heading-title elementor-size-medium\">LUXO<\/h1>\t\t\t\t<\/div>\n\t\t\t\t<\/div>\n\t\t<div class=\"elementor-element elementor-element-9972039 e-flex e-con-boxed e-con e-child\" data-id=\"9972039\" data-element_type=\"container\" data-e-type=\"container\">\n\t\t\t\t\t<div class=\"e-con-inner\">\n\t\t\t\t<div class=\"elementor-element elementor-element-724eeaa elementor-widget elementor-widget-text-editor\" data-id=\"724eeaa\" data-element_type=\"widget\" data-e-type=\"widget\" data-widget_type=\"text-editor.default\">\n\t\t\t\t<div class=\"elementor-widget-container\">\n\t\t\t\t\t\t\t\t\t<p>As acomoda\u00e7\u00f5es Luxo foram pensadas para quem quer viver a presen\u00e7a do Rio Len\u00e7\u00f3is com conforto, leveza e mais amplitude. Nesta categoria, a experi\u00eancia se define por varandas, janelas voltadas para o rio, espa\u00e7os generosos e uma est\u00e9tica contempor\u00e2nea em di\u00e1logo com a natureza. \u00c9 a escolha ideal para casais que desejam mais vista, mais respiro e uma rela\u00e7\u00e3o mais pr\u00f3xima com a paisagem.<\/p>\t\t\t\t\t\t\t\t<\/div>\n\t\t\t\t<\/div>\n\t\t\t\t\t<\/div>\n\t\t\t\t<\/div>\n\t\t<div class=\"elementor-element elementor-element-a8e8b1a e-con-full elementor-hidden-mobile e-flex e-con e-child\" data-id=\"a8e8b1a\" data-element_type=\"container\" data-e-type=\"container\">\n\t\t<div class=\"elementor-element elementor-element-96a9d9b e-con-full e-flex e-con e-child\" data-id=\"96a9d9b\" data-element_type=\"container\" data-e-type=\"container\">\n\t\t\t\t<div class=\"elementor-element elementor-element-ebac2de elementor-widget elementor-widget-heading\" data-id=\"ebac2de\" data-element_type=\"widget\" data-e-type=\"widget\" data-widget_type=\"heading.default\">\n\t\t\t\t<div class=\"elementor-widget-container\">\n\t\t\t\t\t<h2 class=\"elementor-heading-title elementor-size-medium\"><a href=\"https:\/\/lencois.com.br\/canto-do-rio-hidro\/\">CANTO DO RIO HIDRO<\/a><\/h2>\t\t\t\t<\/div>\n\t\t\t\t<\/div>\n\t\t\t\t<\/div>\n\t\t<div class=\"elementor-element elementor-element-5e5f661 e-con-full e-flex e-con e-child\" data-id=\"5e5f661\" data-element_type=\"container\" data-e-type=\"container\">\n\t\t\t\t<div class=\"elementor-element elementor-element-011613a elementor-widget elementor-widget-heading\" data-id=\"011613a\" data-element_type=\"widget\" data-e-type=\"widget\" data-widget_type=\"heading.default\">\n\t\t\t\t<div class=\"elementor-widget-container\">\n\t\t\t\t\t<h2 class=\"elementor-heading-title elementor-size-medium\"><a href=\"https:\/\/lencois.com.br\/luxo-suite-das-aguas\/\">SU\u00cdTE DAS \u00c1GUAS<\/a><\/h2>\t\t\t\t<\/div>\n\t\t\t\t<\/div>\n\t\t\t\t<\/div>\n\t\t<div class=\"elementor-element elementor-element-dfcd064 e-con-full e-flex e-con e-child\" data-id=\"dfcd064\" data-element_type=\"container\" data-e-type=\"container\">\n\t\t\t\t<div class=\"elementor-element elementor-element-f54f255 elementor-widget elementor-widget-heading\" data-id=\"f54f255\" data-element_type=\"widget\" data-e-type=\"widget\" data-widget_type=\"heading.default\">\n\t\t\t\t<div class=\"elementor-widget-container\">\n\t\t\t\t\t<h2 class=\"elementor-heading-title elementor-size-medium\"><a href=\"https:\/\/lencois.com.br\/canto-do-rio-varanda\/\">CANTO DO RIO VARANDA<\/a><\/h2>\t\t\t\t<\/div>\n\t\t\t\t<\/div>\n\t\t\t\t<\/div>\n\t\t<div class=\"elementor-element elementor-element-8c7dbc0 e-con-full e-flex e-con e-child\" data-id=\"8c7dbc0\" data-element_type=\"container\" data-e-type=\"container\">\n\t\t\t\t<div class=\"elementor-element elementor-element-85ae067 elementor-widget elementor-widget-heading\" data-id=\"85ae067\" data-element_type=\"widget\" data-e-type=\"widget\" data-widget_type=\"heading.default\">\n\t\t\t\t<div class=\"elementor-widget-container\">\n\t\t\t\t\t<h2 class=\"elementor-heading-title elementor-size-medium\"><a href=\"https:\/\/lencois.com.br\/canto-do-rio-janelao\/\">CANTO DO RIO JARDIM<\/a><\/h2>\t\t\t\t<\/div>\n\t\t\t\t<\/div>\n\t\t\t\t<\/div>\n\t\t\t\t<\/div>\n\t\t\t\t<\/div>\n\t\t<div class=\"elementor-element elementor-element-0560450 e-con-full e-flex e-con e-parent\" data-id=\"0560450\" data-element_type=\"container\" data-e-type=\"container\" data-settings=\"{&quot;background_background&quot;:&quot;classic&quot;}\">\n\t\t<div class=\"elementor-element elementor-element-6002b39 e-con-full e-flex e-con e-child\" data-id=\"6002b39\" data-element_type=\"container\" data-e-type=\"container\">\n\t\t\t\t<div class=\"elementor-element elementor-element-48d1902 elementor-widget elementor-widget-image\" data-id=\"48d1902\" data-element_type=\"widget\" data-e-type=\"widget\" data-widget_type=\"image.default\">\n\t\t\t\t<div class=\"elementor-widget-container\">\n\t\t\t\t\t\t\t\t\t\t\t\t\t\t\t\t<a href=\"https:\/\/lencois.com.br\/canto-do-rio-hidro\/\">\n\t\t\t\t\t\t\t<img fetchpriority=\"high\" decoding=\"async\" width=\"800\" height=\"534\" src=\"https:\/\/lencois.com.br\/wp-content\/uploads\/2026\/02\/LUXO-CANTO-DO-RIO-HIDRO-01-1024x683.jpg\" class=\"elementor-animation-float attachment-large size-large wp-image-2251\" alt=\"\" srcset=\"https:\/\/lencois.com.br\/wp-content\/uploads\/2026\/02\/LUXO-CANTO-DO-RIO-HIDRO-01-1024x683.jpg 1024w, https:\/\/lencois.com.br\/wp-content\/uploads\/2026\/02\/LUXO-CANTO-DO-RIO-HIDRO-01-300x200.jpg 300w, https:\/\/lencois.com.br\/wp-content\/uploads\/2026\/02\/LUXO-CANTO-DO-RIO-HIDRO-01-768x512.jpg 768w, https:\/\/lencois.com.br\/wp-content\/uploads\/2026\/02\/LUXO-CANTO-DO-RIO-HIDRO-01.jpg 1500w\" sizes=\"(max-width: 800px) 100vw, 800px\" \/>\t\t\t\t\t\t\t\t<\/a>\n\t\t\t\t\t\t\t\t\t\t\t\t\t\t\t<\/div>\n\t\t\t\t<\/div>\n\t\t\t\t<div class=\"elementor-element elementor-element-5cf389b elementor-hidden-desktop elementor-hidden-tablet elementor-widget elementor-widget-heading\" data-id=\"5cf389b\" data-element_type=\"widget\" data-e-type=\"widget\" data-widget_type=\"heading.default\">\n\t\t\t\t<div class=\"elementor-widget-container\">\n\t\t\t\t\t<h2 class=\"elementor-heading-title elementor-size-medium\"><a href=\"https:\/\/lencois.com.br\/canto-do-rio-hidro\/\">CANTO DO RIO HIDRO<\/a><\/h2>\t\t\t\t<\/div>\n\t\t\t\t<\/div>\n\t\t\t\t<\/div>\n\t\t<div class=\"elementor-element elementor-element-b78ea39 e-con-full e-flex e-con e-child\" data-id=\"b78ea39\" data-element_type=\"container\" data-e-type=\"container\">\n\t\t\t\t<div class=\"elementor-element elementor-element-d41f5f1 elementor-widget elementor-widget-image\" data-id=\"d41f5f1\" data-element_type=\"widget\" data-e-type=\"widget\" data-widget_type=\"image.default\">\n\t\t\t\t<div class=\"elementor-widget-container\">\n\t\t\t\t\t\t\t\t\t\t\t\t\t\t\t\t<a href=\"https:\/\/lencois.com.br\/luxo-suite-das-aguas\/\">\n\t\t\t\t\t\t\t<img decoding=\"async\" width=\"800\" height=\"534\" src=\"https:\/\/lencois.com.br\/wp-content\/uploads\/2026\/02\/LUXO-SUITE-DAS-AGUAS-03-1024x683.jpg\" class=\"elementor-animation-float attachment-large size-large wp-image-2661\" alt=\"\" srcset=\"https:\/\/lencois.com.br\/wp-content\/uploads\/2026\/02\/LUXO-SUITE-DAS-AGUAS-03-1024x683.jpg 1024w, https:\/\/lencois.com.br\/wp-content\/uploads\/2026\/02\/LUXO-SUITE-DAS-AGUAS-03-300x200.jpg 300w, https:\/\/lencois.com.br\/wp-content\/uploads\/2026\/02\/LUXO-SUITE-DAS-AGUAS-03-768x512.jpg 768w, https:\/\/lencois.com.br\/wp-content\/uploads\/2026\/02\/LUXO-SUITE-DAS-AGUAS-03-1536x1024.jpg 1536w, https:\/\/lencois.com.br\/wp-content\/uploads\/2026\/02\/LUXO-SUITE-DAS-AGUAS-03.jpg 1920w\" sizes=\"(max-width: 800px) 100vw, 800px\" \/>\t\t\t\t\t\t\t\t<\/a>\n\t\t\t\t\t\t\t\t\t\t\t\t\t\t\t<\/div>\n\t\t\t\t<\/div>\n\t\t\t\t<div class=\"elementor-element elementor-element-187a02b elementor-hidden-desktop elementor-hidden-tablet elementor-widget elementor-widget-heading\" data-id=\"187a02b\" data-element_type=\"widget\" data-e-type=\"widget\" data-widget_type=\"heading.default\">\n\t\t\t\t<div class=\"elementor-widget-container\">\n\t\t\t\t\t<h2 class=\"elementor-heading-title elementor-size-medium\"><a href=\"https:\/\/lencois.com.br\/luxo-suite-das-aguas\/\">SU\u00cdTE DAS \u00c1GUAS<\/a><\/h2>\t\t\t\t<\/div>\n\t\t\t\t<\/div>\n\t\t\t\t<\/div>\n\t\t<div class=\"elementor-element elementor-element-2288144 e-con-full e-flex e-con e-child\" data-id=\"2288144\" data-element_type=\"container\" data-e-type=\"container\">\n\t\t\t\t<div class=\"elementor-element elementor-element-93df388 elementor-widget elementor-widget-image\" data-id=\"93df388\" data-element_type=\"widget\" data-e-type=\"widget\" data-widget_type=\"image.default\">\n\t\t\t\t<div class=\"elementor-widget-container\">\n\t\t\t\t\t\t\t\t\t\t\t\t\t\t\t\t<a href=\"https:\/\/lencois.com.br\/canto-do-rio-varanda\/\">\n\t\t\t\t\t\t\t<img decoding=\"async\" width=\"800\" height=\"534\" src=\"https:\/\/lencois.com.br\/wp-content\/uploads\/2026\/02\/LUXO-CANTO-DO-RIO-VARANDA-06-1024x683.jpeg\" class=\"elementor-animation-float attachment-large size-large wp-image-2702\" alt=\"\" srcset=\"https:\/\/lencois.com.br\/wp-content\/uploads\/2026\/02\/LUXO-CANTO-DO-RIO-VARANDA-06-1024x683.jpeg 1024w, https:\/\/lencois.com.br\/wp-content\/uploads\/2026\/02\/LUXO-CANTO-DO-RIO-VARANDA-06-300x200.jpeg 300w, https:\/\/lencois.com.br\/wp-content\/uploads\/2026\/02\/LUXO-CANTO-DO-RIO-VARANDA-06-768x512.jpeg 768w, https:\/\/lencois.com.br\/wp-content\/uploads\/2026\/02\/LUXO-CANTO-DO-RIO-VARANDA-06-1536x1024.jpeg 1536w, https:\/\/lencois.com.br\/wp-content\/uploads\/2026\/02\/LUXO-CANTO-DO-RIO-VARANDA-06.jpeg 1920w\" sizes=\"(max-width: 800px) 100vw, 800px\" \/>\t\t\t\t\t\t\t\t<\/a>\n\t\t\t\t\t\t\t\t\t\t\t\t\t\t\t<\/div>\n\t\t\t\t<\/div>\n\t\t\t\t<div class=\"elementor-element elementor-element-66f3a84 elementor-hidden-desktop elementor-hidden-tablet elementor-widget elementor-widget-heading\" data-id=\"66f3a84\" data-element_type=\"widget\" data-e-type=\"widget\" data-widget_type=\"heading.default\">\n\t\t\t\t<div class=\"elementor-widget-container\">\n\t\t\t\t\t<h2 class=\"elementor-heading-title elementor-size-medium\"><a href=\"https:\/\/lencois.com.br\/canto-do-rio-varanda\/\">CANTO DO RIO VARANDA<\/a><\/h2>\t\t\t\t<\/div>\n\t\t\t\t<\/div>\n\t\t\t\t<\/div>\n\t\t<div class=\"elementor-element elementor-element-7f176db e-con-full e-flex e-con e-child\" data-id=\"7f176db\" data-element_type=\"container\" data-e-type=\"container\">\n\t\t\t\t<div class=\"elementor-element elementor-element-b398c98 elementor-widget elementor-widget-image\" data-id=\"b398c98\" data-element_type=\"widget\" data-e-type=\"widget\" data-widget_type=\"image.default\">\n\t\t\t\t<div class=\"elementor-widget-container\">\n\t\t\t\t\t\t\t\t\t\t\t\t\t\t\t\t<a href=\"https:\/\/lencois.com.br\/canto-do-rio-janelao\/\">\n\t\t\t\t\t\t\t<img loading=\"lazy\" decoding=\"async\" width=\"800\" height=\"534\" src=\"https:\/\/lencois.com.br\/wp-content\/uploads\/2026\/02\/LUXO-CANTO-DO-RIO-JARDIM-1024x683.jpeg\" class=\"elementor-animation-float attachment-large size-large wp-image-2724\" alt=\"\" srcset=\"https:\/\/lencois.com.br\/wp-content\/uploads\/2026\/02\/LUXO-CANTO-DO-RIO-JARDIM-1024x683.jpeg 1024w, https:\/\/lencois.com.br\/wp-content\/uploads\/2026\/02\/LUXO-CANTO-DO-RIO-JARDIM-300x200.jpeg 300w, https:\/\/lencois.com.br\/wp-content\/uploads\/2026\/02\/LUXO-CANTO-DO-RIO-JARDIM-768x512.jpeg 768w, https:\/\/lencois.com.br\/wp-content\/uploads\/2026\/02\/LUXO-CANTO-DO-RIO-JARDIM-1536x1024.jpeg 1536w, https:\/\/lencois.com.br\/wp-content\/uploads\/2026\/02\/LUXO-CANTO-DO-RIO-JARDIM.jpeg 1920w\" sizes=\"(max-width: 800px) 100vw, 800px\" \/>\t\t\t\t\t\t\t\t<\/a>\n\t\t\t\t\t\t\t\t\t\t\t\t\t\t\t<\/div>\n\t\t\t\t<\/div>\n\t\t\t\t<div class=\"elementor-element elementor-element-6a73ec2 elementor-hidden-desktop elementor-hidden-tablet elementor-widget elementor-widget-heading\" data-id=\"6a73ec2\" data-element_type=\"widget\" data-e-type=\"widget\" data-widget_type=\"heading.default\">\n\t\t\t\t<div class=\"elementor-widget-container\">\n\t\t\t\t\t<h2 class=\"elementor-heading-title elementor-size-medium\"><a href=\"https:\/\/lencois.com.br\/canto-do-rio-janelao\/\">CANTO DO RIO JARDIM<\/a><\/h2>\t\t\t\t<\/div>\n\t\t\t\t<\/div>\n\t\t\t\t<\/div>\n\t\t\t\t<\/div>\n\t\t<div class=\"elementor-element elementor-element-5a3b904 e-flex e-con-boxed e-con e-parent\" data-id=\"5a3b904\" data-element_type=\"container\" data-e-type=\"container\" data-settings=\"{&quot;background_background&quot;:&quot;classic&quot;}\">\n\t\t\t\t\t<div class=\"e-con-inner\">\n\t\t\t\t<div class=\"elementor-element elementor-element-090cd57 elementor-align-center elementor-widget elementor-widget-global elementor-global-4322 elementor-widget-button\" data-id=\"090cd57\" data-element_type=\"widget\" data-e-type=\"widget\" data-widget_type=\"button.default\">\n\t\t\t\t<div class=\"elementor-widget-container\">\n\t\t\t\t\t\t\t\t\t<div class=\"elementor-button-wrapper\">\n\t\t\t\t\t<a class=\"elementor-button elementor-button-link elementor-size-md\" href=\"https:\/\/book.omnibees.com\/chain\/3664\" target=\"_blank\" rel=\"nofollow noopener\">\n\t\t\t\t\t\t<span class=\"elementor-button-content-wrapper\">\n\t\t\t\t\t\t\t\t\t<span class=\"elementor-button-text\">RESERVE SEU CANTO<\/span>\n\t\t\t\t\t<\/span>\n\t\t\t\t\t<\/a>\n\t\t\t\t<\/div>\n\t\t\t\t\t\t\t\t<\/div>\n\t\t\t\t<\/div>\n\t\t\t\t\t<\/div>\n\t\t\t\t<\/div>\n\t\t\t\t<\/div>\n\t\t","protected":false},"excerpt":{"rendered":"<p>Home Acomoda\u00e7\u00f5es Gastronomia Sustentabilidade Experi\u00eancias HOTEL ART GALLERY LUXO As acomoda\u00e7\u00f5es Luxo foram pensadas para quem quer viver a presen\u00e7a do Rio Len\u00e7\u00f3is com conforto, leveza e mais amplitude. Nesta categoria, a experi\u00eancia se define por varandas, janelas voltadas para o rio, espa\u00e7os generosos e uma est\u00e9tica contempor\u00e2nea em di\u00e1logo com a natureza. \u00c9 a escolha ideal para casais que desejam mais vista, mais respiro e uma rela\u00e7\u00e3o mais pr\u00f3xima com a paisagem. CANTO DO RIO HIDRO SU\u00cdTE DAS \u00c1GUAS CANTO DO RIO VARANDA CANTO DO RIO JARDIM CANTO DO RIO HIDRO SU\u00cdTE DAS \u00c1GUAS CANTO DO RIO VARANDA CANTO DO RIO JARDIM RESERVE SEU CANTO<\/p>","protected":false},"author":1,"featured_media":2661,"parent":0,"menu_order":5,"comment_status":"closed","ping_status":"closed","template":"","meta":{"footnotes":""},"class_list":["post-665","page","type-page","status-publish","has-post-thumbnail","hentry"],"_links":{"self":[{"href":"https:\/\/lencois.com.br\/ja\/wp-json\/wp\/v2\/pages\/665","targetHints":{"allow":["GET"]}}],"collection":[{"href":"https:\/\/lencois.com.br\/ja\/wp-json\/wp\/v2\/pages"}],"about":[{"href":"https:\/\/lencois.com.br\/ja\/wp-json\/wp\/v2\/types\/page"}],"author":[{"embeddable":true,"href":"https:\/\/lencois.com.br\/ja\/wp-json\/wp\/v2\/users\/1"}],"replies":[{"embeddable":true,"href":"https:\/\/lencois.com.br\/ja\/wp-json\/wp\/v2\/comments?post=665"}],"version-history":[{"count":78,"href":"https:\/\/lencois.com.br\/ja\/wp-json\/wp\/v2\/pages\/665\/revisions"}],"predecessor-version":[{"id":4707,"href":"https:\/\/lencois.com.br\/ja\/wp-json\/wp\/v2\/pages\/665\/revisions\/4707"}],"wp:featuredmedia":[{"embeddable":true,"href":"https:\/\/lencois.com.br\/ja\/wp-json\/wp\/v2\/media\/2661"}],"wp:attachment":[{"href":"https:\/\/lencois.com.br\/ja\/wp-json\/wp\/v2\/media?parent=665"}],"curies":[{"name":"wp","href":"https:\/\/api.w.org\/{rel}","templated":true}]}}