{"id":887,"date":"2023-06-02T15:07:16","date_gmt":"2023-06-02T18:07:16","guid":{"rendered":"https:\/\/cantodasaguas.beeweb.net.br\/?page_id=887"},"modified":"2026-04-27T10:24:34","modified_gmt":"2026-04-27T13:24:34","slug":"%e3%83%97%e3%83%a9%e3%82%a4%e3%83%90%e3%82%b7%e3%83%bc%e3%83%9d%e3%83%aa%e3%82%b7%e3%83%bc","status":"publish","type":"page","link":"https:\/\/lencois.com.br\/ja\/politica-de-privacidade\/","title":{"rendered":"\u30d7\u30e9\u30a4\u30d0\u30b7\u30fc\u30dd\u30ea\u30b7\u30fc"},"content":{"rendered":"<div data-elementor-type=\"wp-page\" data-elementor-id=\"887\" class=\"elementor elementor-887\" data-elementor-post-type=\"page\">\n\t\t\t\t\t\t<section class=\"elementor-section elementor-top-section elementor-element elementor-element-c3b81bc elementor-section-boxed elementor-section-height-default elementor-section-height-default\" data-id=\"c3b81bc\" data-element_type=\"section\" data-e-type=\"section\">\n\t\t\t\t\t\t<div class=\"elementor-container elementor-column-gap-default\">\n\t\t\t\t\t<div class=\"elementor-column elementor-col-100 elementor-top-column elementor-element elementor-element-db4dcdc\" data-id=\"db4dcdc\" data-element_type=\"column\" data-e-type=\"column\">\n\t\t\t<div class=\"elementor-widget-wrap elementor-element-populated\">\n\t\t\t\t\t\t<div class=\"elementor-element elementor-element-aadaaa1 elementor-widget elementor-widget-text-editor\" data-id=\"aadaaa1\" data-element_type=\"widget\" data-e-type=\"widget\" data-widget_type=\"text-editor.default\">\n\t\t\t\t<div class=\"elementor-widget-container\">\n\t\t\t\t\t\t\t\t\t<p>\u30d7\u30e9\u30a4\u30d0\u30b7\u30fc\u30dd\u30ea\u30b7\u30fc\u3068\u500b\u4eba\u60c5\u5831\u306e\u4fdd\u8b77<\/p><p>\u304a\u5ba2\u69d8\u306e\u300c\u500b\u4eba\u60c5\u5831\u300d\u3001\u3059\u306a\u308f\u3061\u3001\u76f4\u63a5\uff08\u4f8b\uff1a\u6c0f\u540d\uff09\u307e\u305f\u306f\u9593\u63a5\u7684\uff08\u4f8b\uff1a\u96fb\u8a71\u756a\u53f7\uff09\u306b\u3001\u304a\u5ba2\u69d8\u3092\u500b\u4eba\u7684\u306b\u7279\u5b9a\u3059\u308b\u3042\u3089\u3086\u308b\u5f62\u5f0f\u3067\u53ce\u96c6\u304a\u3088\u3073\u8a18\u9332\u3055\u308c\u305f\u60c5\u5831\u3092\u63d0\u4f9b\u3059\u308b\u524d\u306b\u3001\u3053\u308c\u3089\u306e\u5bbf\u6cca\u5ba2\u306e\u30d7\u30e9\u30a4\u30d0\u30b7\u30fc\u30dd\u30ea\u30b7\u30fc\u3092\u6ce8\u610f\u6df1\u304f\u304a\u8aad\u307f\u304f\u3060\u3055\u3044\u3002.<\/p><p>\u5f53\u30db\u30c6\u30eb\u306e\u30b2\u30b9\u30c8\u306e\u30d7\u30e9\u30a4\u30d0\u30b7\u30fc\u30dd\u30ea\u30b7\u30fc\u306f\u3001\u5f53\u30db\u30c6\u30eb\u306e\u30b5\u30fc\u30d3\u30b9\u306b\u9069\u7528\u3055\u308c\u308b\u5229\u7528\u898f\u7d04\u306e\u4e00\u90e8\u3092\u69cb\u6210\u3057\u307e\u3059\u3002\u672c\u898f\u7d04\u3092\u53d7\u8afe\u3059\u308b\u3053\u3068\u306b\u3088\u308a\u3001\u304a\u5ba2\u69d8\u306f\u5f53\u30db\u30c6\u30eb\u306e\u304a\u5ba2\u69d8\u306e\u30d7\u30e9\u30a4\u30d0\u30b7\u30fc\u30dd\u30ea\u30b7\u30fc\u3092\u660e\u793a\u7684\u306b\u53d7\u8afe\u3057\u305f\u3082\u306e\u3068\u307f\u306a\u3055\u308c\u307e\u3059\u3002.<\/p><p>\u5f53\u30db\u30c6\u30eb\u306e\u500b\u4eba\u60c5\u5831\u4fdd\u8b77\u65b9\u91dd\u306f\u3001\u4ee5\u4e0b\u306b\u9069\u7528\u3055\u308c\u307e\u3059\uff1a<\/p><p>a.\u30db\u30c6\u30eb\u304c\u5b9f\u65bd\u3059\u308b\u3059\u3079\u3066\u306e\u30c7\u30fc\u30bf\u51e6\u7406.<\/p><p>b.\u3053\u306e\u30db\u30c6\u30eb\u306e\u30a6\u30a7\u30d6\u30b5\u30a4\u30c8\u5168\u4f53\u3001\u30e9\u30f3\u30c7\u30a3\u30f3\u30b0\u30da\u30fc\u30b8\u3001\u4e88\u7d04\u30a8\u30f3\u30b8\u30f3\u3001\u3055\u3089\u306b\u306f\u30bd\u30fc\u30b7\u30e3\u30eb\u30cd\u30c3\u30c8\u30ef\u30fc\u30af\u3002.<\/p><p>\u500b\u4eba\u60c5\u5831\u306e\u4fdd\u8b77\u304a\u3088\u3073\u51e6\u7406\u306b\u95a2\u3059\u308b\u6cd5\u5f8b13709\/2018\u3092\u9075\u5b88\u3057\u3001\u5f53\u30db\u30c6\u30eb\u306f\u3001\u5bfe\u5fdc\u3059\u308b\u30d5\u30a9\u30fc\u30e0\u307e\u305f\u306f\u53d7\u4fe1\u3057\u305f\u96fb\u5b50\u30e1\u30fc\u30eb\u306b\u3088\u308a\u540c\u30a6\u30a7\u30d6\u30da\u30fc\u30b8\u3092\u901a\u3058\u3066\u63d0\u4f9b\u3055\u308c\u3001\u500b\u4eba\u60c5\u5831\u3068\u307f\u306a\u3055\u308c\u308b\u30c7\u30fc\u30bf\u306f\u3001\u5225\u6bb5\u306e\u8a18\u8f09\u304c\u306a\u3044\u9650\u308a\u3001\u7d76\u5bfe\u7684\u306a\u4efb\u610f\u306b\u57fa\u3065\u3044\u3066\u63d0\u4f9b\u3055\u308c\u308b\u3082\u306e\u3067\u3042\u308a\u3001\u305d\u306e\u4e0d\u5728\u304c\u63d0\u4f9b\u3055\u308c\u308b\u30b5\u30fc\u30d3\u30b9\u306e\u8cea\u306e\u4f4e\u4e0b\u3092\u610f\u5473\u3059\u308b\u3082\u306e\u3067\u306f\u306a\u3044\u3053\u3068\u3092\u3001\u30a6\u30a7\u30d6\u30da\u30fc\u30b8\u306e\u5229\u7528\u8005\u306b\u901a\u77e5\u3057\u307e\u3059\u3002.<\/p><p>\u500b\u4eba\u60c5\u5831<\/p><p>\u30db\u30c6\u30eb\u306b\u3054\u5bbf\u6cca\u306e\u304a\u5ba2\u69d8\u306b\u306f\u3001\u3055\u307e\u3056\u307e\u306a\u5834\u9762\u3067\u3001\u304a\u5ba2\u69d8\u3054\u81ea\u8eab\u304a\u3088\u3073\u3054\u540c\u884c\u8005\u306e\u500b\u4eba\u60c5\u5831\u306e\u63d0\u4f9b\u3092\u304a\u9858\u3044\u3059\u308b\u3053\u3068\u304c\u3042\u308a\u307e\u3059\uff1a<\/p><p>\u9023\u7d61\u5148\u60c5\u5831\uff08\u6c0f\u540d\u3001\u96fb\u8a71\u756a\u53f7\u3001E\u30e1\u30fc\u30eb\u30a2\u30c9\u30ec\u30b9\u3001\u90f5\u4fbf\u756a\u53f7\u306a\u3069;<br \/>\u305d\u306e\u4ed6\u306e\u500b\u4eba\u60c5\u5831\uff1a\u751f\u5e74\u6708\u65e5\u3001\u56fd\u7c4d\uff1b;<br \/>\u5b50\u4f9b\u306b\u95a2\u3059\u308b\u60c5\u5831\uff1a\u6c0f\u540d\u3001\u751f\u5e74\u6708\u65e5\u3001\u5e74\u9f62\uff1b;<br \/>\u30af\u30ec\u30b8\u30c3\u30c8\u30ab\u30fc\u30c9\u60c5\u5831\uff08\u30c8\u30e9\u30f3\u30b6\u30af\u30b7\u30e7\u30f3\u30b7\u30b9\u30c6\u30e0\u306e\u307f\uff09<br \/>\u30ed\u30a4\u30e4\u30ea\u30c6\u30a3\u30fb\u30d7\u30ed\u30b0\u30e9\u30e0\u306e\u4f1a\u54e1\u30ab\u30fc\u30c9\u756a\u53f7;<br \/>\u5f53\u30db\u30c6\u30eb\u3078\u306e\u3054\u5230\u7740\u65e5\u3001\u3054\u51fa\u767a\u65e5\u3001\u3054\u8a2a\u554f\u65e5;<br \/>\u55ab\u7159\u5ba4\u304b\u7981\u7159\u5ba4\u304b\u3001\u597d\u304d\u306a\u90e8\u5c4b\u306e\u5834\u6240\uff08\u4f4e\u5c64\u968e\u3001\u9ad8\u5c64\u968e\u306a\u3069\uff09\u3001\u30d9\u30c3\u30c9\u306e\u30bf\u30a4\u30d7\u3001\u597d\u304d\u306a\u65b0\u805e\u3001\u6587\u5316\u3084\u30b9\u30dd\u30fc\u30c4\u306e\u8da3\u5473\u306a\u3069\u3001\u597d\u307f\u3084\u8208\u5473\uff1b;<br \/>\u5f53\u30db\u30c6\u30eb\u306b\u3054\u6ede\u5728\u4e2d\u307e\u305f\u306f\u3054\u6ede\u5728\u5f8c\u306b\u751f\u3058\u305f\u3054\u8cea\u554f\u3084\u3054\u610f\u898b\u3002.<\/p><p>\u3055\u3089\u306b\u3001\u9069\u7528\u3055\u308c\u308b\u6cd5\u5f8b\u306b\u3088\u3063\u3066\u306f\u3001\u4e0a\u8a18\u4ee5\u5916\u306e\u30c7\u30fc\u30bf\uff08\u30af\u30ec\u30b8\u30c3\u30c8\u30ab\u30fc\u30c9\u756a\u53f7\u3001\u4f59\u6687\u306e\u7fd2\u6163\u3001\u8da3\u5473\u304a\u3088\u3073\u500b\u4eba\u7684\u306a\u6d3b\u52d5\u3001\u6587\u5316\u7684\u306a\u7fd2\u6163\u3001\u55ab\u7159\u8005\u307e\u305f\u306f\u975e\u55ab\u7159\u8005\u3067\u3042\u308b\u304b\u3069\u3046\u304b\u306e\u8868\u793a\u306a\u3069\uff09\u3082\u6a5f\u5bc6\u60c5\u5831\u3068\u307f\u306a\u3055\u308c\u308b\u5834\u5408\u304c\u3042\u308a\u307e\u3059\u3002\u305f\u3060\u3057\u3001\u304a\u5ba2\u69d8\u306e\u3054\u8981\u671b\u306b\u304a\u5fdc\u3048\u3059\u308b\u305f\u3081\u3001\u307e\u305f\u306f\u7279\u5b9a\u306e\u98df\u4e8b\u3084\u30d0\u30ea\u30a2\u30d5\u30ea\u30fc\u60c5\u5831\u306a\u3069\u7279\u5b9a\u306e\u30b5\u30fc\u30d3\u30b9\u3092\u63d0\u4f9b\u3059\u308b\u305f\u3081\u306b\u3001\u3053\u306e\u3088\u3046\u306a\u6a5f\u5bc6\u60c5\u5831\u3068\u307f\u306a\u3055\u308c\u308b\u30c7\u30fc\u30bf\u3092\u53ce\u96c6\u3059\u308b\u5fc5\u8981\u304c\u3042\u308b\u5834\u5408\u304c\u3042\u308a\u307e\u3059\u3002.<\/p><p>\u3053\u306e\u5834\u5408\u3001\u9069\u7528\u3055\u308c\u308b\u6cd5\u5f8b\u3067\u7fa9\u52d9\u4ed8\u3051\u3089\u308c\u3066\u3044\u308b\u5834\u5408\u306b\u306f\u3001\u5f53\u793e\u304c\u3053\u306e\u6a5f\u5bc6\u60c5\u5831\u3092\u53ce\u96c6\u3057\u51e6\u7406\u3059\u308b\u3053\u3068\u306b\u3064\u3044\u3066\u3001\u304a\u5ba2\u69d8\u306e\u660e\u793a\u7684\u306a\u540c\u610f\u3092\u6c42\u3081\u307e\u3059\u3002.<\/p><p>2.\u3053\u306e\u30c7\u30fc\u30bf\u306f\u3001\u6cd5\u5f8b\u306b\u5f93\u3044\u3001\u30db\u30c6\u30eb\u304c\u8cac\u4efb\u3092\u8ca0\u3046\u81ea\u52d5\u5316\u3055\u308c\u305f\u30c7\u30fc\u30bf\u30d9\u30fc\u30b9\u306b\u7d44\u307f\u8fbc\u307e\u308c\u307e\u3059\u3002 .<\/p><p>\u500b\u4eba\u60c5\u5831\u306f\u3001\u4ee5\u4e0b\u306e\u3088\u3046\u306a\u7279\u5b9a\u306e\u72b6\u6cc1\u306b\u304a\u3044\u3066\u53ce\u96c6\u3055\u308c\u308b\u3053\u3068\u304c\u3042\u308a\u307e\u3059\u304c\u3001\u3053\u308c\u3089\u306b\u9650\u5b9a\u3055\u308c\u308b\u3082\u306e\u3067\u306f\u3042\u308a\u307e\u305b\u3093\uff1a<\/p><p>a.\u4ee5\u4e0b\u306e\u3088\u3046\u306a\u30db\u30b9\u30d4\u30bf\u30ea\u30c6\u30a3\u306b\u95a2\u3059\u308b\u6d3b\u52d5\uff1a<\/p><p>\u30db\u30c6\u30eb\u306e\u4e88\u7d04;<br \/>\u30c1\u30a7\u30c3\u30af\u30a4\u30f3\u3068\u30c1\u30a7\u30c3\u30af\u30a2\u30a6\u30c8;<br \/>\u30db\u30c6\u30eb\u6ede\u5728\u4e2d\u306e\u6d88\u8cbb\u91cf\u3067\u3001\u5bbf\u6cca\u6599\u91d1\u3092\u78ba\u8a8d\u3059\u308b\u3053\u3068\u3067\u7b97\u51fa\u3067\u304d\u308b\uff1b;<br \/>\u82e6\u60c5\u3001\u8981\u671b\u304a\u3088\u3073\/\u307e\u305f\u306f\u8b70\u8ad6\u3002.<br \/>b.\u5546\u696d\u756a\u7d44\u3078\u306e\u53c2\u52a0\uff1a<\/p><p>\u30db\u30c6\u30eb\u306e\u30ed\u30a4\u30e4\u30ea\u30c6\u30a3\u30d7\u30ed\u30b0\u30e9\u30e0\u3078\u306e\u767b\u9332\uff1b;<br \/>\u30b2\u30b9\u30c8\u306e\u8a55\u4fa1\u3084\u30b3\u30e1\u30f3\u30c8\u306e\u6295\u7a3f\uff08\u4f8b\uff1a\u300c\u30b2\u30b9\u30c8\u306e\u6e80\u8db3\u5ea6\u300d\u3001\u300c\u304a\u554f\u3044\u5408\u308f\u305b\u300d\u3001\u300c\u30b2\u30b9\u30c8\u306e\u30b3\u30e1\u30f3\u30c8\u300d\uff09\uff1b;<br \/>\u30b3\u30f3\u30da\u30c6\u30a3\u30b7\u30e7\u30f3\uff1b;<br \/>\u96fb\u5b50\u30e1\u30fc\u30eb\u306b\u3088\u308b\u30ad\u30e3\u30f3\u30da\u30fc\u30f3\u3084\u30d7\u30ed\u30e2\u30fc\u30b7\u30e7\u30f3\u3092\u53d7\u3051\u53d6\u308b\u305f\u3081\u306e\u30cb\u30e5\u30fc\u30b9\u30ec\u30bf\u30fc\u306e\u8cfc\u8aad\u3002.<br \/>c.\u30b5\u30fc\u30d3\u30b9\u63d0\u4f9b\u8005\u3067\u3042\u308b\u7b2c\u4e09\u8005\u306b\u3088\u308b\u60c5\u5831\u306e\u63d0\u4f9b\uff1a<\/p><p>\u65c5\u884c\u4ee3\u7406\u5e97\u3001\u65c5\u884c\u4f1a\u793e\u3001GDS\u4e88\u7d04\u30b7\u30b9\u30c6\u30e0\u3001\u305d\u306e\u4ed6...<br \/>d.\u30a4\u30f3\u30bf\u30fc\u30cd\u30c3\u30c8\u6d3b\u52d5\uff1a<\/p><p>\u30db\u30c6\u30eb\u306e\u30a6\u30a7\u30d6\u30b5\u30a4\u30c8\u3078\u306e\u63a5\u7d9a\uff08IP\u30a2\u30c9\u30ec\u30b9\u3001\u30bb\u30c3\u30b7\u30e7\u30f3\u30af\u30c3\u30ad\u30fc\uff09\uff1b;<br \/>\u30aa\u30f3\u30e9\u30a4\u30f3\u53ce\u96c6\u30d5\u30a9\u30fc\u30e0\u3078\u306e\u5165\u529b\uff08\u30aa\u30f3\u30e9\u30a4\u30f3\u4e88\u7d04\u3001\u30a2\u30f3\u30b1\u30fc\u30c8\u306a\u3069\uff09<\/p><p>3.\u5229\u7528\u8005\u306f\u3001\u8cc7\u6599\u8acb\u6c42\u3078\u306e\u5bfe\u5fdc\u3001\u9001\u4ed8\u3055\u308c\u305f\u8996\u8074\u899a\u8cc7\u6599\u306e\u7ba1\u7406\u3001\u304a\u3088\u3073\u8a72\u5f53\u3059\u308b\u5834\u5408\u306f\u65e2\u5b58\u306e\u5951\u7d04\u95a2\u4fc2\u306e\u7ba1\u7406\u3001\u306a\u3089\u3073\u306b\u5546\u54c1\u3001\u30b5\u30fc\u30d3\u30b9\u3001\u30d7\u30ed\u30b0\u30e9\u30e0\u30ab\u30ec\u30f3\u30c0\u30fc\u3001\u304a\u3088\u3073\u5f53\u30db\u30c6\u30eb\u306e\u3059\u3079\u3066\u306e\u6d3b\u52d5\u306b\u95a2\u3059\u308b\u60c5\u5831\u306e\u63d0\u4f9b\u3092\u76ee\u7684\u3068\u3057\u3066\u3001\u81ea\u52d5\u30b7\u30b9\u30c6\u30e0\u306b\u3088\u308b\u5229\u7528\u8005\u306e\u30c7\u30fc\u30bf\u306e\u51e6\u7406\u304a\u3088\u3073\u4f7f\u7528\u306b\u540c\u610f\u3057\u3001\u304b\u3064\u305d\u306e\u65e8\u304c\u5229\u7528\u8005\u306b\u901a\u77e5\u3055\u308c\u308b\u3082\u306e\u3068\u3057\u307e\u3059\u3002.<\/p><p>\u5f53\u793e\u306f\u3001\u304a\u5ba2\u69d8\u306b\u53ef\u80fd\u306a\u9650\u308a\u6700\u9ad8\u54c1\u8cea\u306e\u30b5\u30fc\u30d3\u30b9\u3092\u63d0\u4f9b\u3059\u308b\u3088\u3046\u52aa\u3081\u307e\u3059\u3002\u5f53\u793e\u306f\u3001\u304a\u5ba2\u69d8\u306e\u500b\u4eba\u60c5\u5831\u3092\u4ee5\u4e0b\u306e\u76ee\u7684\u3067\u5229\u7528\u3055\u305b\u3066\u3044\u305f\u3060\u304d\u307e\u3059\uff1a<\/p><p>a.\u4e88\u7d04\u306e\u7ba1\u7406<\/p><p>\u3054\u5e0c\u671b\u306e\u5bbf\u6cca\u65bd\u8a2d\u3092\u3054\u4e88\u7d04\u304f\u3060\u3055\u3044\uff1b;<br \/>\u696d\u52d9\u8a18\u9332\u306e\u4f5c\u6210\u3068\u7ba1\u7406\u3001\u304a\u3088\u3073\u8ca1\u52d9\u8981\u4ef6\u3092\u6e80\u305f\u3059\u3053\u3068\uff1b;<br \/>\u671b\u307e\u3057\u304f\u306a\u3044\u30b2\u30b9\u30c8\u306e\u30ea\u30b9\u30c8\u7ba1\u7406\u3001\u6599\u91d1\u672a\u6255\u3044\u3084\u4e0d\u9069\u5207\u306a\u884c\u52d5\u304c\u3042\u3063\u305f\u5834\u5408\u306e\u5bfe\u5fdc\u306a\u3069\u3001\u793e\u5185\u306e\u7ba1\u7406\u30d7\u30ed\u30bb\u30b9\u3092\u5b9f\u65bd\u3059\u308b\u3002.<br \/>b.\u30db\u30c6\u30eb\u3067\u306e\u6ede\u5728\u306e\u7ba1\u7406<\/p><p>\u6d88\u8cbb\u91cf\u306e\u7ba1\u7406\uff08\u96fb\u8a71\u3001\u30d0\u30fc\u3001\u30a4\u30f3\u30bf\u30fc\u30cd\u30c3\u30c8\u3001\u6709\u6599\u30c6\u30ec\u30d3...\uff09\uff1b;<br \/>\u30a2\u30af\u30bb\u30b9\u30eb\u30fc\u30e0.<br \/>c.\u4ee5\u4e0b\u306e\u3088\u3046\u306a\u30db\u30b9\u30d4\u30bf\u30ea\u30c6\u30a3\u306e\u5411\u4e0a\uff1a<\/p><p>\u9867\u5ba2\u95a2\u4fc2\u7ba1\u7406\u30d7\u30ed\u30b0\u30e9\u30e0\u306b\u304a\u3044\u3066\u304a\u5ba2\u69d8\u306e\u500b\u4eba\u60c5\u5831\u3092\u51e6\u7406\u3059\u308b\u3053\u3068\uff1b;<br \/>\u3042\u306a\u305f\u306e\u30cb\u30fc\u30ba\u3084\u8981\u671b\u3092\u3088\u304f\u77e5\u308b\u3053\u3068\uff1b;<br \/>\u304a\u5ba2\u69d8\u306e\u597d\u307f\u306b\u5408\u308f\u305b\u3066\u5546\u54c1\u3084\u30b5\u30fc\u30d3\u30b9\u3092\u30d1\u30fc\u30bd\u30ca\u30e9\u30a4\u30ba\u3057\u307e\u3059\u3002.<br \/>d.\u89b3\u5149\u3001\u30db\u30b9\u30d4\u30bf\u30ea\u30c6\u30a3\u3001\u30b5\u30fc\u30d3\u30b9\u3001\u30db\u30c6\u30eb\u306e\u30d7\u30ed\u30e2\u30fc\u30b7\u30e7\u30f3\u3001\u307e\u305f\u306f\u63d0\u643a\u5148\u306b\u95a2\u3059\u308b\u30cb\u30e5\u30fc\u30b9\u30ec\u30bf\u30fc\u3001\u30d7\u30ed\u30e2\u30fc\u30b7\u30e7\u30f3\u8cc7\u6599\u3001\u5546\u696d\u8cc7\u6599\u306e\u9001\u4ed8\u3001\u307e\u305f\u306f\u9023\u7d61\u306e\u305f\u3081\u3002\u30cb\u30e5\u30fc\u30b9\u30ec\u30bf\u30fc\u306e\u914d\u4fe1\u505c\u6b62\u306f\u3001\u30e1\u30c3\u30bb\u30fc\u30b8\u5185\u306e\u30ea\u30f3\u30af\u3092\u30af\u30ea\u30c3\u30af\u3059\u308b\u3053\u3068\u3067\u9078\u629e\u3067\u304d\u307e\u3059\u3002.<\/p><p>e.\u4ee5\u4e0b\u3092\u542b\u3080\u30db\u30c6\u30eb\u30b5\u30fc\u30d3\u30b9\u306e\u5411\u4e0a\uff1a<\/p><p>\u30a2\u30f3\u30b1\u30fc\u30c8\u3092\u5b9f\u65bd\u3057\u3001\u30b2\u30b9\u30c8\u306e\u30a2\u30f3\u30b1\u30fc\u30c8\u3084\u30b3\u30e1\u30f3\u30c8\u3001\u666e\u6bb5\u306e\u6d3b\u52d5\u3092\u5206\u6790\u3059\u308b\u3002<br \/>\u30b2\u30b9\u30c8\u306e\u82e6\u60c5\u3092\u7ba1\u7406\u3059\u308b.<br \/>\u30ed\u30a4\u30e4\u30eb\u30c6\u30a3\u30d7\u30ed\u30b0\u30e9\u30e0\u306e\u3054\u5229\u7528<br \/>f.\u4ee5\u4e0b\u3092\u542b\u3080\u5f53\u793e\u30a6\u30a7\u30d6\u30b5\u30a4\u30c8\u306e\u5229\u7528\u3092\u6539\u5584\u3057\u3001\u3088\u308a\u5b89\u5168\u306b\u3059\u308b\u3053\u3068\uff1a<\/p><p>\u30a6\u30a7\u30d6\u30b5\u30a4\u30c8\u306e\u30ca\u30d3\u30b2\u30fc\u30b7\u30e7\u30f3\u3092\u6539\u5584\u3059\u308b e\uff1b;<br \/>\u30bb\u30ad\u30e5\u30ea\u30c6\u30a3\u304a\u3088\u3073\u4e0d\u6b63\u9632\u6b62\u5bfe\u7b56\u3092\u5b9f\u65bd\u3059\u308b\u3002.<br \/>g.\u73fe\u5730\u306e\u898f\u5236\u3092\u9075\u5b88\u3059\u308b\uff08\u30d3\u30b8\u30cd\u30b9\u6587\u66f8\u3084\u4f1a\u8a08\u6587\u66f8\u306e\u4fdd\u7ba1\u306a\u3069\uff09\u3002.<\/p><p>4.\u5229\u7528\u8005\u306f\u3001\u3044\u304b\u306a\u308b\u5834\u5408\u306b\u304a\u3044\u3066\u3082\u3001\u63d0\u4f9b\u3055\u308c\u305f\u500b\u4eba\u60c5\u5831\u306e\u771f\u5b9f\u6027\u3001\u6b63\u78ba\u6027\u3001\u6709\u52b9\u6027\u3001\u771f\u6b63\u6027\u3092\u4fdd\u8a3c\u3057\u3001\u8cac\u4efb\u3092\u8ca0\u3046\u3082\u306e\u3068\u3057\u3001\u3053\u308c\u3092\u9069\u5207\u306b\u66f4\u65b0\u3059\u308b\u3053\u3068\u3092\u7d04\u675f\u3059\u308b\u3082\u306e\u3068\u3057\u307e\u3059\u3002.<\/p><p>\u307e\u305f\u3001\u304a\u5ba2\u69d8\u304c\u7b2c\u4e09\u8005\u306e\u500b\u4eba\u60c5\u5831\u3092\u5f53\u793e\u306b\u63d0\u4f9b\u3059\u308b\u5834\u5408\u3001\u304a\u5ba2\u69d8\u306f\u6b63\u5f53\u306a\u6a29\u9650\u3092\u6709\u3057\u3001\u5f53\u8a72\u60c5\u5831\u306e\u6240\u6709\u8005\u306b\u3053\u3053\u306b\u542b\u307e\u308c\u308b\u6a29\u5229\u304a\u3088\u3073\/\u307e\u305f\u306f\u7fa9\u52d9\u3092\u660e\u793a\u7684\u306b\u901a\u77e5\u3057\u3001\u5f53\u8a72\u60c5\u5831\u306e\u771f\u5b9f\u6027\u3001\u6b63\u78ba\u6027\u3001\u6709\u52b9\u6027\u3001\u66f4\u65b0\u6027\u304a\u3088\u3073\u771f\u6b63\u6027\u3092\u8a8d\u3081\u306a\u3051\u308c\u3070\u306a\u308a\u307e\u305b\u3093\u3002.<\/p><p>5.\u5229\u7528\u8005\u306f\u307e\u305f\u3001\u73fe\u884c\u6cd5\u306e\u4e0b\u3067\u5229\u7528\u8005\u306b\u8a8d\u3081\u3089\u308c\u3066\u3044\u308b\u6a29\u5229\u3001\u3059\u306a\u308f\u3061\u3001\u60c5\u5831\u3001\u30a2\u30af\u30bb\u30b9\u3001\u4fee\u6b63\u3001\u524a\u9664\u3001\u304a\u3088\u3073\u30c7\u30fc\u30bf\u306b\u5bfe\u3059\u308b\u53cd\u5bfe\u306e\u6a29\u5229\u3092\u884c\u4f7f\u3059\u308b\u53ef\u80fd\u6027\u306b\u3064\u3044\u3066\u77e5\u3089\u3055\u308c\u307e\u3059\u3002.<\/p><p>6.\u5f53\u30db\u30c6\u30eb\u306f\u300118\u6b73\u672a\u6e80\u306e\u304a\u5b50\u69d8\u304b\u3089\u6545\u610f\u306b\u500b\u4eba\u60c5\u5831\u3092\u53ce\u96c6\u3059\u308b\u3053\u3068\u306f\u3042\u308a\u307e\u305b\u3093\u3002\u305f\u3060\u3057\u3001\u304a\u5b50\u69d8\u306b\u4ee3\u308f\u3063\u3066\u3001\u307e\u305f\u306f\u304a\u5b50\u69d8\u306e\u8a31\u53ef\u3092\u5f97\u3066\u3001\u5927\u4eba\u304c\u76f4\u63a5\u63d0\u4f9b\u3057\u305f\u6c0f\u540d\u3001\u751f\u5e74\u6708\u65e5\u3001\u56fd\u7c4d\u306f\u9664\u304d\u307e\u3059\u3002\u304a\u5b50\u69d8\u304c\u30aa\u30f3\u30e9\u30a4\u30f3\u4e0a\u306a\u3069\u3067\u3001\u3054\u672c\u4eba\u306e\u540c\u610f\u306a\u3057\u306b\u5f53\u793e\u306b\u500b\u4eba\u60c5\u5831\u3092\u63d0\u4f9b\u3057\u306a\u3044\u3088\u3046\u3054\u6ce8\u610f\u304f\u3060\u3055\u3044\u3002\u304a\u5b50\u69d8\u304c\u500b\u4eba\u60c5\u5831\u3092\u5f53\u793e\u306b\u9001\u4fe1\u3057\u305f\u3068\u601d\u308f\u308c\u308b\u5834\u5408\u306f\u3001\u524a\u9664\u3044\u305f\u3057\u307e\u3059\u306e\u3067\u3001\u5f53\u793e\u307e\u3067\u3054\u9023\u7d61\u304f\u3060\u3055\u3044\u3002.<\/p><p>7.\u5f53\u30db\u30c6\u30eb\u306f\u3001\u500b\u4eba\u60c5\u5831\u306e\u7d1b\u5931\u3001\u8aa4\u7528\u3001\u6539\u3056\u3093\u3001\u4e0d\u6b63\u30a2\u30af\u30bb\u30b9\u3001\u76d7\u96e3\u3092\u9632\u6b62\u3057\u3001\u500b\u4eba\u60c5\u5831\u304c\u542b\u307e\u308c\u308b\u30d5\u30a1\u30a4\u30eb\u306e\u5b89\u5168\u6027\u3092\u4fdd\u8a3c\u3059\u308b\u305f\u3081\u306b\u3001\u65bd\u8a2d\u3001\u30b7\u30b9\u30c6\u30e0\u3001\u30d5\u30a1\u30a4\u30eb\u306b\u304a\u3044\u3066\u5fc5\u8981\u304b\u3064\u6cd5\u7684\u306b\u8981\u6c42\u3055\u308c\u308b\u30bb\u30ad\u30e5\u30ea\u30c6\u30a3\u5bfe\u7b56\u3092\u63a1\u7528\u3057\u3066\u3044\u308b\u3053\u3068\u3092\u4fdd\u8a3c\u3057\u307e\u3059\u3002.<\/p><p>8.\u305f\u3060\u3057\u3001\u4e0a\u8a18\u3092\u640d\u306a\u3046\u3053\u3068\u306a\u304f\u3001\u5229\u7528\u8005\u306f\u3001\u96fb\u5b50\u901a\u4fe1\u306e\u30bb\u30ad\u30e5\u30ea\u30c6\u30a3\u304c\u7121\u6575\u3067\u306f\u306a\u3044\u53ef\u80fd\u6027\u3092\u8a8d\u8b58\u3057\u3066\u3044\u307e\u3059\u3002.<\/p><p>9.\u305d\u308c\u306b\u3082\u304b\u304b\u308f\u3089\u305a\u3001\u5f53\u30db\u30c6\u30eb\u306f\u3001\u9069\u7528\u3055\u308c\u308b\u6cd5\u7684\u898f\u5b9a\u306b\u5f93\u3063\u3066\u5fc5\u8981\u3068\u3055\u308c\u308b\u500b\u4eba\u30c7\u30fc\u30bf\u304a\u3088\u3073\u5f53\u30db\u30c6\u30eb\u304c\u4fdd\u6709\u3059\u308b\u3001\u307e\u305f\u306f\u5f53\u30db\u30c6\u30eb\u306e\u30b7\u30b9\u30c6\u30e0\u3092\u901a\u3058\u3066\u30a2\u30af\u30bb\u30b9\u53ef\u80fd\u306a\u305d\u306e\u4ed6\u306e\u60c5\u5831\u3092\u3001\u7ba1\u8f44\u306e\u516c\u7684\u6a5f\u95a2\u306b\u958b\u793a\u3057\u307e\u3059\u3002.<\/p><p>10.\u5229\u7528\u8005\u306f\u3001\u7b2c1\u9805\u306b\u8a18\u8f09\u3055\u308c\u305f\u76ee\u7684\u306e\u305f\u3081\u306b\u3001\u307e\u305f\u306f\u5f53\u30db\u30c6\u30eb\u304c\u63d0\u643a\u5951\u7d04\u3092\u7de0\u7d50\u3057\u3066\u3044\u308b\u4ed6\u8005\u304a\u3088\u3073\/\u3082\u3057\u304f\u306f\u305d\u306e\u63d0\u4f9b\u8005\u306b\u3001\u5229\u7528\u8005\u306e\u30c7\u30fc\u30bf\u304c\u8ee2\u9001\u3055\u308c\u308b\u3053\u3068\u306b\u660e\u793a\u7684\u306b\u540c\u610f\u3059\u308b\u3082\u306e\u3068\u3057\u307e\u3059\u3002.<\/p><p>11.\u305f\u3060\u3057\u3001\u304a\u5ba2\u69d8\u306f\u3001\u304a\u5ba2\u69d8\u306e\u500b\u4eba\u60c5\u5831\u306b\u30a2\u30af\u30bb\u30b9\u3001\u5909\u66f4\u3001\u307e\u305f\u306f\u524a\u9664\u3059\u308b\u6a29\u5229\u3092\u6709\u3057\u307e\u3059\u3002\u307e\u305f\u3001\u304a\u5ba2\u69d8\u306f\u3001\u6b63\u5f53\u306a\u7406\u7531\u304c\u3042\u308b\u5834\u5408\u306b\u306f\u3001\u5f53\u30db\u30c6\u30eb\u306e\u304a\u5ba2\u69d8\u306e\u30d7\u30e9\u30a4\u30d0\u30b7\u30fc\u30dd\u30ea\u30b7\u30fc\u306b\u5f93\u3063\u3066\u3001\u304a\u5ba2\u69d8\u306e\u500b\u4eba\u60c5\u5831\u306e\u51e6\u7406\u3092\u62d2\u5426\u3059\u308b\u3053\u3068\u304c\u3067\u304d\u307e\u3059\u3002\u305f\u3060\u3057\u3001\u305d\u306e\u5834\u5408\u3001\u72b6\u6cc1\u306b\u3088\u3063\u3066\u306f\u3001\u8981\u6c42\u3055\u308c\u305f\u30b5\u30fc\u30d3\u30b9\u3092\u63d0\u4f9b\u3067\u304d\u306a\u304f\u306a\u308b\u53ef\u80fd\u6027\u304c\u3042\u308a\u3001\u307e\u305f\u3001\u3053\u306e\u51e6\u7406\u304c\u884c\u308f\u308c\u308b\u3053\u3068\u3092\u5e0c\u671b\u3055\u308c\u306a\u3044\u5834\u5408\u306f\u3001\u5f53\u30db\u30c6\u30eb\u306e\u7269\u7406\u7684\u306a\u4f4f\u6240\u306b\u304a\u5ba2\u69d8\u306e\u5e0c\u671b\u3092\u4f1d\u3048\u308b\u3053\u3068\u304c\u3067\u304d\u307e\u3059\u306e\u3067\u3001\u305d\u306e\u65e8\u304c\u5f53\u30db\u30c6\u30eb\u306b\u4f1d\u3048\u3089\u308c\u308b\u307e\u3067\u306f\u3001\u540c\u610f\u304c\u5f97\u3089\u308c\u305f\u3082\u306e\u3068\u307f\u306a\u3055\u308c\u308b\u3053\u3068\u306b\u3054\u7559\u610f\u304f\u3060\u3055\u3044\u3002.<\/p><p>12.\u672c\u30d7\u30e9\u30a4\u30d0\u30b7\u30fc\u30dd\u30ea\u30b7\u30fc\u306f\u3001\u4ee5\u4e0b\u306b\u793a\u3059\u3068\u304a\u308a\u3001\u968f\u6642\u66f4\u65b0\u3055\u308c\u307e\u3059\u3002\u305d\u306e\u305f\u3081\u3001\u5f53\u30db\u30c6\u30eb\u3092\u3054\u4e88\u7d04\u306e\u969b\u306f\u3001\u5b9a\u671f\u7684\u306b\u30d7\u30e9\u30a4\u30d0\u30b7\u30fc\u30dd\u30ea\u30b7\u30fc\u3092\u3054\u78ba\u8a8d\u304f\u3060\u3055\u3044\u3002.<\/p><p>13.\u5f53\u30db\u30c6\u30eb\u306e\u304a\u5ba2\u69d8\u306e\u30d7\u30e9\u30a4\u30d0\u30b7\u30fc\u306b\u95a2\u3059\u308b\u65b9\u91dd\u3001\u307e\u305f\u306f\u5f53\u30db\u30c6\u30eb\u306b\u3088\u308b\u304a\u5ba2\u69d8\u306e\u500b\u4eba\u60c5\u5831\u306e\u51e6\u7406\u65b9\u6cd5\u5168\u822c\u306b\u3064\u3044\u3066\u3054\u8cea\u554f\u304c\u3042\u308b\u5834\u5408\u306f\u3001\u4e0a\u8a1811.<\/p>\t\t\t\t\t\t\t\t<\/div>\n\t\t\t\t<\/div>\n\t\t\t\t\t<\/div>\n\t\t<\/div>\n\t\t\t\t\t<\/div>\n\t\t<\/section>\n\t\t\t\t<\/div>","protected":false},"excerpt":{"rendered":"<p>Pol\u00edtica de privacidade e prote\u00e7\u00e3o de dados pessoais Leia atentamente estas pol\u00edticas de privacidade dos h\u00f3spedes do hotel antes de fornecer suas \u201cInforma\u00e7\u00f5es pessoais\u201d, isto \u00e9, quaisquer informa\u00e7\u00f5es coletadas e registradas em qualquer formato que identifique Voc\u00ea pessoalmente, seja direta (por ex.: nome) ou indiretamente (por ex.: n\u00famero de telefone). As pol\u00edticas de privacidade dos h\u00f3spedes do hotel fazem parte dos termos e condi\u00e7\u00f5es que regem os servi\u00e7os do hotel. Ao aceitar estes termos e condi\u00e7\u00f5es Voc\u00ea estar\u00e1 expressamente aceitando as pol\u00edticas de privacidade dos h\u00f3spedes do hotel. As Pol\u00edticas de privacidade dos h\u00f3spedes do hotel aplicam-se a: a. Todo o processamento de dados implantado pelo hotel. b. Todo o [&hellip;]<\/p>\n","protected":false},"author":1,"featured_media":624,"parent":0,"menu_order":1,"comment_status":"closed","ping_status":"closed","template":"","meta":{"footnotes":""},"class_list":["post-887","page","type-page","status-publish","has-post-thumbnail","hentry"],"_links":{"self":[{"href":"https:\/\/lencois.com.br\/ja\/wp-json\/wp\/v2\/pages\/887","targetHints":{"allow":["GET"]}}],"collection":[{"href":"https:\/\/lencois.com.br\/ja\/wp-json\/wp\/v2\/pages"}],"about":[{"href":"https:\/\/lencois.com.br\/ja\/wp-json\/wp\/v2\/types\/page"}],"author":[{"embeddable":true,"href":"https:\/\/lencois.com.br\/ja\/wp-json\/wp\/v2\/users\/1"}],"replies":[{"embeddable":true,"href":"https:\/\/lencois.com.br\/ja\/wp-json\/wp\/v2\/comments?post=887"}],"version-history":[{"count":4,"href":"https:\/\/lencois.com.br\/ja\/wp-json\/wp\/v2\/pages\/887\/revisions"}],"predecessor-version":[{"id":4770,"href":"https:\/\/lencois.com.br\/ja\/wp-json\/wp\/v2\/pages\/887\/revisions\/4770"}],"wp:featuredmedia":[{"embeddable":true,"href":"https:\/\/lencois.com.br\/ja\/wp-json\/wp\/v2\/media\/624"}],"wp:attachment":[{"href":"https:\/\/lencois.com.br\/ja\/wp-json\/wp\/v2\/media?parent=887"}],"curies":[{"name":"wp","href":"https:\/\/api.w.org\/{rel}","templated":true}]}}