{"id":887,"date":"2023-06-02T15:07:16","date_gmt":"2023-06-02T18:07:16","guid":{"rendered":"https:\/\/cantodasaguas.beeweb.net.br\/?page_id=887"},"modified":"2026-04-27T10:24:34","modified_gmt":"2026-04-27T13:24:34","slug":"%e9%9a%90%e7%a7%81%e6%94%bf%e7%ad%96","status":"publish","type":"page","link":"https:\/\/lencois.com.br\/zh\/politica-de-privacidade\/","title":{"rendered":"\u9690\u79c1\u653f\u7b56"},"content":{"rendered":"<div data-elementor-type=\"wp-page\" data-elementor-id=\"887\" class=\"elementor elementor-887\" data-elementor-post-type=\"page\">\n\t\t\t\t\t\t<section class=\"elementor-section elementor-top-section elementor-element elementor-element-c3b81bc elementor-section-boxed elementor-section-height-default elementor-section-height-default\" data-id=\"c3b81bc\" data-element_type=\"section\" data-e-type=\"section\">\n\t\t\t\t\t\t<div class=\"elementor-container elementor-column-gap-default\">\n\t\t\t\t\t<div class=\"elementor-column elementor-col-100 elementor-top-column elementor-element elementor-element-db4dcdc\" data-id=\"db4dcdc\" data-element_type=\"column\" data-e-type=\"column\">\n\t\t\t<div class=\"elementor-widget-wrap elementor-element-populated\">\n\t\t\t\t\t\t<div class=\"elementor-element elementor-element-aadaaa1 elementor-widget elementor-widget-text-editor\" data-id=\"aadaaa1\" data-element_type=\"widget\" data-e-type=\"widget\" data-widget_type=\"text-editor.default\">\n\t\t\t\t<div class=\"elementor-widget-container\">\n\t\t\t\t\t\t\t\t\t<p>\u9690\u79c1\u653f\u7b56\u548c\u4e2a\u4eba\u6570\u636e\u4fdd\u62a4<\/p><p>\u5728\u63d0\u4f9b\u60a8\u7684 \u201c\u4e2a\u4eba\u4fe1\u606f\u201d\uff08\u5373\u4ee5\u4efb\u4f55\u5f62\u5f0f\u6536\u96c6\u548c\u8bb0\u5f55\u7684\u53ef\u76f4\u63a5\uff08\u5982\u59d3\u540d\uff09\u6216\u95f4\u63a5\uff08\u5982\u7535\u8bdd\u53f7\u7801\uff09\u8bc6\u522b\u60a8\u4e2a\u4eba\u8eab\u4efd\u7684\u4efb\u4f55\u4fe1\u606f\uff09\u4e4b\u524d\uff0c\u8bf7\u4ed4\u7ec6\u9605\u8bfb\u8fd9\u4e9b\u9152\u5e97\u5ba2\u4eba\u9690\u79c1\u653f\u7b56\u3002.<\/p><p>\u9152\u5e97\u7684\u5ba2\u4eba\u9690\u79c1\u653f\u7b56\u662f\u9152\u5e97\u670d\u52a1\u6761\u6b3e\u548c\u6761\u4ef6\u7684\u4e00\u90e8\u5206\u3002\u63a5\u53d7\u8fd9\u4e9b\u6761\u6b3e\u548c\u6761\u4ef6\u5373\u8868\u793a\u60a8\u660e\u786e\u63a5\u53d7\u9152\u5e97\u7684\u5ba2\u4eba\u9690\u79c1\u653f\u7b56\u3002.<\/p><p>\u9152\u5e97\u7684\u5ba2\u4eba\u9690\u79c1\u653f\u7b56\u9002\u7528\u4e8e\uff1a<\/p><p>a.\u9152\u5e97\u8fdb\u884c\u7684\u6240\u6709\u6570\u636e\u5904\u7406\u3002.<\/p><p>b.\u8fd9\u5bb6\u9152\u5e97\u7684\u6574\u4e2a\u7f51\u7ad9\u3001\u767b\u9646\u9875\u9762\u3001\u9884\u8ba2\u5f15\u64ce\u751a\u81f3\u793e\u4ea4\u7f51\u7edc\u3002.<\/p><p>1.\u6839\u636e\u5173\u4e8e\u4e2a\u4eba\u6570\u636e\u4fdd\u62a4\u548c\u5904\u7406\u7684\u7b2c 13709\/2018 \u53f7\u6cd5\u5f8b\uff0c\u9152\u5e97\u544a\u77e5\u5176\u7f51\u9875\u7528\u6237\uff0c\u901a\u8fc7\u76f8\u5e94\u8868\u683c\u6216\u6536\u5230\u7684\u7535\u5b50\u90ae\u4ef6\u63d0\u4f9b\u7684\u6570\u636e\u88ab\u89c6\u4e3a\u4e2a\u4eba\u6570\u636e\uff0c\u9664\u975e\u53e6\u6709\u8bf4\u660e\uff0c\u5426\u5219\u8fd9\u4e9b\u6570\u636e\u7684\u63d0\u4f9b\u5b8c\u5168\u51fa\u4e8e\u81ea\u613f\uff0c\u4e14\u4e0d\u4f1a\u5bfc\u81f4\u6240\u63d0\u4f9b\u670d\u52a1\u7684\u8d28\u91cf\u4e0b\u964d\u3002.<\/p><p>\u4e2a\u4eba\u8d44\u6599<\/p><p>\u4f5c\u4e3a\u9152\u5e97\u4f4f\u5ba2\uff0c\u60a8\u4f1a\u5728\u4e0d\u540c\u65f6\u5019\u88ab\u8981\u6c42\u63d0\u4f9b\u60a8\u548c\u60a8\u540c\u4f34\u7684\u4e2a\u4eba\u4fe1\u606f\uff0c\u4f8b\u5982<\/p><p>\u8054\u7cfb\u4fe1\u606f\uff0c\u5982\u59d3\u540d\u3001\u7535\u8bdd\u53f7\u7801\u3001\u7535\u5b50\u90ae\u4ef6\u5730\u5740\u3001\u90ae\u7f16\u7b49\uff1b;<br \/>\u5176\u4ed6\u4e2a\u4eba\u4fe1\u606f\uff1a\u51fa\u751f\u65e5\u671f\u3001\u56fd\u7c4d\uff1b;<br \/>\u5b50\u5973\u4fe1\u606f\uff1a\u59d3\u540d\u3001\u51fa\u751f\u65e5\u671f\u548c\u5e74\u9f84\uff1b;<br \/>\u4fe1\u7528\u5361\u4fe1\u606f\uff08\u4ec5\u7528\u4e8e\u4ea4\u6613\u7cfb\u7edf\uff09<br \/>\u5fe0\u8bda\u8ba1\u5212\u4f1a\u5458\u5361\u53f7\u7801\uff1b;<br \/>\u62b5\u8fbe\u548c\u79bb\u5f00\/\u8bbf\u95ee\u6211\u4eec\u9152\u5e97\u7684\u65e5\u671f\uff1b;<br \/>\u559c\u597d\u548c\u5174\u8da3\uff0c\u5982\u5438\u70df\u6216\u4e0d\u5438\u70df\u623f\u95f4\u3001\u559c\u6b22\u7684\u623f\u95f4\u4f4d\u7f6e\uff08\u4f4e\u697c\u5c42\u3001\u9ad8\u697c\u5c42\u7b49\uff09\u3001\u5e8a\u7684\u7c7b\u578b\u3001\u559c\u6b22\u7684\u62a5\u7eb8\u3001\u6587\u5316\u548c\u4f53\u80b2\u5174\u8da3\uff1b;<br \/>\u60a8\u5728\u4e0b\u69bb\u672c\u9152\u5e97\u671f\u95f4\u6216\u4e4b\u540e\u53ef\u80fd\u63d0\u51fa\u7684\u4efb\u4f55\u95ee\u9898\u6216\u610f\u89c1\u3002.<\/p><p>\u6b64\u5916\uff0c\u6839\u636e\u9002\u7528\u6cd5\u5f8b\uff0c\u9664\u4e0a\u8ff0\u6570\u636e\u4ee5\u5916\u7684\u5176\u4ed6\u6570\u636e\u4e5f\u53ef\u80fd\u88ab\u89c6\u4e3a\u4fdd\u5bc6\u6570\u636e\uff1a\u4fe1\u7528\u5361\u53f7\u3001\u4f11\u95f2\u4e60\u60ef\u3001\u7231\u597d\u548c\u4e2a\u4eba\u6d3b\u52a8\u3001\u6587\u5316\u4e60\u60ef\u3001\u662f\u5426\u5438\u70df\u7b49\u3002\u4f46\u662f\uff0c\u4e3a\u4e86\u6ee1\u8db3\u60a8\u7684\u8981\u6c42\u6216\u4e3a\u60a8\u63d0\u4f9b\u7279\u6b8a\u670d\u52a1\uff0c\u5982\u7279\u6b8a\u996e\u98df\u6216\u6b8b\u75be\u4eba\u901a\u9053\u8d44\u6e90\uff0c\u53ef\u80fd\u6709\u5fc5\u8981\u6536\u96c6\u8fd9\u4e9b\u88ab\u89c6\u4e3a\u673a\u5bc6\u7684\u6570\u636e\u3002.<\/p><p>\u5728\u8fd9\u79cd\u60c5\u51b5\u4e0b\uff0c\u5982\u679c\u9002\u7528\u6cd5\u5f8b\u8981\u6c42\uff0c\u6211\u4eec\u4f1a\u8981\u6c42\u60a8\u660e\u786e\u540c\u610f\u6211\u4eec\u6536\u96c6\u548c\u5904\u7406\u8fd9\u4e9b\u673a\u5bc6\u4fe1\u606f\u3002.<\/p><p>2.\u8fd9\u4e9b\u6570\u636e\u5c06\u4f9d\u6cd5\u7eb3\u5165\u9152\u5e97\u8d1f\u8d23\u7684\u81ea\u52a8\u6570\u636e\u5e93\u3002 .<\/p><p>\u5728\u67d0\u4e9b\u60c5\u51b5\u4e0b\u53ef\u80fd\u4f1a\u6536\u96c6\u4e2a\u4eba\u4fe1\u606f\uff0c\u5305\u62ec\u4f46\u4e0d\u9650\u4e8e\u4ee5\u4e0b\u60c5\u51b5\uff1a<\/p><p>a.\u4e0e\u63a5\u5f85\u6709\u5173\u7684\u6d3b\u52a8\uff0c\u5982<\/p><p>\u9884\u8ba2\u9152\u5e97\u623f\u95f4\uff1b;<br \/>\u5165\u4f4f\u548c\u9000\u623f\uff1b;<br \/>\u5165\u4f4f\u9152\u5e97\u671f\u95f4\u7684\u6d88\u8d39\uff0c\u53ef\u901a\u8fc7\u67e5\u770b\u623f\u4ef7\u8ba1\u7b97\u5f97\u51fa\uff1b;<br \/>\u6295\u8bc9\u3001\u8bf7\u6c42\u548c\/\u6216\u8ba8\u8bba\u3002.<br \/>b.\u53c2\u4e0e\u5546\u4e1a\u8ba1\u5212\uff1a<\/p><p>\u6ce8\u518c\u9152\u5e97\u5fe0\u8bda\u8ba1\u5212\uff1b;<br \/>\u5bbe\u5ba2\u8bc4\u5206\u548c\/\u6216\u8bc4\u8bba\uff08\u5982 \u201c\u5bbe\u5ba2\u6ee1\u610f\u5ea6\u8bc4\u5206\u201d\u3001\u201c\u8054\u7cfb\u6211\u4eec\u201d\u3001\u201c\u5bbe\u5ba2\u8bc4\u8bba\u201d\uff09\uff1b;<br \/>\u7ade\u8d5b\uff1b;<br \/>\u8ba2\u9605\u65b0\u95fb\u7b80\u62a5\uff0c\u901a\u8fc7\u7535\u5b50\u90ae\u4ef6\u63a5\u6536\u4f18\u60e0\u6216\u4fc3\u9500\u4fe1\u606f\u3002.<br \/>c.\u4f5c\u4e3a\u670d\u52a1\u63d0\u4f9b\u5546\u7684\u7b2c\u4e09\u65b9\u63d0\u4f9b\u7684\u4fe1\u606f\uff1a<\/p><p>\u65c5\u6e38\u4ee3\u7406\u3001\u65c5\u884c\u793e\u3001GDS \u9884\u8ba2\u7cfb\u7edf\u7b49...<br \/>d.\u4e92\u8054\u7f51\u6d3b\u52a8\uff1a<\/p><p>\u4e0e\u9152\u5e97\u7f51\u7ad9\u7684\u8fde\u63a5\uff08IP \u5730\u5740\u3001\u4f1a\u8bdd cookie\uff09\uff1b;<br \/>\u586b\u5199\u5728\u7ebf\u6536\u96c6\u8868\u683c\uff08\u5982\u5728\u7ebf\u9884\u8ba2\u3001\u95ee\u5377\u8c03\u67e5\u7b49\uff09<\/p><p>3.\u7528\u6237\u540c\u610f\u5e76\u8ba4\u4e3a\u81ea\u5df1\u5df2\u88ab\u544a\u77e5\u5c06\u901a\u8fc7\u81ea\u52a8\u7cfb\u7edf\u5904\u7406\u548c\u4f7f\u7528\u5176\u6570\u636e\uff0c\u4ee5\u4fbf\u80fd\u591f\u5bf9\u5176\u4fe1\u606f\u8bf7\u6c42\u505a\u51fa\u56de\u5e94\uff0c\u7ba1\u7406\u53d1\u9001\u7684\u97f3\u50cf\u548c\u56fe\u7247\u8d44\u6599\u7684\u4f20\u64ad\uff0c\u5e76\u5728\u9002\u7528\u7684\u60c5\u51b5\u4e0b\u7ba1\u7406\u73b0\u6709\u7684\u5408\u540c\u5173\u7cfb\uff0c\u4ee5\u53ca\u4f7f\u5176\u4e86\u89e3\u4ea7\u54c1\u3001\u670d\u52a1\u548c\u65e5\u7a0b\u5b89\u6392\u4ee5\u53ca\u9152\u5e97\u7684\u6240\u6709\u6d3b\u52a8\u3002.<\/p><p>\u6211\u4eec\u52aa\u529b\u4e3a\u60a8\u63d0\u4f9b\u6700\u4f18\u8d28\u7684\u670d\u52a1\u3002\u6211\u4eec\u5c06\u628a\u60a8\u7684\u4e2a\u4eba\u4fe1\u606f\u7528\u4e8e\u4ee5\u4e0b\u76ee\u7684\uff1a<\/p><p>a.\u7ba1\u7406\u9884\u8ba2\uff1a<\/p><p>\u9884\u8ba2\u6240\u9700\u7684\u4f4f\u5bbf\uff1b;<br \/>\u5efa\u7acb\u548c\u7ef4\u62a4\u4e1a\u52a1\u8bb0\u5f55\uff0c\u6ee1\u8db3\u8d22\u52a1\u8981\u6c42\uff1b;<br \/>\u6267\u884c\u5185\u90e8\u884c\u653f\u7a0b\u5e8f\uff0c\u5305\u62ec\u7ba1\u7406\u4e0d\u53d7\u6b22\u8fce\u5ba2\u4eba\u7684\u540d\u5355\uff0c\u4ee5\u53ca\u5728\u4e0d\u652f\u4ed8\u623f\u8d39\u3001\u884c\u4e3a\u4e0d\u5f53\u7b49\u60c5\u51b5\u4e0b\u5982\u4f55\u5904\u7406\u3002.<br \/>b.\u7ba1\u7406\u60a8\u5728\u9152\u5e97\u7684\u4f4f\u5bbf\uff1a<\/p><p>\u63a7\u5236\u6d88\u8d39\uff08\u7535\u8bdd\u3001\u9152\u5427\u3001\u7f51\u7edc\u3001\u4ed8\u8d39\u7535\u89c6......\uff09\uff1b;<br \/>\u901a\u9053\u623f\u95f4\u3002.<br \/>c.\u6539\u5584\u63a5\u5f85\u5de5\u4f5c\uff0c\u5305\u62ec<\/p><p>\u5728\u5ba2\u6237\u5173\u7cfb\u7ba1\u7406\u8ba1\u5212\u4e2d\u5904\u7406\u60a8\u7684\u4e2a\u4eba\u4fe1\u606f\uff1b;<br \/>\u66f4\u597d\u5730\u4e86\u89e3\u60a8\u7684\u9700\u6c42\u548c\u8981\u6c42\uff1b;<br \/>\u4e2a\u6027\u5316\u4ea7\u54c1\u548c\u670d\u52a1\uff0c\u4ee5\u66f4\u597d\u5730\u6ee1\u8db3\u60a8\u7684\u559c\u597d\u3002.<br \/>d.\u5411\u60a8\u53d1\u9001\u65f6\u4e8b\u901a\u8baf\u3001\u4fc3\u9500\u548c\u5546\u4e1a\u8d44\u6599\uff0c\u6216\u5c31\u65c5\u6e38\u3001\u63a5\u5f85\u548c\u670d\u52a1\u3001\u9152\u5e97\u4fc3\u9500\u6216\u6211\u4eec\u7684\u5408\u4f5c\u4f19\u4f34\u4e0e\u60a8\u8054\u7cfb\u3002\u60a8\u53ef\u4ee5\u70b9\u51fb\u6211\u4eec\u90ae\u4ef6\u4e2d\u7684\u94fe\u63a5\uff0c\u53d6\u6d88\u8ba2\u9605\u6211\u4eec\u7684\u7535\u5b50\u90ae\u4ef6\u901a\u8baf\u3002.<\/p><p>e.\u6539\u5584\u9152\u5e97\u670d\u52a1\uff0c\u5305\u62ec<\/p><p>\u5f00\u5c55\u8c03\u67e5\u5e76\u5206\u6790\u5bbe\u5ba2\u95ee\u5377\u3001\u610f\u89c1\u548c\u65e5\u5e38\u6d3b\u52a8<br \/>\u5904\u7406\u5ba2\u4eba\u6295\u8bc9\u3002.<br \/>\u8ba9\u60a8\u4eab\u53d7\u6211\u4eec\u7684\u5fe0\u8bda\u8ba1\u5212<br \/>f.\u6539\u8fdb\u6211\u4eec\u7f51\u7ad9\u7684\u4f7f\u7528\u5e76\u63d0\u9ad8\u5176\u5b89\u5168\u6027\uff0c\u5305\u62ec<\/p><p>\u6539\u8fdb\u7f51\u7ad9\u5bfc\u822a e\uff1b;<br \/>\u5b9e\u65bd\u5b89\u5168\u548c\u9632\u6b3a\u8bc8\u63aa\u65bd\u3002.<br \/>g.\u9075\u5b88\u5f53\u5730\u6cd5\u89c4\uff08\u5982\u4fdd\u7559\u4e1a\u52a1\u6216\u4f1a\u8ba1\u6587\u4ef6\uff09\u3002.<\/p><p>4.\u5728\u4efb\u4f55\u60c5\u51b5\u4e0b\uff0c\u7528\u6237\u4fdd\u8bc1\u5e76\u8d1f\u8d23\u6240\u63d0\u4f9b\u4e2a\u4eba\u8d44\u6599\u7684\u771f\u5b9e\u6027\u3001\u51c6\u786e\u6027\u3001\u6709\u6548\u6027\u548c\u771f\u5b9e\u6027\uff0c\u5e76\u627f\u8bfa\u53ca\u65f6\u66f4\u65b0\u3002.<\/p><p>\u6b64\u5916\uff0c\u5982\u679c\u60a8\u5411\u6211\u4eec\u63d0\u4f9b\u5c5e\u4e8e\u7b2c\u4e09\u65b9\u7684\u4e2a\u4eba\u6570\u636e\uff0c\u60a8\u5fc5\u987b\u83b7\u5f97\u6b63\u5f0f\u6388\u6743\uff0c\u5e76\u4e14\u5fc5\u987b\u660e\u786e\u544a\u77e5\u4e0a\u8ff0\u6570\u636e\u7684\u6240\u6709\u8005\u6b64\u5904\u5305\u542b\u7684\u6743\u5229\u548c\/\u6216\u4e49\u52a1\uff0c\u627f\u8ba4\u4e0a\u8ff0\u6570\u636e\u7684\u771f\u5b9e\u6027\u3001\u51c6\u786e\u6027\u3001\u6709\u6548\u6027\u3001\u66f4\u65b0\u6027\u548c\u771f\u5b9e\u6027\u3002.<\/p><p>5.\u7528\u6237\u8fd8\u88ab\u544a\u77e5\u53ef\u4ee5\u884c\u4f7f\u73b0\u884c\u6cd5\u5f8b\u8d4b\u4e88\u4ed6\u4eec\u7684\u6743\u5229\uff0c\u5373\u77e5\u60c5\u6743\u3001\u8bbf\u95ee\u6743\u3001\u66f4\u6b63\u6743\u3001\u5220\u9664\u6743\u548c\u53cd\u5bf9\u6743\u3002.<\/p><p>6.\u9152\u5e97\u4e0d\u4f1a\u6709\u610f\u6536\u96c6 18 \u5c81\u4ee5\u4e0b\u513f\u7ae5\u7684\u4e2a\u4eba\u4fe1\u606f\uff0c\u4f46\u7531\u6210\u4eba\u4ee3\u8868\u513f\u7ae5\u76f4\u63a5\u63d0\u4f9b\u6216\u7ecf\u6210\u4eba\u8bb8\u53ef\u63d0\u4f9b\u7684\u59d3\u540d\u3001\u51fa\u751f\u65e5\u671f\u548c\u56fd\u7c4d\u9664\u5916\u3002\u8bf7\u786e\u4fdd\u60a8\u7684\u5b69\u5b50\u4e0d\u4f1a\u5728\u672a\u7ecf\u60a8\u540c\u610f\u7684\u60c5\u51b5\u4e0b\u5411\u6211\u4eec\u63d0\u4f9b\u4e2a\u4eba\u4fe1\u606f\uff0c\u4f8b\u5982\u5728\u7f51\u4e0a\u3002\u5982\u679c\u60a8\u8ba4\u4e3a\u60a8\u7684\u5b69\u5b50\u5411\u6211\u4eec\u53d1\u9001\u4e86\u4e2a\u4eba\u4fe1\u606f\uff0c\u8bf7\u8054\u7cfb\u6211\u4eec\u4ee5\u4fbf\u6211\u4eec\u5220\u9664\u3002.<\/p><p>7.\u9152\u5e97\u4fdd\u8bc1\u5df2\u5728\u5176\u8bbe\u65bd\u3001\u7cfb\u7edf\u548c\u6587\u4ef6\u4e2d\u91c7\u53d6\u4e86\u5fc5\u8981\u7684\u6cd5\u5f8b\u89c4\u5b9a\u7684\u5b89\u5168\u63aa\u65bd\uff0c\u4ee5\u786e\u4fdd\u5305\u542b\u4e2a\u4eba\u6570\u636e\u7684\u6587\u4ef6\u7684\u5b89\u5168\uff0c\u9632\u6b62\u5176\u4e22\u5931\u3001\u6ee5\u7528\u3001\u7be1\u6539\u3001\u672a\u7ecf\u6388\u6743\u7684\u8bbf\u95ee\u548c\u76d7\u7a83\u3002.<\/p><p>8.\u7136\u800c\uff0c\u5728\u4e0d\u5f71\u54cd\u4e0a\u8ff0\u89c4\u5b9a\u7684\u524d\u63d0\u4e0b\uff0c\u7528\u6237\u5e94\u610f\u8bc6\u5230\u7535\u5b50\u901a\u4fe1\u5b89\u5168\u5e76\u975e\u65e0\u61c8\u53ef\u51fb\u3002.<\/p><p>9.\u5c3d\u7ba1\u5982\u6b64\uff0c\u9152\u5e97\u4ecd\u4f1a\u6839\u636e\u9002\u7528\u6cd5\u5f8b\u89c4\u5b9a\u7684\u8981\u6c42\uff0c\u5411\u4e3b\u7ba1\u516c\u5171\u673a\u6784\u62ab\u9732\u5176\u638c\u63e1\u7684\u6216\u53ef\u901a\u8fc7\u5176\u7cfb\u7edf\u83b7\u53d6\u7684\u4e2a\u4eba\u8d44\u6599\u548c\u4efb\u4f55\u5176\u4ed6\u4fe1\u606f\u3002.<\/p><p>10.\u7528\u6237\u660e\u786e\u540c\u610f\uff0c\u4ed6\u4eec\u7684\u6570\u636e\u53ef\u80fd\u4f1a\u56e0\u7b2c\u4e00\u6bb5\u6240\u8ff0\u76ee\u7684\u800c\u88ab\u4f20\u8f93\uff0c\u6216\u88ab\u4f20\u8f93\u7ed9\u4e0e\u9152\u5e97\u7b7e\u8ba2\u5408\u4f5c\u534f\u8bae\u7684\u5176\u4ed6\u65b9\u548c\/\u6216\u63d0\u4f9b\u65b9\u3002.<\/p><p>11.\u4e0d\u8fc7\uff0c\u60a8\u6709\u6743\u8bbf\u95ee\u3001\u66f4\u6539\u6216\u5220\u9664\u60a8\u7684\u4e2a\u4eba\u4fe1\u606f\u3002\u5982\u679c\u60a8\u6709\u6b63\u5f53\u7406\u7531\uff0c\u4e5f\u53ef\u4ee5\u6839\u636e\u9152\u5e97\u7684\u5ba2\u4eba\u9690\u79c1\u653f\u7b56\u62d2\u7edd\u5904\u7406\u60a8\u7684\u4e2a\u4eba\u4fe1\u606f\u3002\u4f46\u662f\uff0c\u8bf7\u6ce8\u610f\uff0c\u5982\u679c\u60a8\u8fd9\u6837\u505a\uff0c\u5728\u67d0\u4e9b\u60c5\u51b5\u4e0b\uff0c\u6211\u4eec\u6709\u53ef\u80fd\u65e0\u6cd5\u63d0\u4f9b\u6240\u8981\u6c42\u7684\u670d\u52a1\uff0c\u800c\u60a8\u53c8\u4e0d\u5e0c\u671b\u8fdb\u884c\u8fd9\u79cd\u5904\u7406\uff0c\u60a8\u53ef\u4ee5\u5c06\u60a8\u7684\u610f\u613f\u544a\u77e5\u6211\u4eec\u7684\u5b9e\u9645\u5730\u5740\uff0c\u76f4\u5230\u60a8\u5c06\u6b64\u610f\u613f\u544a\u77e5\u9152\u5e97\u65f6\uff0c\u60a8\u624d\u7406\u89e3\u4e3a\u5df2\u83b7\u5f97\u540c\u610f\u3002.<\/p><p>12.\u5982\u4e0b\u6240\u793a\uff0c\u8fd9\u4e9b\u9152\u5e97\u5ba2\u4eba\u9690\u79c1\u653f\u7b56\u53ef\u80fd\u4f1a\u4e0d\u65f6\u66f4\u65b0\u3002\u56e0\u6b64\uff0c\u8bf7\u60a8\u5b9a\u671f\u9605\u8bfb\u9690\u79c1\u653f\u7b56\uff0c\u5e76\u5728\u9884\u8ba2\u6211\u4eec\u7684\u9152\u5e97\u65f6\u9605\u8bfb\u3002.<\/p><p>13.\u5982\u679c\u60a8\u5bf9\u9152\u5e97\u7684\u5bbe\u5ba2\u9690\u79c1\u653f\u7b56\u6216\u6211\u4eec\u5982\u4f55\u5904\u7406\u60a8\u7684\u4e2a\u4eba\u4fe1\u606f\u6709\u4efb\u4f55\u7591\u95ee\uff0c\u8bf7\u6309\u7167\u4e0a\u6587\u7b2c 11 \u8282\u4e2d\u7684\u8bf4\u660e\u8054\u7cfb\u6211\u4eec\u3002.<\/p>\t\t\t\t\t\t\t\t<\/div>\n\t\t\t\t<\/div>\n\t\t\t\t\t<\/div>\n\t\t<\/div>\n\t\t\t\t\t<\/div>\n\t\t<\/section>\n\t\t\t\t<\/div>","protected":false},"excerpt":{"rendered":"<p>Pol\u00edtica de privacidade e prote\u00e7\u00e3o de dados pessoais Leia atentamente estas pol\u00edticas de privacidade dos h\u00f3spedes do hotel antes de fornecer suas \u201cInforma\u00e7\u00f5es pessoais\u201d, isto \u00e9, quaisquer informa\u00e7\u00f5es coletadas e registradas em qualquer formato que identifique Voc\u00ea pessoalmente, seja direta (por ex.: nome) ou indiretamente (por ex.: n\u00famero de telefone). As pol\u00edticas de privacidade dos [&hellip;]<\/p>\n","protected":false},"author":1,"featured_media":624,"parent":0,"menu_order":1,"comment_status":"closed","ping_status":"closed","template":"","meta":{"footnotes":""},"class_list":["post-887","page","type-page","status-publish","has-post-thumbnail","hentry"],"_links":{"self":[{"href":"https:\/\/lencois.com.br\/zh\/wp-json\/wp\/v2\/pages\/887","targetHints":{"allow":["GET"]}}],"collection":[{"href":"https:\/\/lencois.com.br\/zh\/wp-json\/wp\/v2\/pages"}],"about":[{"href":"https:\/\/lencois.com.br\/zh\/wp-json\/wp\/v2\/types\/page"}],"author":[{"embeddable":true,"href":"https:\/\/lencois.com.br\/zh\/wp-json\/wp\/v2\/users\/1"}],"replies":[{"embeddable":true,"href":"https:\/\/lencois.com.br\/zh\/wp-json\/wp\/v2\/comments?post=887"}],"version-history":[{"count":4,"href":"https:\/\/lencois.com.br\/zh\/wp-json\/wp\/v2\/pages\/887\/revisions"}],"predecessor-version":[{"id":4770,"href":"https:\/\/lencois.com.br\/zh\/wp-json\/wp\/v2\/pages\/887\/revisions\/4770"}],"wp:featuredmedia":[{"embeddable":true,"href":"https:\/\/lencois.com.br\/zh\/wp-json\/wp\/v2\/media\/624"}],"wp:attachment":[{"href":"https:\/\/lencois.com.br\/zh\/wp-json\/wp\/v2\/media?parent=887"}],"curies":[{"name":"wp","href":"https:\/\/api.w.org\/{rel}","templated":true}]}}